{"id":2595,"date":"2023-08-22T12:31:05","date_gmt":"2023-08-22T12:31:05","guid":{"rendered":"https:\/\/www.wingtaitape.com\/?post_type=product&#038;p=2595"},"modified":"2023-12-10T22:10:55","modified_gmt":"2023-12-10T14:10:55","slug":"cinta-de-embalar-biodegradable","status":"publish","type":"product","link":"https:\/\/www.wingtaitape.com\/es\/producto\/cinta-de-embalar-biodegradable\/","title":{"rendered":"Cinta de embalaje biodegradable"},"content":{"rendered":"<p><iframe title=\"Reproductor de v\u00eddeo YouTube\" src=\"https:\/\/www.youtube.com\/embed\/9PZQcD-7VMI?si=EVeVm8lzmdz6YKfl\" width=\"560\" height=\"315\" frameborder=\"0\" allowfullscreen=\"allowfullscreen\"><\/iframe><\/p>\n<h4><span style=\"font-family: 'Open Sans';\">Caracter\u00edsticas principales<\/span><\/h4>\n<ul>\n<li>Cumple la directiva RoHS y REACH;<\/li>\n<li>Comienza a degradarse r\u00e1pidamente despu\u00e9s de 2 meses de vertido, la tasa de biodegradabilidad puede alcanzar 95% despu\u00e9s de 6 meses, los productos finales de degradaci\u00f3n son agua y di\u00f3xido de carbono;<\/li>\n<li>F\u00e1cil de liberar, fuerte resistencia a la tracci\u00f3n, satisface los requisitos comunes de sellado de cart\u00f3n.<\/li>\n<\/ul>\n<h4><span style=\"font-family: 'Open Sans';\">Aplicaci\u00f3n<\/span><\/h4>\n<ul>\n<li>La cinta de embalar biodegradable se utiliza como alternativa ecol\u00f3gica a la cinta de embalar tradicional para asegurar paquetes y cajas durante el env\u00edo y el almacenamiento.<\/li>\n<\/ul>","protected":false},"excerpt":{"rendered":"<ul>\n<li>Biodegradable: &gt;96% de tasa de biodegradaci\u00f3n relativa en 180 d\u00edas.<\/li>\n<li>F\u00e1cil de rasgar a mano: fuerte tensi\u00f3n longitudinal y f\u00e1cil de rasgar horizontalmente.<\/li>\n<li>Bajo nivel de ruido: fabricado con materiales profesionales y mediante un proceso especial para reducir el ruido.<\/li>\n<\/ul>","protected":false},"featured_media":3170,"template":"","meta":{"slim_seo":{"title":"Cinta de embalaje biodegradable - Cinta adhesiva Fabricante, surtidor, exportador | WINGTAI","description":"Biodegradable: &gt;96% tasa de biodegradaci\u00f3n relativa en 180 days.Easy rasgar con la mano: fuerte tensi\u00f3n longitudinal y es f\u00e1cil de rasgar horizontally.Low ruido: hecho de materiales profesionales y a trav\u00e9s de un proceso especial con el fin de reducir el ruido."}},"product_brand":[],"product_cat":[52],"product_tag":[36],"class_list":{"0":"post-2595","1":"product","2":"type-product","3":"status-publish","4":"has-post-thumbnail","6":"product_cat-packaging-tapes","7":"product_tag-eco-friendly","9":"first","10":"instock","11":"featured","12":"shipping-taxable","13":"product-type-simple"},"_links":{"self":[{"href":"https:\/\/www.wingtaitape.com\/es\/wp-json\/wp\/v2\/product\/2595","targetHints":{"allow":["GET"]}}],"collection":[{"href":"https:\/\/www.wingtaitape.com\/es\/wp-json\/wp\/v2\/product"}],"about":[{"href":"https:\/\/www.wingtaitape.com\/es\/wp-json\/wp\/v2\/types\/product"}],"wp:featuredmedia":[{"embeddable":true,"href":"https:\/\/www.wingtaitape.com\/es\/wp-json\/wp\/v2\/media\/3170"}],"wp:attachment":[{"href":"https:\/\/www.wingtaitape.com\/es\/wp-json\/wp\/v2\/media?parent=2595"}],"wp:term":[{"taxonomy":"product_brand","embeddable":true,"href":"https:\/\/www.wingtaitape.com\/es\/wp-json\/wp\/v2\/product_brand?post=2595"},{"taxonomy":"product_cat","embeddable":true,"href":"https:\/\/www.wingtaitape.com\/es\/wp-json\/wp\/v2\/product_cat?post=2595"},{"taxonomy":"product_tag","embeddable":true,"href":"https:\/\/www.wingtaitape.com\/es\/wp-json\/wp\/v2\/product_tag?post=2595"}],"curies":[{"name":"wp","href":"https:\/\/api.w.org\/{rel}","templated":true}]}}