{"id":2597,"date":"2023-08-22T12:47:14","date_gmt":"2023-08-22T12:47:14","guid":{"rendered":"https:\/\/www.wingtaitape.com\/?post_type=product&#038;p=2597"},"modified":"2024-11-27T16:05:39","modified_gmt":"2024-11-27T08:05:39","slug":"cinta-de-papel-kraft-escribible-sin-plastico-kt5030","status":"publish","type":"product","link":"https:\/\/www.wingtaitape.com\/es\/producto\/cinta-de-papel-kraft-escribible-sin-plastico-kt5030\/","title":{"rendered":"Cinta de papel kraft escribible sin pl\u00e1stico KT5030"},"content":{"rendered":"<h3>Caracter\u00edstica principal<\/h3>\n<ul>\n<li>\n<div>Cinta de papel kraft multiusos - Esta vers\u00e1til cinta de enmascarar kraft tiene una gran resistencia a la tracci\u00f3n, lo que significa que se puede utilizar para sellar cart\u00f3n y embalajes resistentes para mudanzas, env\u00edos o almacenamiento interior a largo plazo.<\/div>\n<\/li>\n<li>\n<div>Superficie de escritura sin revestimiento - Ideal para etiquetar cajas o para mantenerse m\u00e1s organizado durante una mudanza, nuestra cinta de sellado de cart\u00f3n proporciona una superficie de escritura limpiadora para l\u00e1pices, bol\u00edgrafos, rotuladores de base acuosa, rotuladores aceitosos y mucho m\u00e1s.<\/div>\n<\/li>\n<li>\n<div>Soporte adhesivo fuerte - Nuestro material ecol\u00f3gico est\u00e1 fabricado con papel kraft 100% y cola termofusible que lo hace m\u00e1s fuerte, duradero y capaz de crear un sello s\u00f3lido para garantizar una sujeci\u00f3n duradera.<\/div>\n<\/li>\n<li>\n<div>Rollo largo y f\u00e1cil de usar: compatible con los dispensadores de cinta normales. Basta con rasgarla suavemente por el borde para crear la longitud perfecta.<\/div>\n<\/li>\n<li>\n<div>Respetuoso con el medio ambiente y reciclable: m\u00e1s seguro para el embalaje diario, las manualidades, el sellado de cajas y otros proyectos.<\/div>\n<\/li>\n<\/ul>\n<p>&nbsp;<\/p>","protected":false},"excerpt":{"rendered":"<p>Superficie escribible no recubierta para enmascarar, sellar y embalar, respetuosa con el medio ambiente y reciclable, f\u00e1cil de rasgar.<\/p>","protected":false},"featured_media":3326,"template":"","meta":{"slim_seo":{"title":"Cinta adhesiva de papel kraft sin pl\u00e1stico KT5030 - Cinta adhesiva Fabricante, surtidor, exportador | WINGTAI","description":"Caracter\u00edstica clave Cinta de papel kraft multiusos - Esta vers\u00e1til cinta de enmascarar kraft tiene una gran resistencia a la tracci\u00f3n, lo que significa que puede utilizarse para sellar cart\u00f3n y embalajes resistentes para mudanzas, env\u00edos o almacenamiento interior a largo plazo. Superficie sin revestimiento que permite escribir - Ideal para etiquetar cajas o mantenerse m\u00e1s organizado durante una mudanza..."}},"product_brand":[],"product_cat":[46],"product_tag":[36],"class_list":{"0":"post-2597","1":"product","2":"type-product","3":"status-publish","4":"has-post-thumbnail","6":"product_cat-kraft-tapes","7":"product_tag-eco-friendly","9":"first","10":"instock","11":"featured","12":"shipping-taxable","13":"product-type-simple"},"_links":{"self":[{"href":"https:\/\/www.wingtaitape.com\/es\/wp-json\/wp\/v2\/product\/2597","targetHints":{"allow":["GET"]}}],"collection":[{"href":"https:\/\/www.wingtaitape.com\/es\/wp-json\/wp\/v2\/product"}],"about":[{"href":"https:\/\/www.wingtaitape.com\/es\/wp-json\/wp\/v2\/types\/product"}],"wp:featuredmedia":[{"embeddable":true,"href":"https:\/\/www.wingtaitape.com\/es\/wp-json\/wp\/v2\/media\/3326"}],"wp:attachment":[{"href":"https:\/\/www.wingtaitape.com\/es\/wp-json\/wp\/v2\/media?parent=2597"}],"wp:term":[{"taxonomy":"product_brand","embeddable":true,"href":"https:\/\/www.wingtaitape.com\/es\/wp-json\/wp\/v2\/product_brand?post=2597"},{"taxonomy":"product_cat","embeddable":true,"href":"https:\/\/www.wingtaitape.com\/es\/wp-json\/wp\/v2\/product_cat?post=2597"},{"taxonomy":"product_tag","embeddable":true,"href":"https:\/\/www.wingtaitape.com\/es\/wp-json\/wp\/v2\/product_tag?post=2597"}],"curies":[{"name":"wp","href":"https:\/\/api.w.org\/{rel}","templated":true}]}}