{"id":2655,"date":"2023-08-24T13:02:20","date_gmt":"2023-08-24T13:02:20","guid":{"rendered":"https:\/\/www.wingtaitape.com\/?post_type=product&#038;p=2655"},"modified":"2025-04-12T14:39:18","modified_gmt":"2025-04-12T06:39:18","slug":"cinta-transparente","status":"publish","type":"product","link":"https:\/\/www.wingtaitape.com\/es\/producto\/cinta-transparente\/","title":{"rendered":"Cinta transparente"},"content":{"rendered":"<p><iframe title=\"Reproductor de v\u00eddeo YouTube\" src=\"https:\/\/www.youtube.com\/embed\/9PZQcD-7VMI?si=EVeVm8lzmdz6YKfl\" width=\"560\" height=\"315\" frameborder=\"0\" allowfullscreen=\"allowfullscreen\"><\/iframe><\/p>\n<p><iframe title=\"Reproductor de v\u00eddeo YouTube\" src=\"https:\/\/www.youtube.com\/embed\/HWRsqQV0tg0?si=6XF1bxoQKyUXzNVa\" width=\"560\" height=\"315\" frameborder=\"0\" allowfullscreen=\"allowfullscreen\"><\/iframe><\/p>\n<h4><span style=\"font-family: 'Open Sans';\">Caracter\u00edsticas principales<\/span><\/h4>\n<p><strong>Resistencia y adherencia:<\/strong>\u00a0Embalaje seguro con fuerte adhesivo BOPP, resiste la presi\u00f3n y las vibraciones.<br \/>\n<strong>Durabilidad:<\/strong>\u00a0Larga duraci\u00f3n, evita que se rompa o despegue, protege los productos a lo largo de toda la cadena de suministro.<br \/>\n<strong>F\u00e1cil de rasgar y cortar:<\/strong>\u00a0Uso r\u00e1pido y eficaz, mejora la eficiencia del trabajo.<br \/>\n<strong>Versatilidad:<\/strong>\u00a0Adecuado para cart\u00f3n, cart\u00f3n reciclado y materiales dif\u00edciles de pegar.<br \/>\n<strong>Seguro y respetuoso con el medio ambiente:<\/strong>\u00a0Sin sustancias nocivas, cumple las normas medioambientales.<br \/>\n<strong>Muy resistente:<\/strong>\u00a0Superresistente, antifisuras, soporta cargas pesadas.<br \/>\n<strong>Alta transparencia:<\/strong>\u00a0Pel\u00edcula y pegamento de calidad para una mejor visibilidad.<br \/>\n<strong>Sin formol:<\/strong>\u00a0Adhesivo acr\u00edlico, respetuoso con el medio ambiente.<br \/>\nE<strong>asy to Use:<\/strong>\u00a0Se adapta a las pistolas de cinta est\u00e1ndar; existe la opci\u00f3n de rasgado manual.<\/p>\n<h4><span style=\"font-family: 'Open Sans';\">Aplicaci\u00f3n<\/span><\/h4>\n<p><span style=\"font-family: 'Open Sans';\">La cinta transparente se aplica ampliamente en el envasado de alimentos, tratamientos m\u00e9dicos y prendas de vestir,<\/span><br \/>\n<span style=\"font-family: 'Open Sans';\">ferreter\u00eda, electrodom\u00e9sticos.<\/span><br \/>\n<span style=\"font-family: 'Open Sans';\">Embalaje para productos de gama alta, pesados y especiales.<\/span><\/p>\n<p><img fetchpriority=\"high\" decoding=\"async\" class=\"alignnone size-full wp-image-6211\" src=\"https:\/\/www.wingtaitape.com\/wp-content\/uploads\/2023\/08\/Packing-tape-detail-1.jpg\" alt=\"\" width=\"750\" height=\"1058\" srcset=\"https:\/\/www.wingtaitape.com\/wp-content\/uploads\/2023\/08\/Packing-tape-detail-1.jpg 750w, https:\/\/www.wingtaitape.com\/wp-content\/uploads\/2023\/08\/Packing-tape-detail-1-425x600.jpg 425w, https:\/\/www.wingtaitape.com\/wp-content\/uploads\/2023\/08\/Packing-tape-detail-1-726x1024.jpg 726w, https:\/\/www.wingtaitape.com\/wp-content\/uploads\/2023\/08\/Packing-tape-detail-1-9x12.jpg 9w, https:\/\/www.wingtaitape.com\/wp-content\/uploads\/2023\/08\/Packing-tape-detail-1-600x846.jpg 600w\" sizes=\"(max-width: 750px) 100vw, 750px\" \/><\/p>\n<p><img decoding=\"async\" class=\"alignnone size-full wp-image-6209\" src=\"https:\/\/www.wingtaitape.com\/wp-content\/uploads\/2023\/08\/Packing-tape-detail-2.jpg\" alt=\"\" width=\"750\" height=\"1058\" srcset=\"https:\/\/www.wingtaitape.com\/wp-content\/uploads\/2023\/08\/Packing-tape-detail-2.jpg 750w, https:\/\/www.wingtaitape.com\/wp-content\/uploads\/2023\/08\/Packing-tape-detail-2-425x600.jpg 425w, https:\/\/www.wingtaitape.com\/wp-content\/uploads\/2023\/08\/Packing-tape-detail-2-726x1024.jpg 726w, https:\/\/www.wingtaitape.com\/wp-content\/uploads\/2023\/08\/Packing-tape-detail-2-9x12.jpg 9w, https:\/\/www.wingtaitape.com\/wp-content\/uploads\/2023\/08\/Packing-tape-detail-2-600x846.jpg 600w\" sizes=\"(max-width: 750px) 100vw, 750px\" \/><\/p>\n<p><img decoding=\"async\" class=\"alignnone size-full wp-image-6213\" src=\"https:\/\/www.wingtaitape.com\/wp-content\/uploads\/2023\/08\/Packing-tape-detail-03-1.jpg\" alt=\"\" width=\"750\" height=\"960\" srcset=\"https:\/\/www.wingtaitape.com\/wp-content\/uploads\/2023\/08\/Packing-tape-detail-03-1.jpg 750w, https:\/\/www.wingtaitape.com\/wp-content\/uploads\/2023\/08\/Packing-tape-detail-03-1-469x600.jpg 469w, https:\/\/www.wingtaitape.com\/wp-content\/uploads\/2023\/08\/Packing-tape-detail-03-1-9x12.jpg 9w, https:\/\/www.wingtaitape.com\/wp-content\/uploads\/2023\/08\/Packing-tape-detail-03-1-600x768.jpg 600w\" sizes=\"(max-width: 750px) 100vw, 750px\" \/><\/p>\n<p><img loading=\"lazy\" decoding=\"async\" class=\"alignnone size-full wp-image-6210\" src=\"https:\/\/www.wingtaitape.com\/wp-content\/uploads\/2023\/08\/Packing-tape-detail-04-1.jpg\" alt=\"\" width=\"750\" height=\"1807\" srcset=\"https:\/\/www.wingtaitape.com\/wp-content\/uploads\/2023\/08\/Packing-tape-detail-04-1.jpg 750w, https:\/\/www.wingtaitape.com\/wp-content\/uploads\/2023\/08\/Packing-tape-detail-04-1-249x600.jpg 249w, https:\/\/www.wingtaitape.com\/wp-content\/uploads\/2023\/08\/Packing-tape-detail-04-1-425x1024.jpg 425w, https:\/\/www.wingtaitape.com\/wp-content\/uploads\/2023\/08\/Packing-tape-detail-04-1-638x1536.jpg 638w, https:\/\/www.wingtaitape.com\/wp-content\/uploads\/2023\/08\/Packing-tape-detail-04-1-5x12.jpg 5w, https:\/\/www.wingtaitape.com\/wp-content\/uploads\/2023\/08\/Packing-tape-detail-04-1-600x1446.jpg 600w\" sizes=\"(max-width: 750px) 100vw, 750px\" \/> <img loading=\"lazy\" decoding=\"async\" class=\"alignnone size-full wp-image-6212\" src=\"https:\/\/www.wingtaitape.com\/wp-content\/uploads\/2023\/08\/Packing-tape-detail-5-1.jpg\" alt=\"\" width=\"750\" height=\"750\" srcset=\"https:\/\/www.wingtaitape.com\/wp-content\/uploads\/2023\/08\/Packing-tape-detail-5-1.jpg 750w, https:\/\/www.wingtaitape.com\/wp-content\/uploads\/2023\/08\/Packing-tape-detail-5-1-600x600.jpg 600w, https:\/\/www.wingtaitape.com\/wp-content\/uploads\/2023\/08\/Packing-tape-detail-5-1-150x150.jpg 150w, https:\/\/www.wingtaitape.com\/wp-content\/uploads\/2023\/08\/Packing-tape-detail-5-1-12x12.jpg 12w, https:\/\/www.wingtaitape.com\/wp-content\/uploads\/2023\/08\/Packing-tape-detail-5-1-100x100.jpg 100w\" sizes=\"(max-width: 750px) 100vw, 750px\" \/><\/p>\n<p><img loading=\"lazy\" decoding=\"async\" class=\"alignnone size-full wp-image-6208\" src=\"https:\/\/www.wingtaitape.com\/wp-content\/uploads\/2023\/08\/Adhesive-tape-01-2.jpg\" alt=\"\" width=\"750\" height=\"475\" srcset=\"https:\/\/www.wingtaitape.com\/wp-content\/uploads\/2023\/08\/Adhesive-tape-01-2.jpg 750w, https:\/\/www.wingtaitape.com\/wp-content\/uploads\/2023\/08\/Adhesive-tape-01-2-600x380.jpg 600w, https:\/\/www.wingtaitape.com\/wp-content\/uploads\/2023\/08\/Adhesive-tape-01-2-18x12.jpg 18w\" sizes=\"(max-width: 750px) 100vw, 750px\" \/><\/p>\n<p>&nbsp;<\/p>\n<p><img loading=\"lazy\" decoding=\"async\" class=\"alignnone size-full wp-image-6201\" src=\"https:\/\/www.wingtaitape.com\/wp-content\/uploads\/2023\/08\/detail-factory_01.jpg\" alt=\"\" width=\"750\" height=\"1486\" srcset=\"https:\/\/www.wingtaitape.com\/wp-content\/uploads\/2023\/08\/detail-factory_01.jpg 750w, https:\/\/www.wingtaitape.com\/wp-content\/uploads\/2023\/08\/detail-factory_01-303x600.jpg 303w, https:\/\/www.wingtaitape.com\/wp-content\/uploads\/2023\/08\/detail-factory_01-517x1024.jpg 517w, https:\/\/www.wingtaitape.com\/wp-content\/uploads\/2023\/08\/detail-factory_01-6x12.jpg 6w, https:\/\/www.wingtaitape.com\/wp-content\/uploads\/2023\/08\/detail-factory_01-600x1189.jpg 600w\" sizes=\"(max-width: 750px) 100vw, 750px\" \/> <img loading=\"lazy\" decoding=\"async\" class=\"alignnone size-full wp-image-6202\" src=\"https:\/\/www.wingtaitape.com\/wp-content\/uploads\/2023\/08\/detail-factory_02.jpg\" alt=\"\" width=\"750\" height=\"1532\" srcset=\"https:\/\/www.wingtaitape.com\/wp-content\/uploads\/2023\/08\/detail-factory_02.jpg 750w, https:\/\/www.wingtaitape.com\/wp-content\/uploads\/2023\/08\/detail-factory_02-294x600.jpg 294w, https:\/\/www.wingtaitape.com\/wp-content\/uploads\/2023\/08\/detail-factory_02-501x1024.jpg 501w, https:\/\/www.wingtaitape.com\/wp-content\/uploads\/2023\/08\/detail-factory_02-6x12.jpg 6w, https:\/\/www.wingtaitape.com\/wp-content\/uploads\/2023\/08\/detail-factory_02-600x1226.jpg 600w\" sizes=\"(max-width: 750px) 100vw, 750px\" \/> <img loading=\"lazy\" decoding=\"async\" class=\"alignnone size-full wp-image-6203\" src=\"https:\/\/www.wingtaitape.com\/wp-content\/uploads\/2023\/08\/detail-factory_03.jpg\" alt=\"\" width=\"750\" height=\"1390\" srcset=\"https:\/\/www.wingtaitape.com\/wp-content\/uploads\/2023\/08\/detail-factory_03.jpg 750w, https:\/\/www.wingtaitape.com\/wp-content\/uploads\/2023\/08\/detail-factory_03-324x600.jpg 324w, https:\/\/www.wingtaitape.com\/wp-content\/uploads\/2023\/08\/detail-factory_03-553x1024.jpg 553w, https:\/\/www.wingtaitape.com\/wp-content\/uploads\/2023\/08\/detail-factory_03-6x12.jpg 6w, https:\/\/www.wingtaitape.com\/wp-content\/uploads\/2023\/08\/detail-factory_03-600x1112.jpg 600w\" sizes=\"(max-width: 750px) 100vw, 750px\" \/> <img loading=\"lazy\" decoding=\"async\" class=\"alignnone size-full wp-image-6204\" src=\"https:\/\/www.wingtaitape.com\/wp-content\/uploads\/2023\/08\/detail-factory_04.jpg\" alt=\"\" width=\"750\" height=\"1454\" srcset=\"https:\/\/www.wingtaitape.com\/wp-content\/uploads\/2023\/08\/detail-factory_04.jpg 750w, https:\/\/www.wingtaitape.com\/wp-content\/uploads\/2023\/08\/detail-factory_04-309x600.jpg 309w, https:\/\/www.wingtaitape.com\/wp-content\/uploads\/2023\/08\/detail-factory_04-528x1024.jpg 528w, https:\/\/www.wingtaitape.com\/wp-content\/uploads\/2023\/08\/detail-factory_04-6x12.jpg 6w, https:\/\/www.wingtaitape.com\/wp-content\/uploads\/2023\/08\/detail-factory_04-600x1163.jpg 600w\" sizes=\"(max-width: 750px) 100vw, 750px\" \/> <img loading=\"lazy\" decoding=\"async\" class=\"alignnone size-full wp-image-6205\" src=\"https:\/\/www.wingtaitape.com\/wp-content\/uploads\/2023\/08\/detail-factory_05.jpg\" alt=\"\" width=\"750\" height=\"1514\" srcset=\"https:\/\/www.wingtaitape.com\/wp-content\/uploads\/2023\/08\/detail-factory_05.jpg 750w, https:\/\/www.wingtaitape.com\/wp-content\/uploads\/2023\/08\/detail-factory_05-297x600.jpg 297w, https:\/\/www.wingtaitape.com\/wp-content\/uploads\/2023\/08\/detail-factory_05-507x1024.jpg 507w, https:\/\/www.wingtaitape.com\/wp-content\/uploads\/2023\/08\/detail-factory_05-6x12.jpg 6w, https:\/\/www.wingtaitape.com\/wp-content\/uploads\/2023\/08\/detail-factory_05-600x1211.jpg 600w\" sizes=\"(max-width: 750px) 100vw, 750px\" \/><img loading=\"lazy\" decoding=\"async\" class=\"alignnone size-full wp-image-6200\" src=\"https:\/\/www.wingtaitape.com\/wp-content\/uploads\/2023\/08\/detail-factory_06.jpg\" alt=\"\" width=\"750\" height=\"1286\" srcset=\"https:\/\/www.wingtaitape.com\/wp-content\/uploads\/2023\/08\/detail-factory_06.jpg 750w, https:\/\/www.wingtaitape.com\/wp-content\/uploads\/2023\/08\/detail-factory_06-350x600.jpg 350w, https:\/\/www.wingtaitape.com\/wp-content\/uploads\/2023\/08\/detail-factory_06-597x1024.jpg 597w, https:\/\/www.wingtaitape.com\/wp-content\/uploads\/2023\/08\/detail-factory_06-7x12.jpg 7w, https:\/\/www.wingtaitape.com\/wp-content\/uploads\/2023\/08\/detail-factory_06-600x1029.jpg 600w\" sizes=\"(max-width: 750px) 100vw, 750px\" \/><\/p>","protected":false},"excerpt":{"rendered":"<ul>\n<li>Fuerte adherencia.<\/li>\n<li>Resistente a la intemperie, buena resistencia a la tracci\u00f3n.<\/li>\n<li>La cinta transparente est\u00e1 fabricada con adhesivo ecol\u00f3gico, conforme a la directiva RoHS.<\/li>\n<\/ul>","protected":false},"featured_media":3882,"template":"","meta":{"slim_seo":{"title":"Cinta adhesiva transparente - Cinta adhesiva Fabricante, surtidor, exportador | WINGTAI","description":"Fuerte adherencia. Resistente a la intemperie, buena resistencia a la tracci\u00f3n. La cinta transparente est\u00e1 fabricada con adhesivo ecol\u00f3gico, conforme a la directiva RoHS."}},"product_brand":[],"product_cat":[52],"product_tag":[],"class_list":{"0":"post-2655","1":"product","2":"type-product","3":"status-publish","4":"has-post-thumbnail","6":"product_cat-packaging-tapes","8":"first","9":"instock","10":"shipping-taxable","11":"product-type-simple"},"_links":{"self":[{"href":"https:\/\/www.wingtaitape.com\/es\/wp-json\/wp\/v2\/product\/2655","targetHints":{"allow":["GET"]}}],"collection":[{"href":"https:\/\/www.wingtaitape.com\/es\/wp-json\/wp\/v2\/product"}],"about":[{"href":"https:\/\/www.wingtaitape.com\/es\/wp-json\/wp\/v2\/types\/product"}],"wp:featuredmedia":[{"embeddable":true,"href":"https:\/\/www.wingtaitape.com\/es\/wp-json\/wp\/v2\/media\/3882"}],"wp:attachment":[{"href":"https:\/\/www.wingtaitape.com\/es\/wp-json\/wp\/v2\/media?parent=2655"}],"wp:term":[{"taxonomy":"product_brand","embeddable":true,"href":"https:\/\/www.wingtaitape.com\/es\/wp-json\/wp\/v2\/product_brand?post=2655"},{"taxonomy":"product_cat","embeddable":true,"href":"https:\/\/www.wingtaitape.com\/es\/wp-json\/wp\/v2\/product_cat?post=2655"},{"taxonomy":"product_tag","embeddable":true,"href":"https:\/\/www.wingtaitape.com\/es\/wp-json\/wp\/v2\/product_tag?post=2655"}],"curies":[{"name":"wp","href":"https:\/\/api.w.org\/{rel}","templated":true}]}}