{"id":2675,"date":"2023-08-25T06:28:36","date_gmt":"2023-08-25T06:28:36","guid":{"rendered":"https:\/\/www.wingtaitape.com\/?post_type=product&#038;p=2675"},"modified":"2023-12-10T22:04:44","modified_gmt":"2023-12-10T14:04:44","slug":"cinta-de-embalar-super-transparente","status":"publish","type":"product","link":"https:\/\/www.wingtaitape.com\/es\/producto\/cinta-de-embalar-super-transparente\/","title":{"rendered":"Cinta de embalaje s\u00faper transparente"},"content":{"rendered":"<p><iframe title=\"Reproductor de v\u00eddeo YouTube\" src=\"https:\/\/www.youtube.com\/embed\/9PZQcD-7VMI?si=EVeVm8lzmdz6YKfl\" width=\"560\" height=\"315\" frameborder=\"0\" allowfullscreen=\"allowfullscreen\"><\/iframe><\/p>\n<h4><\/h4>\n<h4>Caracter\u00edstica principal<\/h4>\n<p>Fabricado con pel\u00edcula supertransparente;<br \/>\nSin burbujas, acabado transparente, superclaro, no tapar\u00e1 informaci\u00f3n importante;<\/p>\n<h4>Aplicaci\u00f3n<\/h4>\n<p>La mejor opci\u00f3n para supermercados, cadenas de tiendas y clientes de gama alta.<\/p>","protected":false},"excerpt":{"rendered":"<ul>\n<li>Fabricado con pel\u00edcula supertransparente;<\/li>\n<li>Sin burbujas, acabado transparente, superclaro, no tapar\u00e1 informaci\u00f3n importante;<\/li>\n<\/ul>","protected":false},"featured_media":3164,"template":"","meta":{"slim_seo":{"title":"Cinta Adhesiva S\u00faper Transparente - Cinta Adhesiva Fabricante, surtidor, exportador | WINGTAI","description":"Fabricado con pel\u00edcula supertransparente; sin burbujas, acabado transparente, supertransparente, no tapar\u00e1 informaci\u00f3n importante;"}},"product_brand":[],"product_cat":[52],"product_tag":[],"class_list":{"0":"post-2675","1":"product","2":"type-product","3":"status-publish","4":"has-post-thumbnail","6":"product_cat-packaging-tapes","8":"first","9":"instock","10":"shipping-taxable","11":"product-type-simple"},"_links":{"self":[{"href":"https:\/\/www.wingtaitape.com\/es\/wp-json\/wp\/v2\/product\/2675","targetHints":{"allow":["GET"]}}],"collection":[{"href":"https:\/\/www.wingtaitape.com\/es\/wp-json\/wp\/v2\/product"}],"about":[{"href":"https:\/\/www.wingtaitape.com\/es\/wp-json\/wp\/v2\/types\/product"}],"wp:featuredmedia":[{"embeddable":true,"href":"https:\/\/www.wingtaitape.com\/es\/wp-json\/wp\/v2\/media\/3164"}],"wp:attachment":[{"href":"https:\/\/www.wingtaitape.com\/es\/wp-json\/wp\/v2\/media?parent=2675"}],"wp:term":[{"taxonomy":"product_brand","embeddable":true,"href":"https:\/\/www.wingtaitape.com\/es\/wp-json\/wp\/v2\/product_brand?post=2675"},{"taxonomy":"product_cat","embeddable":true,"href":"https:\/\/www.wingtaitape.com\/es\/wp-json\/wp\/v2\/product_cat?post=2675"},{"taxonomy":"product_tag","embeddable":true,"href":"https:\/\/www.wingtaitape.com\/es\/wp-json\/wp\/v2\/product_tag?post=2675"}],"curies":[{"name":"wp","href":"https:\/\/api.w.org\/{rel}","templated":true}]}}