{"id":2679,"date":"2023-08-25T06:35:08","date_gmt":"2023-08-25T06:35:08","guid":{"rendered":"https:\/\/www.wingtaitape.com\/?post_type=product&#038;p=2679"},"modified":"2023-12-10T22:04:13","modified_gmt":"2023-12-10T14:04:13","slug":"cinta-de-paqueteria-de-bajo-ruido","status":"publish","type":"product","link":"https:\/\/www.wingtaitape.com\/es\/producto\/cinta-de-paqueteria-de-bajo-ruido\/","title":{"rendered":"Cinta de paqueter\u00eda de bajo ruido"},"content":{"rendered":"<p><iframe title=\"Reproductor de v\u00eddeo YouTube\" src=\"https:\/\/www.youtube.com\/embed\/9PZQcD-7VMI?si=EVeVm8lzmdz6YKfl\" width=\"560\" height=\"315\" frameborder=\"0\" allowfullscreen=\"allowfullscreen\"><\/iframe><\/p>\n<h4><span style=\"font-family: 'Open Sans';\">Caracter\u00edsticas principales<\/span><\/h4>\n<p>SIN RUIDO: 100% cinta silenciosa para paquetes, no molestar\u00e1 a los dem\u00e1s al embalar, le proporcionar\u00e1 un entorno tranquilo y c\u00f3modo para embalar paquetes;<br \/>\nMuy f\u00e1cil de desenrollar y no se rompe al utilizarla, lo que le ahorrar\u00e1 tiempo de embalaje;<br \/>\nExcelente poder de sujeci\u00f3n al cart\u00f3n, caja de env\u00edo, cart\u00f3n.<\/p>\n<h4><span style=\"font-family: 'Open Sans';\">Aplicaci\u00f3n<\/span><\/h4>\n<p>Es ideal para entornos en los que los niveles de ruido deben mantenerse al m\u00ednimo, como oficinas, bibliotecas u hospitales.<\/p>\n<h4><span style=\"font-family: 'Open Sans';\"><img fetchpriority=\"high\" decoding=\"async\" class=\"alignnone wp-image-2682\" src=\"https:\/\/www.wingtaitape.com\/wp-content\/uploads\/2023\/08\/Low-noise-parcel-tape.png\" alt=\"\" width=\"638\" height=\"201\" \/><\/span><\/h4>","protected":false},"excerpt":{"rendered":"<ul>\n<li>SIN RUIDO: 100% cinta silenciosa sin ruido, no molestar\u00e1 a los dem\u00e1s cuando el embalaje, le dar\u00e1 un ambiente tranquilo y c\u00f3modo para el embalaje de paquetes;<\/li>\n<li>La cinta es muy f\u00e1cil de desenrollar y no se rompe al usarla, lo que le ahorrar\u00e1 tiempo de embalaje;<\/li>\n<li>Excelente poder de sujeci\u00f3n a cart\u00f3n, caja de env\u00edo, cart\u00f3n<\/li>\n<\/ul>","protected":false},"featured_media":3163,"template":"","meta":{"slim_seo":{"title":"Cinta adhesiva bajo ruido - Cinta adhesiva Fabricante, surtidor, exportador | WINGTAI","description":"SIN RUIDO: 100% cinta silenciosa sin ruido, no molestar a los dem\u00e1s cuando el embalaje, le dar\u00e1 un ambiente tranquilo y c\u00f3modo para el embalaje de paquetes, muy f\u00e1cil de desenrollar la cinta, y no se dividir\u00e1 cuando el uso, esto le ahorrar\u00e1 tiempo para el embalaje, excelente poder de sujeci\u00f3n de cart\u00f3n, caja de env\u00edo, cart\u00f3n."}},"product_brand":[],"product_cat":[52],"product_tag":[],"class_list":{"0":"post-2679","1":"product","2":"type-product","3":"status-publish","4":"has-post-thumbnail","6":"product_cat-packaging-tapes","8":"first","9":"instock","10":"shipping-taxable","11":"product-type-simple"},"_links":{"self":[{"href":"https:\/\/www.wingtaitape.com\/es\/wp-json\/wp\/v2\/product\/2679","targetHints":{"allow":["GET"]}}],"collection":[{"href":"https:\/\/www.wingtaitape.com\/es\/wp-json\/wp\/v2\/product"}],"about":[{"href":"https:\/\/www.wingtaitape.com\/es\/wp-json\/wp\/v2\/types\/product"}],"wp:featuredmedia":[{"embeddable":true,"href":"https:\/\/www.wingtaitape.com\/es\/wp-json\/wp\/v2\/media\/3163"}],"wp:attachment":[{"href":"https:\/\/www.wingtaitape.com\/es\/wp-json\/wp\/v2\/media?parent=2679"}],"wp:term":[{"taxonomy":"product_brand","embeddable":true,"href":"https:\/\/www.wingtaitape.com\/es\/wp-json\/wp\/v2\/product_brand?post=2679"},{"taxonomy":"product_cat","embeddable":true,"href":"https:\/\/www.wingtaitape.com\/es\/wp-json\/wp\/v2\/product_cat?post=2679"},{"taxonomy":"product_tag","embeddable":true,"href":"https:\/\/www.wingtaitape.com\/es\/wp-json\/wp\/v2\/product_tag?post=2679"}],"curies":[{"name":"wp","href":"https:\/\/api.w.org\/{rel}","templated":true}]}}