{"id":2683,"date":"2023-08-25T06:40:56","date_gmt":"2023-08-25T06:40:56","guid":{"rendered":"https:\/\/www.wingtaitape.com\/?post_type=product&#038;p=2683"},"modified":"2023-12-10T22:03:35","modified_gmt":"2023-12-10T14:03:35","slug":"cinta-de-color-bopp","status":"publish","type":"product","link":"https:\/\/www.wingtaitape.com\/es\/producto\/cinta-de-color-bopp\/","title":{"rendered":"Cinta de color BOPP"},"content":{"rendered":"<p><iframe title=\"Reproductor de v\u00eddeo YouTube\" src=\"https:\/\/www.youtube.com\/embed\/9PZQcD-7VMI?si=EVeVm8lzmdz6YKfl\" width=\"560\" height=\"315\" frameborder=\"0\" allowfullscreen=\"allowfullscreen\"><\/iframe><\/p>\n<h4><span style=\"font-family: 'Open Sans';\">Caracter\u00edsticas principales<\/span><\/h4>\n<ul>\n<li>Cinta de color es con colores brillantes, t\u00e9cnica especial para la combinaci\u00f3n de colores.<\/li>\n<li>Se pueden solicitar colores espec\u00edficos seg\u00fan los requisitos de los clientes.<\/li>\n<li>Aparato ecol\u00f3gico, conforme a la directiva RoHS.<\/li>\n<\/ul>\n<p><img fetchpriority=\"high\" decoding=\"async\" class=\"alignnone wp-image-2693\" src=\"https:\/\/www.wingtaitape.com\/wp-content\/uploads\/2023\/08\/color-tape-option.png\" alt=\"\" width=\"431\" height=\"241\" \/><\/p>\n<h4><span style=\"font-family: 'Open Sans';\">Aplicaci\u00f3n<\/span><\/h4>\n<ul>\n<li>Ampliamente aplicado en el envasado de alimentos, tratamientos m\u00e9dicos, prendas de vestir, ferreter\u00eda, electrodom\u00e9sticos.<\/li>\n<li>La cinta de color se utiliza ampliamente para el marcado de clasificaci\u00f3n de productos y el embalaje de clasificaci\u00f3n por colores.<\/li>\n<\/ul>","protected":false},"excerpt":{"rendered":"<ul>\n<li>Cinta de color es con colores brillantes, t\u00e9cnica especial para la combinaci\u00f3n de colores.<\/li>\n<li>Se pueden solicitar colores espec\u00edficos seg\u00fan los requisitos de los clientes.<\/li>\n<li>Aparato ecol\u00f3gico, conforme a la directiva RoHS.<\/li>\n<\/ul>","protected":false},"featured_media":3156,"template":"","meta":{"slim_seo":{"title":"Cinta adhesiva de colores BOPP - Fabricante, surtidor, exportador | WINGTAI","description":"Cinta de color es con colores brillantes, t\u00e9cnica especial para matching.specific de color se pueden pedir de acuerdo a los clientes requirement.Eco-amigable, RoHS directiva appliance."}},"product_brand":[],"product_cat":[52],"product_tag":[],"class_list":{"0":"post-2683","1":"product","2":"type-product","3":"status-publish","4":"has-post-thumbnail","6":"product_cat-packaging-tapes","8":"first","9":"instock","10":"shipping-taxable","11":"product-type-simple"},"_links":{"self":[{"href":"https:\/\/www.wingtaitape.com\/es\/wp-json\/wp\/v2\/product\/2683","targetHints":{"allow":["GET"]}}],"collection":[{"href":"https:\/\/www.wingtaitape.com\/es\/wp-json\/wp\/v2\/product"}],"about":[{"href":"https:\/\/www.wingtaitape.com\/es\/wp-json\/wp\/v2\/types\/product"}],"wp:featuredmedia":[{"embeddable":true,"href":"https:\/\/www.wingtaitape.com\/es\/wp-json\/wp\/v2\/media\/3156"}],"wp:attachment":[{"href":"https:\/\/www.wingtaitape.com\/es\/wp-json\/wp\/v2\/media?parent=2683"}],"wp:term":[{"taxonomy":"product_brand","embeddable":true,"href":"https:\/\/www.wingtaitape.com\/es\/wp-json\/wp\/v2\/product_brand?post=2683"},{"taxonomy":"product_cat","embeddable":true,"href":"https:\/\/www.wingtaitape.com\/es\/wp-json\/wp\/v2\/product_cat?post=2683"},{"taxonomy":"product_tag","embeddable":true,"href":"https:\/\/www.wingtaitape.com\/es\/wp-json\/wp\/v2\/product_tag?post=2683"}],"curies":[{"name":"wp","href":"https:\/\/api.w.org\/{rel}","templated":true}]}}