{"id":2694,"date":"2023-08-25T06:46:56","date_gmt":"2023-08-25T06:46:56","guid":{"rendered":"https:\/\/www.wingtaitape.com\/?post_type=product&#038;p=2694"},"modified":"2023-12-10T22:02:16","modified_gmt":"2023-12-10T14:02:16","slug":"cinta-impresa-personalizada","status":"publish","type":"product","link":"https:\/\/www.wingtaitape.com\/es\/producto\/cinta-impresa-personalizada\/","title":{"rendered":"Cinta impresa personalizada"},"content":{"rendered":"<p><iframe title=\"Reproductor de v\u00eddeo YouTube\" src=\"https:\/\/www.youtube.com\/embed\/9PZQcD-7VMI?si=EVeVm8lzmdz6YKfl\" width=\"560\" height=\"315\" frameborder=\"0\" allowfullscreen=\"allowfullscreen\"><\/iframe><\/p>\n<h4><span style=\"font-family: 'Open Sans';\">Caracter\u00edsticas principales<\/span><\/h4>\n<ul>\n<li>dise\u00f1o profesional, impresi\u00f3n viva, colocaci\u00f3n precisa;<\/li>\n<li>tinta ecol\u00f3gica, tinta plana confeccionada<\/li>\n<\/ul>\n<p>&nbsp;<\/p>\n<h4><span style=\"font-family: 'Open Sans';\">Aplicaci\u00f3n<\/span><\/h4>\n<ul>\n<li>proteger los derechos de autor de la marca del cliente;<\/li>\n<li>La cinta impresa es adecuada para embalajes personalizados.<\/li>\n<\/ul>","protected":false},"excerpt":{"rendered":"<ul>\n<li>Dise\u00f1o profesional, impresi\u00f3n viva, colocaci\u00f3n precisa;<\/li>\n<li>Tinta ecol\u00f3gica, tinta plana confeccionada<\/li>\n<\/ul>","protected":false},"featured_media":3149,"template":"","meta":{"slim_seo":{"title":"Cintas Adhesivas - Cintas Adhesivas Fabricante, surtidor, exportador | WINGTAI","description":"dise\u00f1o profesional, impresi\u00f3n viva, posicionamiento preciso; tinta ecol\u00f3gica, color directo confeccionado"}},"product_brand":[],"product_cat":[52],"product_tag":[],"class_list":{"0":"post-2694","1":"product","2":"type-product","3":"status-publish","4":"has-post-thumbnail","6":"product_cat-packaging-tapes","8":"first","9":"instock","10":"shipping-taxable","11":"product-type-simple"},"_links":{"self":[{"href":"https:\/\/www.wingtaitape.com\/es\/wp-json\/wp\/v2\/product\/2694","targetHints":{"allow":["GET"]}}],"collection":[{"href":"https:\/\/www.wingtaitape.com\/es\/wp-json\/wp\/v2\/product"}],"about":[{"href":"https:\/\/www.wingtaitape.com\/es\/wp-json\/wp\/v2\/types\/product"}],"wp:featuredmedia":[{"embeddable":true,"href":"https:\/\/www.wingtaitape.com\/es\/wp-json\/wp\/v2\/media\/3149"}],"wp:attachment":[{"href":"https:\/\/www.wingtaitape.com\/es\/wp-json\/wp\/v2\/media?parent=2694"}],"wp:term":[{"taxonomy":"product_brand","embeddable":true,"href":"https:\/\/www.wingtaitape.com\/es\/wp-json\/wp\/v2\/product_brand?post=2694"},{"taxonomy":"product_cat","embeddable":true,"href":"https:\/\/www.wingtaitape.com\/es\/wp-json\/wp\/v2\/product_cat?post=2694"},{"taxonomy":"product_tag","embeddable":true,"href":"https:\/\/www.wingtaitape.com\/es\/wp-json\/wp\/v2\/product_tag?post=2694"}],"curies":[{"name":"wp","href":"https:\/\/api.w.org\/{rel}","templated":true}]}}