{"id":2703,"date":"2023-08-25T07:10:04","date_gmt":"2023-08-25T07:10:04","guid":{"rendered":"https:\/\/www.wingtaitape.com\/?post_type=product&#038;p=2703"},"modified":"2024-04-20T20:27:01","modified_gmt":"2024-04-20T12:27:01","slug":"cinta-de-envio-de-alta-resistencia","status":"publish","type":"product","link":"https:\/\/www.wingtaitape.com\/es\/producto\/cinta-de-envio-de-alta-resistencia\/","title":{"rendered":"Cinta de env\u00edo de alta resistencia"},"content":{"rendered":"<p><iframe title=\"Reproductor de v\u00eddeo YouTube\" src=\"https:\/\/www.youtube.com\/embed\/9PZQcD-7VMI?si=EVeVm8lzmdz6YKfl\" width=\"560\" height=\"315\" frameborder=\"0\" allowfullscreen=\"allowfullscreen\"><\/iframe><\/p>\n<h4><span style=\"font-family: 'Open Sans';\">Caracter\u00edsticas principales<\/span><\/h4>\n<ul>\n<li>Adherencia extremadamente fuerte, extragruesa;<\/li>\n<li>Recomendado para productos de gran tama\u00f1o;<\/li>\n<\/ul>\n<p>&nbsp;<\/p>\n<h4><span style=\"font-family: 'Open Sans';\">Aplicaci\u00f3n<\/span><\/h4>\n<ul>\n<li>La cinta de env\u00edo de alta resistencia es adecuada para embalajes de cart\u00f3n superduro, como grandes electrodom\u00e9sticos, productos electr\u00f3nicos, embalaje de productos de alta resistencia y sellado de m\u00e1s de 25 kg.<\/li>\n<\/ul>\n<p><img fetchpriority=\"high\" decoding=\"async\" class=\"alignnone wp-image-2705\" src=\"https:\/\/www.wingtaitape.com\/wp-content\/uploads\/2023\/08\/Heavy-duty-shipping-tape.png\" alt=\"\" width=\"546\" height=\"191\" \/><\/p>","protected":false},"excerpt":{"rendered":"<ul>\n<li>Adherencia extremadamente fuerte, extragruesa;<\/li>\n<li>Recomendado para productos de gran tama\u00f1o;<\/li>\n<\/ul>","protected":false},"featured_media":3147,"template":"","meta":{"slim_seo":{"title":"Heavy Duty Shipping Tape - Cinta adhesiva Fabricante, surtidor, exportador | WINGTAI","description":"Adherencia extremadamente fuerte, extragruesa; recomendada para productos de gran tama\u00f1o;"}},"product_brand":[],"product_cat":[52],"product_tag":[],"class_list":{"0":"post-2703","1":"product","2":"type-product","3":"status-publish","4":"has-post-thumbnail","6":"product_cat-packaging-tapes","8":"first","9":"instock","10":"shipping-taxable","11":"product-type-simple"},"_links":{"self":[{"href":"https:\/\/www.wingtaitape.com\/es\/wp-json\/wp\/v2\/product\/2703","targetHints":{"allow":["GET"]}}],"collection":[{"href":"https:\/\/www.wingtaitape.com\/es\/wp-json\/wp\/v2\/product"}],"about":[{"href":"https:\/\/www.wingtaitape.com\/es\/wp-json\/wp\/v2\/types\/product"}],"wp:featuredmedia":[{"embeddable":true,"href":"https:\/\/www.wingtaitape.com\/es\/wp-json\/wp\/v2\/media\/3147"}],"wp:attachment":[{"href":"https:\/\/www.wingtaitape.com\/es\/wp-json\/wp\/v2\/media?parent=2703"}],"wp:term":[{"taxonomy":"product_brand","embeddable":true,"href":"https:\/\/www.wingtaitape.com\/es\/wp-json\/wp\/v2\/product_brand?post=2703"},{"taxonomy":"product_cat","embeddable":true,"href":"https:\/\/www.wingtaitape.com\/es\/wp-json\/wp\/v2\/product_cat?post=2703"},{"taxonomy":"product_tag","embeddable":true,"href":"https:\/\/www.wingtaitape.com\/es\/wp-json\/wp\/v2\/product_tag?post=2703"}],"curies":[{"name":"wp","href":"https:\/\/api.w.org\/{rel}","templated":true}]}}