{"id":2718,"date":"2023-08-26T07:59:51","date_gmt":"2023-08-26T07:59:51","guid":{"rendered":"https:\/\/www.wingtaitape.com\/?post_type=product&#038;p=2718"},"modified":"2023-12-10T21:42:05","modified_gmt":"2023-12-10T13:42:05","slug":"cinta-adhesiva-transparente-de-oficina","status":"publish","type":"product","link":"https:\/\/www.wingtaitape.com\/es\/producto\/cinta-adhesiva-transparente-de-oficina\/","title":{"rendered":"Cinta adhesiva brillante transparente multiusos para la oficina, el hogar y la escuela"},"content":{"rendered":"<h4><span style=\"font-family: 'Open Sans';\">Caracter\u00edsticas principales<\/span><\/h4>\n<ul>\n<li>La cinta transparente brillante satisface las necesidades de una aplicaci\u00f3n vers\u00e1til, con buen poder de sujeci\u00f3n y grosor.<\/li>\n<li>Seguro para su uso en la foto o la etiqueta tambi\u00e9n puede mantener durante mucho tiempo. Cinta transparente es pr\u00e1cticamente claro en contacto, no cubrir\u00e1 las palabras.<\/li>\n<li>Respetuoso con el medio ambiente, cumple las directivas RoHS y REACH de la UE;<\/li>\n<\/ul>\n<p>&nbsp;<\/p>\n<h4><span style=\"font-family: 'Open Sans';\">Aplicaci\u00f3n<\/span><\/h4>\n<ul>\n<li>Para manualidades de bricolaje de estudiantes, art\u00edculos de papeler\u00eda de oficina, regalos, alimentos, ropa y otros paquetes ligeros y peque\u00f1os.<\/li>\n<\/ul>","protected":false},"excerpt":{"rendered":"<ul>\n<li>La cinta transparente brillante satisface las necesidades de una aplicaci\u00f3n vers\u00e1til, con buen poder de sujeci\u00f3n y grosor.<\/li>\n<li>Seguro para su uso en la foto o la etiqueta tambi\u00e9n puede mantener durante mucho tiempo. Cinta transparente es pr\u00e1cticamente claro en contacto, no cubrir\u00e1 las palabras.<\/li>\n<li>Respetuoso con el medio ambiente, cumple las directivas RoHS y REACH de la UE;<\/li>\n<\/ul>","protected":false},"featured_media":3110,"template":"","meta":{"slim_seo":{"title":"Cinta Adhesiva Transparente Brillante Para Oficina, Hogar, Escuela - Cinta Adhesiva Fabricante, surtidor, exportador | WINGTAI","description":"La cinta transparente brillante satisface las necesidades de una aplicaci\u00f3n vers\u00e1til, con buen poder de sujeci\u00f3n y grosor. Seguro para su uso en la foto o la etiqueta tambi\u00e9n puede mantener durante mucho tiempo. La cinta transparente es pr\u00e1cticamente transparente al contacto, no cubre las palabras. Respetuosa con el medio ambiente, cumple las directivas RoHS y REACH de la UE;"}},"product_brand":[],"product_cat":[51],"product_tag":[],"class_list":{"0":"post-2718","1":"product","2":"type-product","3":"status-publish","4":"has-post-thumbnail","6":"product_cat-office-tapes","8":"first","9":"instock","10":"shipping-taxable","11":"product-type-simple"},"_links":{"self":[{"href":"https:\/\/www.wingtaitape.com\/es\/wp-json\/wp\/v2\/product\/2718","targetHints":{"allow":["GET"]}}],"collection":[{"href":"https:\/\/www.wingtaitape.com\/es\/wp-json\/wp\/v2\/product"}],"about":[{"href":"https:\/\/www.wingtaitape.com\/es\/wp-json\/wp\/v2\/types\/product"}],"wp:featuredmedia":[{"embeddable":true,"href":"https:\/\/www.wingtaitape.com\/es\/wp-json\/wp\/v2\/media\/3110"}],"wp:attachment":[{"href":"https:\/\/www.wingtaitape.com\/es\/wp-json\/wp\/v2\/media?parent=2718"}],"wp:term":[{"taxonomy":"product_brand","embeddable":true,"href":"https:\/\/www.wingtaitape.com\/es\/wp-json\/wp\/v2\/product_brand?post=2718"},{"taxonomy":"product_cat","embeddable":true,"href":"https:\/\/www.wingtaitape.com\/es\/wp-json\/wp\/v2\/product_cat?post=2718"},{"taxonomy":"product_tag","embeddable":true,"href":"https:\/\/www.wingtaitape.com\/es\/wp-json\/wp\/v2\/product_tag?post=2718"}],"curies":[{"name":"wp","href":"https:\/\/api.w.org\/{rel}","templated":true}]}}