{"id":2720,"date":"2023-08-26T08:36:03","date_gmt":"2023-08-26T08:36:03","guid":{"rendered":"https:\/\/www.wingtaitape.com\/?post_type=product&#038;p=2720"},"modified":"2023-12-10T21:58:51","modified_gmt":"2023-12-10T13:58:51","slug":"cinta-de-papeleria-de-eliminacion-limpia","status":"publish","type":"product","link":"https:\/\/www.wingtaitape.com\/es\/producto\/cinta-de-papeleria-de-eliminacion-limpia\/","title":{"rendered":"Cinta adhesiva de papeler\u00eda Clean Removal"},"content":{"rendered":"<h4><span style=\"font-family: 'Open Sans';\">Caracter\u00edsticas principales<\/span><\/h4>\n<ul>\n<li>Cinta de remoci\u00f3n limpia formulada para trabajos de manualidades, envolver regalos, trabajos de oficina<\/li>\n<li>El reverso de polipropileno puede imprimirse a medida para una presentaci\u00f3n llamativa<\/li>\n<li>Se sujeta firmemente y se retira limpiamente sin da\u00f1ar los gr\u00e1ficos del envase primario<\/li>\n<\/ul>\n<p>&nbsp;<\/p>\n<h4><span style=\"font-family: 'Open Sans';\">Aplicaci\u00f3n<\/span><\/h4>\n<ul>\n<li>Es adecuado para papeler\u00eda de oficina en casa, alimentos y decoraci\u00f3n para regalos, coches de boda, tiendas y lugares festivos.<\/li>\n<\/ul>","protected":false},"excerpt":{"rendered":"<ul>\n<li>Cinta de remoci\u00f3n limpia formulada para trabajos de manualidades, envolver regalos, trabajos de oficina<\/li>\n<li>El reverso de polipropileno puede imprimirse a medida para una presentaci\u00f3n llamativa<\/li>\n<li>Se sujeta firmemente y se retira limpiamente sin da\u00f1ar los gr\u00e1ficos del envase primario<\/li>\n<\/ul>","protected":false},"featured_media":3142,"template":"","meta":{"slim_seo":{"title":"Clean Removal Stationery Tape - Cinta adhesiva Fabricante, surtidor, exportador | WINGTAI","description":"La cinta transparente brillante satisface las necesidades de una aplicaci\u00f3n vers\u00e1til, con buen poder de sujeci\u00f3n y grosor. Seguro para su uso en la foto o la etiqueta tambi\u00e9n puede mantener durante mucho tiempo. La cinta transparente es pr\u00e1cticamente transparente al contacto, no cubre las palabras. Respetuosa con el medio ambiente, cumple las directivas RoHS y REACH de la UE;"}},"product_brand":[],"product_cat":[51],"product_tag":[],"class_list":{"0":"post-2720","1":"product","2":"type-product","3":"status-publish","4":"has-post-thumbnail","6":"product_cat-office-tapes","8":"first","9":"instock","10":"shipping-taxable","11":"product-type-simple"},"_links":{"self":[{"href":"https:\/\/www.wingtaitape.com\/es\/wp-json\/wp\/v2\/product\/2720","targetHints":{"allow":["GET"]}}],"collection":[{"href":"https:\/\/www.wingtaitape.com\/es\/wp-json\/wp\/v2\/product"}],"about":[{"href":"https:\/\/www.wingtaitape.com\/es\/wp-json\/wp\/v2\/types\/product"}],"wp:featuredmedia":[{"embeddable":true,"href":"https:\/\/www.wingtaitape.com\/es\/wp-json\/wp\/v2\/media\/3142"}],"wp:attachment":[{"href":"https:\/\/www.wingtaitape.com\/es\/wp-json\/wp\/v2\/media?parent=2720"}],"wp:term":[{"taxonomy":"product_brand","embeddable":true,"href":"https:\/\/www.wingtaitape.com\/es\/wp-json\/wp\/v2\/product_brand?post=2720"},{"taxonomy":"product_cat","embeddable":true,"href":"https:\/\/www.wingtaitape.com\/es\/wp-json\/wp\/v2\/product_cat?post=2720"},{"taxonomy":"product_tag","embeddable":true,"href":"https:\/\/www.wingtaitape.com\/es\/wp-json\/wp\/v2\/product_tag?post=2720"}],"curies":[{"name":"wp","href":"https:\/\/api.w.org\/{rel}","templated":true}]}}