{"id":2727,"date":"2023-08-26T11:43:34","date_gmt":"2023-08-26T11:43:34","guid":{"rendered":"https:\/\/www.wingtaitape.com\/?post_type=product&#038;p=2727"},"modified":"2025-04-13T14:58:17","modified_gmt":"2025-04-13T06:58:17","slug":"nano-cinta","status":"publish","type":"product","link":"https:\/\/www.wingtaitape.com\/es\/producto\/nano-cinta\/","title":{"rendered":"NanoTape - Cinta adhesiva fuerte de doble cara"},"content":{"rendered":"<p><iframe title=\"Reproductor de v\u00eddeo YouTube\" src=\"https:\/\/www.youtube.com\/embed\/elug2_17zR0?si=80yzWRD3mN926ONO\" width=\"560\" height=\"315\" frameborder=\"0\" allowfullscreen=\"allowfullscreen\"><\/iframe><\/p>\n<h4><span style=\"font-family: 'Open Sans';\">Caracter\u00edsticas principales<\/span><\/h4>\n<ul>\n<li><strong>Material de espuma acr\u00edlica avanzada<\/strong>: Utiliza el \u00faltimo material de gel acr\u00edlico de nanotecnolog\u00eda para una resistencia y durabilidad excepcionales.<\/li>\n<li><strong>Resistente y duradero<\/strong>: Ofrece un agarre potente, capaz de sujetar objetos durante mucho tiempo.<\/li>\n<li><strong>Sin trazas ni residuos<\/strong>: Se retira sin dejar marcas ni residuos.<\/li>\n<li><strong>Tallas vers\u00e1tiles<\/strong>: Puede cortarse f\u00e1cilmente y adaptarse a la longitud deseada.<\/li>\n<li><strong>Resistente a la intemperie<\/strong>: Adecuado tanto para interiores como para exteriores, no se ve afectado por las condiciones meteorol\u00f3gicas.<\/li>\n<li><strong>Reutilizable<\/strong>: Se puede lavar y restaurar para un uso repetido.<\/li>\n<li><strong>Alta adherencia<\/strong>: Proporciona una fuerza adhesiva superior para un montaje fiable.<\/li>\n<\/ul>\n<h4><span style=\"font-family: 'Open Sans';\">Aplicaci\u00f3n<\/span><\/h4>\n<ul>\n<li><strong>Decoraci\u00f3n y organizaci\u00f3n del hogar<\/strong>: Ideal para colgar marcos de cuadros, adornos y otros art\u00edculos sin necesidad de taladrar.<\/li>\n<li><strong>Montaje multisuperficie<\/strong>: Se adhiere a una amplia gama de superficies como m\u00e1rmol, azulejos, vidrio, metal, madera, etc.<\/li>\n<li><strong>Uso creativo<\/strong>: Se puede utilizar para fijar cubiertas de cables, alfombras, decoraciones para fiestas y mucho m\u00e1s.<\/li>\n<li><strong>Soluci\u00f3n sin da\u00f1os<\/strong>: Perfecto para el montaje temporal en superficies lisas.<\/li>\n<li><strong>F\u00e1cil instalaci\u00f3n<\/strong>: Unos sencillos pasos garantizan una adhesi\u00f3n firme para obtener resultados duraderos.<\/li>\n<li><strong>Uso interior y exterior<\/strong>: Adecuado tanto para aplicaciones interiores como exteriores.<\/li>\n<li><strong>Proyectos de bricolaje<\/strong>: Ideal para diversos proyectos en hogares, oficinas, coches y mucho m\u00e1s.<\/li>\n<li><strong>Vinculaci\u00f3n instant\u00e1nea<\/strong>: Ofrece un montaje inmediato sin necesidad de tiempo de curado o secado.<\/li>\n<li><strong>Fijaci\u00f3n segura<\/strong>: Ideal para colgar fotos, estanter\u00edas, aparatos y mucho m\u00e1s con un agarre firme.<\/li>\n<\/ul>\n<p><img fetchpriority=\"high\" decoding=\"async\" class=\"alignnone size-full wp-image-6398\" src=\"https:\/\/www.wingtaitape.com\/wp-content\/uploads\/2023\/08\/nano-tape-5.jpg\" alt=\"Cinta de doble cara Nano\" width=\"1500\" height=\"1500\" srcset=\"https:\/\/www.wingtaitape.com\/wp-content\/uploads\/2023\/08\/nano-tape-5.jpg 1500w, https:\/\/www.wingtaitape.com\/wp-content\/uploads\/2023\/08\/nano-tape-5-600x600.jpg 600w, https:\/\/www.wingtaitape.com\/wp-content\/uploads\/2023\/08\/nano-tape-5-1024x1024.jpg 1024w, https:\/\/www.wingtaitape.com\/wp-content\/uploads\/2023\/08\/nano-tape-5-150x150.jpg 150w, https:\/\/www.wingtaitape.com\/wp-content\/uploads\/2023\/08\/nano-tape-5-768x768.jpg 768w, https:\/\/www.wingtaitape.com\/wp-content\/uploads\/2023\/08\/nano-tape-5-12x12.jpg 12w, https:\/\/www.wingtaitape.com\/wp-content\/uploads\/2023\/08\/nano-tape-5-800x800.jpg 800w, https:\/\/www.wingtaitape.com\/wp-content\/uploads\/2023\/08\/nano-tape-5-100x100.jpg 100w\" sizes=\"(max-width: 1500px) 100vw, 1500px\" \/> <img decoding=\"async\" class=\"alignnone size-full wp-image-6394\" src=\"https:\/\/www.wingtaitape.com\/wp-content\/uploads\/2023\/08\/nano-tape-1.jpg\" alt=\"Cinta de doble cara Nano\" width=\"1500\" height=\"1500\" srcset=\"https:\/\/www.wingtaitape.com\/wp-content\/uploads\/2023\/08\/nano-tape-1.jpg 1500w, https:\/\/www.wingtaitape.com\/wp-content\/uploads\/2023\/08\/nano-tape-1-600x600.jpg 600w, https:\/\/www.wingtaitape.com\/wp-content\/uploads\/2023\/08\/nano-tape-1-1024x1024.jpg 1024w, https:\/\/www.wingtaitape.com\/wp-content\/uploads\/2023\/08\/nano-tape-1-150x150.jpg 150w, https:\/\/www.wingtaitape.com\/wp-content\/uploads\/2023\/08\/nano-tape-1-768x768.jpg 768w, https:\/\/www.wingtaitape.com\/wp-content\/uploads\/2023\/08\/nano-tape-1-12x12.jpg 12w, https:\/\/www.wingtaitape.com\/wp-content\/uploads\/2023\/08\/nano-tape-1-800x800.jpg 800w, https:\/\/www.wingtaitape.com\/wp-content\/uploads\/2023\/08\/nano-tape-1-100x100.jpg 100w\" sizes=\"(max-width: 1500px) 100vw, 1500px\" \/> <img decoding=\"async\" class=\"alignnone size-full wp-image-6395\" src=\"https:\/\/www.wingtaitape.com\/wp-content\/uploads\/2023\/08\/nano-tape-2.jpg\" alt=\"Cinta de doble cara Nano\" width=\"1500\" height=\"1500\" srcset=\"https:\/\/www.wingtaitape.com\/wp-content\/uploads\/2023\/08\/nano-tape-2.jpg 1500w, https:\/\/www.wingtaitape.com\/wp-content\/uploads\/2023\/08\/nano-tape-2-600x600.jpg 600w, https:\/\/www.wingtaitape.com\/wp-content\/uploads\/2023\/08\/nano-tape-2-1024x1024.jpg 1024w, https:\/\/www.wingtaitape.com\/wp-content\/uploads\/2023\/08\/nano-tape-2-150x150.jpg 150w, https:\/\/www.wingtaitape.com\/wp-content\/uploads\/2023\/08\/nano-tape-2-768x768.jpg 768w, https:\/\/www.wingtaitape.com\/wp-content\/uploads\/2023\/08\/nano-tape-2-12x12.jpg 12w, https:\/\/www.wingtaitape.com\/wp-content\/uploads\/2023\/08\/nano-tape-2-800x800.jpg 800w, https:\/\/www.wingtaitape.com\/wp-content\/uploads\/2023\/08\/nano-tape-2-100x100.jpg 100w\" sizes=\"(max-width: 1500px) 100vw, 1500px\" \/> <img loading=\"lazy\" decoding=\"async\" class=\"alignnone size-full wp-image-6396\" src=\"https:\/\/www.wingtaitape.com\/wp-content\/uploads\/2023\/08\/nano-tape-3.jpg\" alt=\"Cinta de doble cara Nano\" width=\"1500\" height=\"1500\" srcset=\"https:\/\/www.wingtaitape.com\/wp-content\/uploads\/2023\/08\/nano-tape-3.jpg 1500w, https:\/\/www.wingtaitape.com\/wp-content\/uploads\/2023\/08\/nano-tape-3-600x600.jpg 600w, https:\/\/www.wingtaitape.com\/wp-content\/uploads\/2023\/08\/nano-tape-3-1024x1024.jpg 1024w, https:\/\/www.wingtaitape.com\/wp-content\/uploads\/2023\/08\/nano-tape-3-150x150.jpg 150w, https:\/\/www.wingtaitape.com\/wp-content\/uploads\/2023\/08\/nano-tape-3-768x768.jpg 768w, https:\/\/www.wingtaitape.com\/wp-content\/uploads\/2023\/08\/nano-tape-3-12x12.jpg 12w, https:\/\/www.wingtaitape.com\/wp-content\/uploads\/2023\/08\/nano-tape-3-800x800.jpg 800w, https:\/\/www.wingtaitape.com\/wp-content\/uploads\/2023\/08\/nano-tape-3-100x100.jpg 100w\" sizes=\"(max-width: 1500px) 100vw, 1500px\" \/> <img loading=\"lazy\" decoding=\"async\" class=\"alignnone size-full wp-image-6397\" src=\"https:\/\/www.wingtaitape.com\/wp-content\/uploads\/2023\/08\/nano-tape-4.jpg\" alt=\"Cinta de doble cara Nano\" width=\"1500\" height=\"1500\" srcset=\"https:\/\/www.wingtaitape.com\/wp-content\/uploads\/2023\/08\/nano-tape-4.jpg 1500w, https:\/\/www.wingtaitape.com\/wp-content\/uploads\/2023\/08\/nano-tape-4-600x600.jpg 600w, https:\/\/www.wingtaitape.com\/wp-content\/uploads\/2023\/08\/nano-tape-4-1024x1024.jpg 1024w, https:\/\/www.wingtaitape.com\/wp-content\/uploads\/2023\/08\/nano-tape-4-150x150.jpg 150w, https:\/\/www.wingtaitape.com\/wp-content\/uploads\/2023\/08\/nano-tape-4-768x768.jpg 768w, https:\/\/www.wingtaitape.com\/wp-content\/uploads\/2023\/08\/nano-tape-4-12x12.jpg 12w, https:\/\/www.wingtaitape.com\/wp-content\/uploads\/2023\/08\/nano-tape-4-800x800.jpg 800w, https:\/\/www.wingtaitape.com\/wp-content\/uploads\/2023\/08\/nano-tape-4-100x100.jpg 100w\" sizes=\"(max-width: 1500px) 100vw, 1500px\" \/><\/p>","protected":false},"excerpt":{"rendered":"<ul>\n<li>Pegue, retire y reutilice sin esfuerzo con NanoTape.<\/li>\n<li>Fabricada con gel acr\u00edlico avanzado, esta cinta es vers\u00e1til y no deja rastro. Perfecta para el hogar, la oficina o el coche.<\/li>\n<\/ul>","protected":false},"featured_media":3138,"template":"","meta":{"slim_seo":{"title":"NanoTape - Cinta adhesiva fuerte doble cara - Cinta adhesiva Fabricante, surtidor, exportador | WINGTAI","description":"NanoTape: Pega, retira y reutiliza con facilidad. Vers\u00e1til para el hogar, la oficina y mucho m\u00e1s. Diga adi\u00f3s a los residuos y disfrute de un montaje sin complicaciones."}},"product_brand":[],"product_cat":[30,35,41],"product_tag":[],"class_list":{"0":"post-2727","1":"product","2":"type-product","3":"status-publish","4":"has-post-thumbnail","6":"product_cat-acrylic-foam-tape","7":"product_cat-double-coated-tapes","8":"product_cat-foam-tapes","10":"first","11":"instock","12":"shipping-taxable","13":"product-type-simple"},"_links":{"self":[{"href":"https:\/\/www.wingtaitape.com\/es\/wp-json\/wp\/v2\/product\/2727","targetHints":{"allow":["GET"]}}],"collection":[{"href":"https:\/\/www.wingtaitape.com\/es\/wp-json\/wp\/v2\/product"}],"about":[{"href":"https:\/\/www.wingtaitape.com\/es\/wp-json\/wp\/v2\/types\/product"}],"wp:featuredmedia":[{"embeddable":true,"href":"https:\/\/www.wingtaitape.com\/es\/wp-json\/wp\/v2\/media\/3138"}],"wp:attachment":[{"href":"https:\/\/www.wingtaitape.com\/es\/wp-json\/wp\/v2\/media?parent=2727"}],"wp:term":[{"taxonomy":"product_brand","embeddable":true,"href":"https:\/\/www.wingtaitape.com\/es\/wp-json\/wp\/v2\/product_brand?post=2727"},{"taxonomy":"product_cat","embeddable":true,"href":"https:\/\/www.wingtaitape.com\/es\/wp-json\/wp\/v2\/product_cat?post=2727"},{"taxonomy":"product_tag","embeddable":true,"href":"https:\/\/www.wingtaitape.com\/es\/wp-json\/wp\/v2\/product_tag?post=2727"}],"curies":[{"name":"wp","href":"https:\/\/api.w.org\/{rel}","templated":true}]}}