{"id":2757,"date":"2023-09-02T09:30:13","date_gmt":"2023-09-02T09:30:13","guid":{"rendered":"https:\/\/www.wingtaitape.com\/?post_type=product&#038;p=2757"},"modified":"2026-01-20T14:46:49","modified_gmt":"2026-01-20T06:46:49","slug":"cinta-adhesiva-industrial-de-doble-cara","status":"publish","type":"product","link":"https:\/\/www.wingtaitape.com\/es\/producto\/cinta-adhesiva-industrial-de-doble-cara\/","title":{"rendered":"Cinta adhesiva industrial de doble cara"},"content":{"rendered":"<h4><span style=\"font-family: 'Open Sans';\">Caracter\u00edsticas principales<\/span><\/h4>\n<ul>\n<li>Buenos valores de adherencia en sustratos polares<\/li>\n<li>Buena resistencia a la temperatura<\/li>\n<li>Buenas propiedades de conversi\u00f3n<\/li>\n<li>Ofrece una fuerza adhesiva superior y excelente en la fijaci\u00f3n de piezas<\/li>\n<li>Presenta buenas propiedades para pegar sustratos con un cambio de dimensi\u00f3n comparativamente grande debido al calor, como cuando se pegan placas de metal y pl\u00e1stico<\/li>\n<\/ul>\n<h4><span style=\"font-family: 'Open Sans';\">Aplicaci\u00f3n<\/span><\/h4>\n<ul>\n<li>Laminaci\u00f3n de espuma y caucho<\/li>\n<li>Montaje de placas de identificaci\u00f3n de metal punzonado, interruptores de pel\u00edcula, evaporador en frigor\u00edfico, as\u00ed como electrodom\u00e9sticos y aparatos electr\u00f3nicos. Resistencia a 100\u00b0C<\/li>\n<li>Pegado de paneles decorativos de ABS, paneles expositores de pl\u00e1stico<\/li>\n<li>Montaje y ensamblaje de componentes en dispositivos electr\u00f3nicos<\/li>\n<\/ul>\n<p>&nbsp;<\/p>","protected":false},"excerpt":{"rendered":"<ul>\n<li>Ofrece una fuerza adhesiva superior y excelente en la fijaci\u00f3n de piezas<\/li>\n<li>Presenta buenas propiedades para pegar sustratos con un cambio de dimensi\u00f3n comparativamente grande debido al calor, como cuando se pegan placas de metal y pl\u00e1stico<\/li>\n<\/ul>","protected":false},"featured_media":3130,"template":"","meta":{"slim_seo":{"title":"Cinta adhesiva doble cara industrial - Cinta adhesiva Fabricante, surtidor, exportador | WINGTAI","description":"La cinta industrial de doble cara ofrece una fuerza adhesiva superior y excelente en la fijaci\u00f3n de piezas Presenta buenas propiedades para pegar sustratos."}},"product_brand":[],"product_cat":[35,43],"product_tag":[],"class_list":{"0":"post-2757","1":"product","2":"type-product","3":"status-publish","4":"has-post-thumbnail","6":"product_cat-double-coated-tapes","7":"product_cat-industrial-tape","9":"first","10":"instock","11":"featured","12":"shipping-taxable","13":"product-type-simple"},"_links":{"self":[{"href":"https:\/\/www.wingtaitape.com\/es\/wp-json\/wp\/v2\/product\/2757","targetHints":{"allow":["GET"]}}],"collection":[{"href":"https:\/\/www.wingtaitape.com\/es\/wp-json\/wp\/v2\/product"}],"about":[{"href":"https:\/\/www.wingtaitape.com\/es\/wp-json\/wp\/v2\/types\/product"}],"wp:featuredmedia":[{"embeddable":true,"href":"https:\/\/www.wingtaitape.com\/es\/wp-json\/wp\/v2\/media\/3130"}],"wp:attachment":[{"href":"https:\/\/www.wingtaitape.com\/es\/wp-json\/wp\/v2\/media?parent=2757"}],"wp:term":[{"taxonomy":"product_brand","embeddable":true,"href":"https:\/\/www.wingtaitape.com\/es\/wp-json\/wp\/v2\/product_brand?post=2757"},{"taxonomy":"product_cat","embeddable":true,"href":"https:\/\/www.wingtaitape.com\/es\/wp-json\/wp\/v2\/product_cat?post=2757"},{"taxonomy":"product_tag","embeddable":true,"href":"https:\/\/www.wingtaitape.com\/es\/wp-json\/wp\/v2\/product_tag?post=2757"}],"curies":[{"name":"wp","href":"https:\/\/api.w.org\/{rel}","templated":true}]}}