{"id":2771,"date":"2023-09-02T09:54:24","date_gmt":"2023-09-02T09:54:24","guid":{"rendered":"https:\/\/www.wingtaitape.com\/?post_type=product&#038;p=2771"},"modified":"2023-12-10T21:46:11","modified_gmt":"2023-12-10T13:46:11","slug":"cinta-de-espuma-eva-de-doble-cara","status":"publish","type":"product","link":"https:\/\/www.wingtaitape.com\/es\/producto\/cinta-de-espuma-eva-de-doble-cara\/","title":{"rendered":"Cinta de espuma EVA de doble cara"},"content":{"rendered":"<h4><span style=\"font-family: 'Open Sans';\">Caracter\u00edsticas principales<\/span><\/h4>\n<ul>\n<li>A prueba de humedad y buena resistencia al agua, f\u00e1cil de cortar y pegar; absorbente de impactos;<\/li>\n<li>Buenas propiedades de envejecimiento y resistencia a los cambios clim\u00e1ticos.<\/li>\n<\/ul>\n<h4><span style=\"font-family: 'Open Sans';\">Aplicaci\u00f3n<\/span><\/h4>\n<ul>\n<li>Ampliamente utilizado para la uni\u00f3n de autom\u00f3viles, acondicionadores de aire, frigor\u00edficos, electrodom\u00e9sticos, ingenier\u00eda de refrigeraci\u00f3n y diversos tipos de piezas el\u00e9ctricas a prueba de golpes, superficies curvas o rugosas, ingenier\u00eda de publicidad y decoraci\u00f3n.<\/li>\n<\/ul>","protected":false},"excerpt":{"rendered":"<ul>\n<li>A prueba de humedad y buena resistencia al agua, f\u00e1cil de cortar y pegar; absorbente de impactos;<\/li>\n<li>Buenas propiedades de envejecimiento y resistencia a los cambios clim\u00e1ticos.<\/li>\n<\/ul>","protected":false},"featured_media":3121,"template":"","meta":{"slim_seo":{"title":"EVA cinta espuma doble cara - Cinta adhesiva Fabricante, surtidor, exportador | WINGTAI","description":"Cinta de espuma EVA, a prueba de humedad y buena resistencia al agua, f\u00e1cil de cortar y pegar; absorbente de impactos; buenas propiedades de envejecimiento y resistente a los cambios clim\u00e1ticos."}},"product_brand":[],"product_cat":[35,38,41],"product_tag":[],"class_list":{"0":"post-2771","1":"product","2":"type-product","3":"status-publish","4":"has-post-thumbnail","6":"product_cat-double-coated-tapes","7":"product_cat-eva-foam-tape","8":"product_cat-foam-tapes","10":"first","11":"instock","12":"shipping-taxable","13":"product-type-simple"},"_links":{"self":[{"href":"https:\/\/www.wingtaitape.com\/es\/wp-json\/wp\/v2\/product\/2771","targetHints":{"allow":["GET"]}}],"collection":[{"href":"https:\/\/www.wingtaitape.com\/es\/wp-json\/wp\/v2\/product"}],"about":[{"href":"https:\/\/www.wingtaitape.com\/es\/wp-json\/wp\/v2\/types\/product"}],"wp:featuredmedia":[{"embeddable":true,"href":"https:\/\/www.wingtaitape.com\/es\/wp-json\/wp\/v2\/media\/3121"}],"wp:attachment":[{"href":"https:\/\/www.wingtaitape.com\/es\/wp-json\/wp\/v2\/media?parent=2771"}],"wp:term":[{"taxonomy":"product_brand","embeddable":true,"href":"https:\/\/www.wingtaitape.com\/es\/wp-json\/wp\/v2\/product_brand?post=2771"},{"taxonomy":"product_cat","embeddable":true,"href":"https:\/\/www.wingtaitape.com\/es\/wp-json\/wp\/v2\/product_cat?post=2771"},{"taxonomy":"product_tag","embeddable":true,"href":"https:\/\/www.wingtaitape.com\/es\/wp-json\/wp\/v2\/product_tag?post=2771"}],"curies":[{"name":"wp","href":"https:\/\/api.w.org\/{rel}","templated":true}]}}