{"id":2774,"date":"2023-09-02T10:03:14","date_gmt":"2023-09-02T10:03:14","guid":{"rendered":"https:\/\/www.wingtaitape.com\/?post_type=product&#038;p=2774"},"modified":"2023-12-10T21:45:16","modified_gmt":"2023-12-10T13:45:16","slug":"cinta-de-espuma-de-doble-cara-pe","status":"publish","type":"product","link":"https:\/\/www.wingtaitape.com\/es\/producto\/cinta-de-espuma-de-doble-cara-pe\/","title":{"rendered":"Cinta de espuma de doble cara PE"},"content":{"rendered":"<h4><span style=\"font-family: 'Open Sans';\">Caracter\u00edsticas principales<\/span><\/h4>\n<ul>\n<li>La fuerte adherencia soporta fuerzas de moderadas a fuertes.<\/li>\n<li>\n<div>La cinta adhesiva de doble cara est\u00e1 dise\u00f1ada para resistir la curvatura, por lo que el proceso de instalaci\u00f3n es r\u00e1pido, f\u00e1cil y sin complicaciones.<\/div>\n<\/li>\n<li>\n<div>Resiste temperaturas extremas, humedad, rayos UV, etc., y es antipolvo.<\/div>\n<\/li>\n<li>\n<div>Sin olor desagradable y no t\u00f3xico, ins\u00edpido, protecci\u00f3n del medio ambiente y sin decoloraci\u00f3n.<\/div>\n<\/li>\n<li>\n<div>El adhesivo resistente a la intemperie permite a los propietarios de viviendas y empresas tener una uni\u00f3n herm\u00e9tica.<\/div>\n<\/li>\n<\/ul>\n<h4><span style=\"font-family: 'Open Sans';\">Aplicaci\u00f3n<\/span><\/h4>\n<ul>\n<li>Seguro para metal, hormig\u00f3n, m\u00e1rmol, azulejos, ladrillos, molduras, molduras en Autom\u00f3viles, placas de matr\u00edcula de coches, placas de identificaci\u00f3n, placas de direcciones, se\u00f1ales, soportes de coches, azulejos, cristales grandes\/aluminio, reacondicionamiento de veh\u00edculos para kit de carrocer\u00eda\/parachoques delantero\/parachoques trasero\/fald\u00f3n lateral.<\/li>\n<li>\n<div>Gran reparaci\u00f3n de panel de electrodom\u00e9sticos, pantalla, buz\u00f3n de metal, espejos, perchas, sostiene servo, ESC, receptores, electr\u00f3nica en coche, drones, quadcopters, artesan\u00edas, clavos falsos y as\u00ed sucesivamente.<\/div>\n<\/li>\n<li>\n<div>Ampliamente utilizado para el protector de la pantalla del tel\u00e9fono celular, pantalla LCD, tablet PC, lente, bater\u00eda, y la cubierta de la c\u00e1mara, almohadillas de goma, vallas publicitarias, publicidad, letrero, cartel, fabricaci\u00f3n de tarjetas 3d, hogar, oficina, taller, etc.<\/div>\n<\/li>\n<\/ul>","protected":false},"excerpt":{"rendered":"<ul>\n<li>La fuerte adherencia soporta fuerzas de moderadas a fuertes.<\/li>\n<li>\n<div>La cinta adhesiva de doble cara est\u00e1 dise\u00f1ada para resistir la curvatura, por lo que el proceso de instalaci\u00f3n es r\u00e1pido, f\u00e1cil y sin complicaciones.<\/div>\n<\/li>\n<\/ul>","protected":false},"featured_media":3119,"template":"","meta":{"slim_seo":{"title":"PE cinta adhesiva doble cara espuma - Cinta adhesiva Fabricante, surtidor, exportador | WINGTAI","description":"La cinta de espuma de polietileno (PE) es una cinta de uni\u00f3n fuerte que soporta fuerzas de moderadas a fuertes; est\u00e1 dise\u00f1ada para resistir el curvado, lo que hace que el proceso de instalaci\u00f3n sea r\u00e1pido, f\u00e1cil y sin complicaciones."}},"product_brand":[],"product_cat":[35,41,53],"product_tag":[],"class_list":{"0":"post-2774","1":"product","2":"type-product","3":"status-publish","4":"has-post-thumbnail","6":"product_cat-double-coated-tapes","7":"product_cat-foam-tapes","8":"product_cat-pe-foam-tape","10":"first","11":"instock","12":"shipping-taxable","13":"product-type-simple"},"_links":{"self":[{"href":"https:\/\/www.wingtaitape.com\/es\/wp-json\/wp\/v2\/product\/2774","targetHints":{"allow":["GET"]}}],"collection":[{"href":"https:\/\/www.wingtaitape.com\/es\/wp-json\/wp\/v2\/product"}],"about":[{"href":"https:\/\/www.wingtaitape.com\/es\/wp-json\/wp\/v2\/types\/product"}],"wp:featuredmedia":[{"embeddable":true,"href":"https:\/\/www.wingtaitape.com\/es\/wp-json\/wp\/v2\/media\/3119"}],"wp:attachment":[{"href":"https:\/\/www.wingtaitape.com\/es\/wp-json\/wp\/v2\/media?parent=2774"}],"wp:term":[{"taxonomy":"product_brand","embeddable":true,"href":"https:\/\/www.wingtaitape.com\/es\/wp-json\/wp\/v2\/product_brand?post=2774"},{"taxonomy":"product_cat","embeddable":true,"href":"https:\/\/www.wingtaitape.com\/es\/wp-json\/wp\/v2\/product_cat?post=2774"},{"taxonomy":"product_tag","embeddable":true,"href":"https:\/\/www.wingtaitape.com\/es\/wp-json\/wp\/v2\/product_tag?post=2774"}],"curies":[{"name":"wp","href":"https:\/\/api.w.org\/{rel}","templated":true}]}}