{"id":2779,"date":"2023-09-03T01:07:41","date_gmt":"2023-09-03T01:07:41","guid":{"rendered":"https:\/\/www.wingtaitape.com\/?post_type=product&#038;p=2779"},"modified":"2025-04-13T20:48:39","modified_gmt":"2025-04-13T12:48:39","slug":"cinta-para-marcar-el-suelo","status":"publish","type":"product","link":"https:\/\/www.wingtaitape.com\/es\/producto\/cinta-para-marcar-el-suelo\/","title":{"rendered":"Cinta de se\u00f1alizaci\u00f3n de suelos - Brillante"},"content":{"rendered":"<p>Las cintas de se\u00f1alizaci\u00f3n de suelos, tambi\u00e9n conocidas como cinta de barrera, cinta de precauci\u00f3n, cinta de advertencia, cinta de peligro o cinta de peligro, se utilizan para marcar peligros, dividir espacios, crear pasillos o proporcionar indicaciones. Suelen utilizarse en instalaciones industriales y de fabricaci\u00f3n para se\u00f1alizar el suelo.<\/p>\n<p>Las cintas para marcar el suelo tambi\u00e9n pueden ser \u00fatiles para ayudar a los trabajadores a colocar los materiales y equipos en el lugar correcto, lo que las convierte en herramientas clave para la implantaci\u00f3n de las 5S y la fabricaci\u00f3n ajustada. Distinguir entre productos acabados, materias primas, productos por reparar y equipos garantiza que los errores se reduzcan al m\u00ednimo y que la productividad y la seguridad se mantengan en los niveles m\u00e1s altos.<\/p>\n<p>Las cintas son un sustituto eficaz de las pinturas. Las cintas son mucho m\u00e1s r\u00e1pidas y f\u00e1ciles de instalar y sustituir, lo que reduce dr\u00e1sticamente los tiempos de inactividad relacionados con el pintado de pasillos y barandillas.<\/p>\n<h4><span style=\"font-family: 'Open Sans';\">Caracter\u00edsticas principales<\/span><\/h4>\n<ul>\n<li>Antiabrasi\u00f3n.<\/li>\n<li>Multicolores, buena conformidad.<\/li>\n<\/ul>\n<h4><span style=\"font-family: 'Open Sans';\">Aplicaci\u00f3n<\/span><\/h4>\n<ul>\n<li>Se utiliza para marcar equipos y zonas peligrosas.<\/li>\n<\/ul>\n<p>&nbsp;<\/p>\n<p><strong>Especificado para colores de cinta de se\u00f1alizaci\u00f3n de suelos<\/strong><\/p>\n<p><img decoding=\"async\" class=\"alignnone size-full wp-image-2787\" src=\"https:\/\/www.wingtaitape.com\/wp-content\/uploads\/2023\/09\/Floor-marking-tape-color.png\" alt=\"\" width=\"554\" height=\"90\" \/><\/p>\n<ul>\n<li>Negro \/ amarillo para riesgos f\u00edsicos, se\u00f1alizaci\u00f3n de pasillos de talleres.<\/li>\n<li>Rojo \/ blanco para equipos de prevenci\u00f3n y protecci\u00f3n contra incendios.<\/li>\n<li>Blanco y negro para limpieza<\/li>\n<li>Verde \/ blanco para seguridad y primeros auxilios<\/li>\n<li>Azul \/ blanco para maquinaria defectuosa<\/li>\n<li>Naranja \/ blanco para tr\u00e1fico y advertencia de precauci\u00f3n<\/li>\n<li>Verde para el producto cualificado<\/li>\n<li>Rojo por producto defectuoso<\/li>\n<\/ul>\n<p><img fetchpriority=\"high\" decoding=\"async\" class=\"alignnone size-full wp-image-6423\" src=\"https:\/\/www.wingtaitape.com\/wp-content\/uploads\/2023\/09\/BOPP-floor-marking-tape-d_01.jpg\" alt=\"Cinta de marcaje de suelos brillante BOPP\" width=\"790\" height=\"965\" srcset=\"https:\/\/www.wingtaitape.com\/wp-content\/uploads\/2023\/09\/BOPP-floor-marking-tape-d_01.jpg 790w, https:\/\/www.wingtaitape.com\/wp-content\/uploads\/2023\/09\/BOPP-floor-marking-tape-d_01-491x600.jpg 491w, https:\/\/www.wingtaitape.com\/wp-content\/uploads\/2023\/09\/BOPP-floor-marking-tape-d_01-768x938.jpg 768w, https:\/\/www.wingtaitape.com\/wp-content\/uploads\/2023\/09\/BOPP-floor-marking-tape-d_01-10x12.jpg 10w, https:\/\/www.wingtaitape.com\/wp-content\/uploads\/2023\/09\/BOPP-floor-marking-tape-d_01-600x733.jpg 600w\" sizes=\"(max-width: 790px) 100vw, 790px\" \/> <img decoding=\"async\" class=\"alignnone size-full wp-image-6424\" src=\"https:\/\/www.wingtaitape.com\/wp-content\/uploads\/2023\/09\/BOPP-floor-marking-tape-d_02.jpg\" alt=\"Cinta de marcaje de suelos brillante BOPP\" width=\"790\" height=\"1221\" srcset=\"https:\/\/www.wingtaitape.com\/wp-content\/uploads\/2023\/09\/BOPP-floor-marking-tape-d_02.jpg 790w, https:\/\/www.wingtaitape.com\/wp-content\/uploads\/2023\/09\/BOPP-floor-marking-tape-d_02-388x600.jpg 388w, https:\/\/www.wingtaitape.com\/wp-content\/uploads\/2023\/09\/BOPP-floor-marking-tape-d_02-663x1024.jpg 663w, https:\/\/www.wingtaitape.com\/wp-content\/uploads\/2023\/09\/BOPP-floor-marking-tape-d_02-768x1187.jpg 768w, https:\/\/www.wingtaitape.com\/wp-content\/uploads\/2023\/09\/BOPP-floor-marking-tape-d_02-8x12.jpg 8w, https:\/\/www.wingtaitape.com\/wp-content\/uploads\/2023\/09\/BOPP-floor-marking-tape-d_02-600x927.jpg 600w\" sizes=\"(max-width: 790px) 100vw, 790px\" \/><\/p>\n<p><img loading=\"lazy\" decoding=\"async\" class=\"alignnone wp-image-6435\" src=\"https:\/\/www.wingtaitape.com\/wp-content\/uploads\/2023\/09\/floor-tape-11.jpg\" alt=\"cinta para marcar el suelo\" width=\"790\" height=\"790\" srcset=\"https:\/\/www.wingtaitape.com\/wp-content\/uploads\/2023\/09\/floor-tape-11.jpg 800w, https:\/\/www.wingtaitape.com\/wp-content\/uploads\/2023\/09\/floor-tape-11-600x600.jpg 600w, https:\/\/www.wingtaitape.com\/wp-content\/uploads\/2023\/09\/floor-tape-11-150x150.jpg 150w, https:\/\/www.wingtaitape.com\/wp-content\/uploads\/2023\/09\/floor-tape-11-768x768.jpg 768w, https:\/\/www.wingtaitape.com\/wp-content\/uploads\/2023\/09\/floor-tape-11-12x12.jpg 12w, https:\/\/www.wingtaitape.com\/wp-content\/uploads\/2023\/09\/floor-tape-11-100x100.jpg 100w\" sizes=\"(max-width: 790px) 100vw, 790px\" \/> <img loading=\"lazy\" decoding=\"async\" class=\"alignnone size-full wp-image-6425\" src=\"https:\/\/www.wingtaitape.com\/wp-content\/uploads\/2023\/09\/BOPP-floor-marking-tape-d_03.jpg\" alt=\"Cinta de marcaje de suelos brillante BOPP\" width=\"790\" height=\"825\" srcset=\"https:\/\/www.wingtaitape.com\/wp-content\/uploads\/2023\/09\/BOPP-floor-marking-tape-d_03.jpg 790w, https:\/\/www.wingtaitape.com\/wp-content\/uploads\/2023\/09\/BOPP-floor-marking-tape-d_03-575x600.jpg 575w, https:\/\/www.wingtaitape.com\/wp-content\/uploads\/2023\/09\/BOPP-floor-marking-tape-d_03-768x802.jpg 768w, https:\/\/www.wingtaitape.com\/wp-content\/uploads\/2023\/09\/BOPP-floor-marking-tape-d_03-11x12.jpg 11w, https:\/\/www.wingtaitape.com\/wp-content\/uploads\/2023\/09\/BOPP-floor-marking-tape-d_03-600x627.jpg 600w\" sizes=\"(max-width: 790px) 100vw, 790px\" \/> <img loading=\"lazy\" decoding=\"async\" class=\"alignnone size-full wp-image-6426\" src=\"https:\/\/www.wingtaitape.com\/wp-content\/uploads\/2023\/09\/BOPP-floor-marking-tape-d_04.jpg\" alt=\"Cinta de marcaje de suelos brillante BOPP\" width=\"790\" height=\"762\" srcset=\"https:\/\/www.wingtaitape.com\/wp-content\/uploads\/2023\/09\/BOPP-floor-marking-tape-d_04.jpg 790w, https:\/\/www.wingtaitape.com\/wp-content\/uploads\/2023\/09\/BOPP-floor-marking-tape-d_04-600x579.jpg 600w, https:\/\/www.wingtaitape.com\/wp-content\/uploads\/2023\/09\/BOPP-floor-marking-tape-d_04-768x741.jpg 768w, https:\/\/www.wingtaitape.com\/wp-content\/uploads\/2023\/09\/BOPP-floor-marking-tape-d_04-12x12.jpg 12w\" sizes=\"(max-width: 790px) 100vw, 790px\" \/> <img loading=\"lazy\" decoding=\"async\" class=\"alignnone size-full wp-image-6427\" src=\"https:\/\/www.wingtaitape.com\/wp-content\/uploads\/2023\/09\/BOPP-floor-marking-tape-d_05.jpg\" alt=\"Cinta de marcaje de suelos brillante BOPP\" width=\"790\" height=\"944\" srcset=\"https:\/\/www.wingtaitape.com\/wp-content\/uploads\/2023\/09\/BOPP-floor-marking-tape-d_05.jpg 790w, https:\/\/www.wingtaitape.com\/wp-content\/uploads\/2023\/09\/BOPP-floor-marking-tape-d_05-502x600.jpg 502w, https:\/\/www.wingtaitape.com\/wp-content\/uploads\/2023\/09\/BOPP-floor-marking-tape-d_05-768x918.jpg 768w, https:\/\/www.wingtaitape.com\/wp-content\/uploads\/2023\/09\/BOPP-floor-marking-tape-d_05-10x12.jpg 10w, https:\/\/www.wingtaitape.com\/wp-content\/uploads\/2023\/09\/BOPP-floor-marking-tape-d_05-600x717.jpg 600w\" sizes=\"(max-width: 790px) 100vw, 790px\" \/> <img loading=\"lazy\" decoding=\"async\" class=\"alignnone size-full wp-image-6428\" src=\"https:\/\/www.wingtaitape.com\/wp-content\/uploads\/2023\/09\/BOPP-floor-marking-tape-d_06.jpg\" alt=\"Cinta de marcaje de suelos brillante BOPP\" width=\"790\" height=\"972\" srcset=\"https:\/\/www.wingtaitape.com\/wp-content\/uploads\/2023\/09\/BOPP-floor-marking-tape-d_06.jpg 790w, https:\/\/www.wingtaitape.com\/wp-content\/uploads\/2023\/09\/BOPP-floor-marking-tape-d_06-488x600.jpg 488w, https:\/\/www.wingtaitape.com\/wp-content\/uploads\/2023\/09\/BOPP-floor-marking-tape-d_06-768x945.jpg 768w, https:\/\/www.wingtaitape.com\/wp-content\/uploads\/2023\/09\/BOPP-floor-marking-tape-d_06-10x12.jpg 10w, https:\/\/www.wingtaitape.com\/wp-content\/uploads\/2023\/09\/BOPP-floor-marking-tape-d_06-600x738.jpg 600w\" sizes=\"(max-width: 790px) 100vw, 790px\" \/> <img loading=\"lazy\" decoding=\"async\" class=\"alignnone size-full wp-image-6429\" src=\"https:\/\/www.wingtaitape.com\/wp-content\/uploads\/2023\/09\/BOPP-floor-marking-tape-d_07.jpg\" alt=\"Cinta de marcaje de suelos brillante BOPP\" width=\"790\" height=\"1078\" srcset=\"https:\/\/www.wingtaitape.com\/wp-content\/uploads\/2023\/09\/BOPP-floor-marking-tape-d_07.jpg 790w, https:\/\/www.wingtaitape.com\/wp-content\/uploads\/2023\/09\/BOPP-floor-marking-tape-d_07-440x600.jpg 440w, https:\/\/www.wingtaitape.com\/wp-content\/uploads\/2023\/09\/BOPP-floor-marking-tape-d_07-750x1024.jpg 750w, https:\/\/www.wingtaitape.com\/wp-content\/uploads\/2023\/09\/BOPP-floor-marking-tape-d_07-768x1048.jpg 768w, https:\/\/www.wingtaitape.com\/wp-content\/uploads\/2023\/09\/BOPP-floor-marking-tape-d_07-9x12.jpg 9w, https:\/\/www.wingtaitape.com\/wp-content\/uploads\/2023\/09\/BOPP-floor-marking-tape-d_07-600x819.jpg 600w\" sizes=\"(max-width: 790px) 100vw, 790px\" \/> <img loading=\"lazy\" decoding=\"async\" class=\"alignnone size-full wp-image-6430\" src=\"https:\/\/www.wingtaitape.com\/wp-content\/uploads\/2023\/09\/BOPP-floor-marking-tape-d_08.jpg\" alt=\"Cinta de marcaje de suelos brillante BOPP\" width=\"790\" height=\"828\" srcset=\"https:\/\/www.wingtaitape.com\/wp-content\/uploads\/2023\/09\/BOPP-floor-marking-tape-d_08.jpg 790w, https:\/\/www.wingtaitape.com\/wp-content\/uploads\/2023\/09\/BOPP-floor-marking-tape-d_08-572x600.jpg 572w, https:\/\/www.wingtaitape.com\/wp-content\/uploads\/2023\/09\/BOPP-floor-marking-tape-d_08-768x805.jpg 768w, https:\/\/www.wingtaitape.com\/wp-content\/uploads\/2023\/09\/BOPP-floor-marking-tape-d_08-11x12.jpg 11w, https:\/\/www.wingtaitape.com\/wp-content\/uploads\/2023\/09\/BOPP-floor-marking-tape-d_08-600x629.jpg 600w\" sizes=\"(max-width: 790px) 100vw, 790px\" \/> <img loading=\"lazy\" decoding=\"async\" class=\"alignnone size-full wp-image-6431\" src=\"https:\/\/www.wingtaitape.com\/wp-content\/uploads\/2023\/09\/BOPP-floor-marking-tape-d_09.jpg\" alt=\"Cinta de marcaje de suelos brillante BOPP\" width=\"790\" height=\"779\" srcset=\"https:\/\/www.wingtaitape.com\/wp-content\/uploads\/2023\/09\/BOPP-floor-marking-tape-d_09.jpg 790w, https:\/\/www.wingtaitape.com\/wp-content\/uploads\/2023\/09\/BOPP-floor-marking-tape-d_09-600x592.jpg 600w, https:\/\/www.wingtaitape.com\/wp-content\/uploads\/2023\/09\/BOPP-floor-marking-tape-d_09-768x757.jpg 768w, https:\/\/www.wingtaitape.com\/wp-content\/uploads\/2023\/09\/BOPP-floor-marking-tape-d_09-12x12.jpg 12w, https:\/\/www.wingtaitape.com\/wp-content\/uploads\/2023\/09\/BOPP-floor-marking-tape-d_09-100x100.jpg 100w\" sizes=\"(max-width: 790px) 100vw, 790px\" \/><\/p>","protected":false},"excerpt":{"rendered":"<ul>\n<li>Brillante y antiabrasi\u00f3n.<\/li>\n<li>Multicolores, buena conformidad;<\/li>\n<\/ul>","protected":false},"featured_media":3112,"template":"","meta":{"slim_seo":{"title":"Cinta marcaje suelo - Brillante - Cinta adhesiva Fabricante, surtidor, exportador | WINGTAI","description":"Las cintas de se\u00f1alizaci\u00f3n de suelos, tambi\u00e9n conocidas como cinta de barrera, cinta de precauci\u00f3n, cinta de advertencia, cinta de peligro o cinta de peligro, se utilizan para marcar peligros, dividir espacios, crear pasillos o proporcionar indicaciones."}},"product_brand":[],"product_cat":[31],"product_tag":[],"class_list":{"0":"post-2779","1":"product","2":"type-product","3":"status-publish","4":"has-post-thumbnail","6":"product_cat-barricade-warning-tapes","8":"first","9":"instock","10":"featured","11":"shipping-taxable","12":"product-type-simple"},"_links":{"self":[{"href":"https:\/\/www.wingtaitape.com\/es\/wp-json\/wp\/v2\/product\/2779","targetHints":{"allow":["GET"]}}],"collection":[{"href":"https:\/\/www.wingtaitape.com\/es\/wp-json\/wp\/v2\/product"}],"about":[{"href":"https:\/\/www.wingtaitape.com\/es\/wp-json\/wp\/v2\/types\/product"}],"wp:featuredmedia":[{"embeddable":true,"href":"https:\/\/www.wingtaitape.com\/es\/wp-json\/wp\/v2\/media\/3112"}],"wp:attachment":[{"href":"https:\/\/www.wingtaitape.com\/es\/wp-json\/wp\/v2\/media?parent=2779"}],"wp:term":[{"taxonomy":"product_brand","embeddable":true,"href":"https:\/\/www.wingtaitape.com\/es\/wp-json\/wp\/v2\/product_brand?post=2779"},{"taxonomy":"product_cat","embeddable":true,"href":"https:\/\/www.wingtaitape.com\/es\/wp-json\/wp\/v2\/product_cat?post=2779"},{"taxonomy":"product_tag","embeddable":true,"href":"https:\/\/www.wingtaitape.com\/es\/wp-json\/wp\/v2\/product_tag?post=2779"}],"curies":[{"name":"wp","href":"https:\/\/api.w.org\/{rel}","templated":true}]}}