{"id":2798,"date":"2023-09-03T01:31:41","date_gmt":"2023-09-03T01:31:41","guid":{"rendered":"https:\/\/www.wingtaitape.com\/?post_type=product&#038;p=2798"},"modified":"2025-04-13T14:55:05","modified_gmt":"2025-04-13T06:55:05","slug":"cinta-aislante-electrica-de-pvc","status":"publish","type":"product","link":"https:\/\/www.wingtaitape.com\/es\/producto\/cinta-aislante-electrica-de-pvc\/","title":{"rendered":"Cinta aislante el\u00e9ctrica de PVC"},"content":{"rendered":"<p><iframe title=\"Reproductor de v\u00eddeo YouTube\" src=\"https:\/\/www.youtube.com\/embed\/iX3khOPZhC4?si=sojc_dubQVWIi9O5\" width=\"560\" height=\"315\" frameborder=\"0\" allowfullscreen=\"allowfullscreen\"><\/iframe><\/p>\n<h4><span style=\"font-family: 'Open Sans';\">Caracter\u00edsticas principales<\/span><\/h4>\n<ul>\n<li>Excelentes propiedades el\u00e9ctricas y suavidad\uff1b<\/li>\n<li>Esta cinta el\u00e9ctrica es resistente a la mayor\u00eda de los productos qu\u00edmicos y a la humedad.<\/li>\n<\/ul>\n<h4><span style=\"font-family: 'Open Sans';\">Aplicaci\u00f3n<\/span><\/h4>\n<ul>\n<li>La cinta aislante est\u00e1 dise\u00f1ada para envolver cables y otros fines generales de aislamiento el\u00e9ctrico.<\/li>\n<li>Aplique la cinta con capas medio solapadas y sin tensi\u00f3n en la \u00faltima capa para evitar que se marque.<\/li>\n<\/ul>\n<p>&nbsp;<\/p>\n<p><img fetchpriority=\"high\" decoding=\"async\" class=\"alignnone size-full wp-image-6383\" src=\"https:\/\/www.wingtaitape.com\/wp-content\/uploads\/2023\/09\/Electrical-tape_02.jpg\" alt=\"Cinta aislante\" width=\"790\" height=\"1838\" srcset=\"https:\/\/www.wingtaitape.com\/wp-content\/uploads\/2023\/09\/Electrical-tape_02.jpg 790w, https:\/\/www.wingtaitape.com\/wp-content\/uploads\/2023\/09\/Electrical-tape_02-258x600.jpg 258w, https:\/\/www.wingtaitape.com\/wp-content\/uploads\/2023\/09\/Electrical-tape_02-440x1024.jpg 440w, https:\/\/www.wingtaitape.com\/wp-content\/uploads\/2023\/09\/Electrical-tape_02-768x1787.jpg 768w, https:\/\/www.wingtaitape.com\/wp-content\/uploads\/2023\/09\/Electrical-tape_02-660x1536.jpg 660w, https:\/\/www.wingtaitape.com\/wp-content\/uploads\/2023\/09\/Electrical-tape_02-5x12.jpg 5w, https:\/\/www.wingtaitape.com\/wp-content\/uploads\/2023\/09\/Electrical-tape_02-600x1396.jpg 600w\" sizes=\"(max-width: 790px) 100vw, 790px\" \/> <img decoding=\"async\" class=\"alignnone size-full wp-image-6384\" src=\"https:\/\/www.wingtaitape.com\/wp-content\/uploads\/2023\/09\/Electrical-tape_03.jpg\" alt=\"Cinta aislante\" width=\"790\" height=\"971\" srcset=\"https:\/\/www.wingtaitape.com\/wp-content\/uploads\/2023\/09\/Electrical-tape_03.jpg 790w, https:\/\/www.wingtaitape.com\/wp-content\/uploads\/2023\/09\/Electrical-tape_03-488x600.jpg 488w, https:\/\/www.wingtaitape.com\/wp-content\/uploads\/2023\/09\/Electrical-tape_03-768x944.jpg 768w, https:\/\/www.wingtaitape.com\/wp-content\/uploads\/2023\/09\/Electrical-tape_03-10x12.jpg 10w, https:\/\/www.wingtaitape.com\/wp-content\/uploads\/2023\/09\/Electrical-tape_03-600x737.jpg 600w\" sizes=\"(max-width: 790px) 100vw, 790px\" \/> <img decoding=\"async\" class=\"alignnone size-full wp-image-6385\" src=\"https:\/\/www.wingtaitape.com\/wp-content\/uploads\/2023\/09\/Electrical-tape_04.jpg\" alt=\"Cinta aislante\" width=\"790\" height=\"1450\" srcset=\"https:\/\/www.wingtaitape.com\/wp-content\/uploads\/2023\/09\/Electrical-tape_04.jpg 790w, https:\/\/www.wingtaitape.com\/wp-content\/uploads\/2023\/09\/Electrical-tape_04-327x600.jpg 327w, https:\/\/www.wingtaitape.com\/wp-content\/uploads\/2023\/09\/Electrical-tape_04-558x1024.jpg 558w, https:\/\/www.wingtaitape.com\/wp-content\/uploads\/2023\/09\/Electrical-tape_04-768x1410.jpg 768w, https:\/\/www.wingtaitape.com\/wp-content\/uploads\/2023\/09\/Electrical-tape_04-7x12.jpg 7w, https:\/\/www.wingtaitape.com\/wp-content\/uploads\/2023\/09\/Electrical-tape_04-600x1101.jpg 600w\" sizes=\"(max-width: 790px) 100vw, 790px\" \/> <img loading=\"lazy\" decoding=\"async\" class=\"alignnone size-full wp-image-6386\" src=\"https:\/\/www.wingtaitape.com\/wp-content\/uploads\/2023\/09\/Electrical-tape_05.jpg\" alt=\"Cinta aislante\" width=\"790\" height=\"1389\" srcset=\"https:\/\/www.wingtaitape.com\/wp-content\/uploads\/2023\/09\/Electrical-tape_05.jpg 790w, https:\/\/www.wingtaitape.com\/wp-content\/uploads\/2023\/09\/Electrical-tape_05-341x600.jpg 341w, https:\/\/www.wingtaitape.com\/wp-content\/uploads\/2023\/09\/Electrical-tape_05-582x1024.jpg 582w, https:\/\/www.wingtaitape.com\/wp-content\/uploads\/2023\/09\/Electrical-tape_05-768x1350.jpg 768w, https:\/\/www.wingtaitape.com\/wp-content\/uploads\/2023\/09\/Electrical-tape_05-7x12.jpg 7w, https:\/\/www.wingtaitape.com\/wp-content\/uploads\/2023\/09\/Electrical-tape_05-600x1055.jpg 600w\" sizes=\"(max-width: 790px) 100vw, 790px\" \/> <img loading=\"lazy\" decoding=\"async\" class=\"alignnone size-full wp-image-6387\" src=\"https:\/\/www.wingtaitape.com\/wp-content\/uploads\/2023\/09\/Electrical-tape_06.jpg\" alt=\"Cinta aislante\" width=\"790\" height=\"1379\" srcset=\"https:\/\/www.wingtaitape.com\/wp-content\/uploads\/2023\/09\/Electrical-tape_06.jpg 790w, https:\/\/www.wingtaitape.com\/wp-content\/uploads\/2023\/09\/Electrical-tape_06-344x600.jpg 344w, https:\/\/www.wingtaitape.com\/wp-content\/uploads\/2023\/09\/Electrical-tape_06-587x1024.jpg 587w, https:\/\/www.wingtaitape.com\/wp-content\/uploads\/2023\/09\/Electrical-tape_06-768x1341.jpg 768w, https:\/\/www.wingtaitape.com\/wp-content\/uploads\/2023\/09\/Electrical-tape_06-7x12.jpg 7w, https:\/\/www.wingtaitape.com\/wp-content\/uploads\/2023\/09\/Electrical-tape_06-600x1047.jpg 600w\" sizes=\"(max-width: 790px) 100vw, 790px\" \/> <img loading=\"lazy\" decoding=\"async\" class=\"alignnone size-full wp-image-6388\" src=\"https:\/\/www.wingtaitape.com\/wp-content\/uploads\/2023\/09\/Electrical-tape_07.jpg\" alt=\"Cinta aislante\" width=\"790\" height=\"1396\" srcset=\"https:\/\/www.wingtaitape.com\/wp-content\/uploads\/2023\/09\/Electrical-tape_07.jpg 790w, https:\/\/www.wingtaitape.com\/wp-content\/uploads\/2023\/09\/Electrical-tape_07-340x600.jpg 340w, https:\/\/www.wingtaitape.com\/wp-content\/uploads\/2023\/09\/Electrical-tape_07-579x1024.jpg 579w, https:\/\/www.wingtaitape.com\/wp-content\/uploads\/2023\/09\/Electrical-tape_07-768x1357.jpg 768w, https:\/\/www.wingtaitape.com\/wp-content\/uploads\/2023\/09\/Electrical-tape_07-7x12.jpg 7w, https:\/\/www.wingtaitape.com\/wp-content\/uploads\/2023\/09\/Electrical-tape_07-600x1060.jpg 600w\" sizes=\"(max-width: 790px) 100vw, 790px\" \/> <img loading=\"lazy\" decoding=\"async\" class=\"alignnone size-full wp-image-6389\" src=\"https:\/\/www.wingtaitape.com\/wp-content\/uploads\/2023\/09\/Electrical-tape_08.jpg\" alt=\"Cinta aislante\" width=\"790\" height=\"1224\" srcset=\"https:\/\/www.wingtaitape.com\/wp-content\/uploads\/2023\/09\/Electrical-tape_08.jpg 790w, https:\/\/www.wingtaitape.com\/wp-content\/uploads\/2023\/09\/Electrical-tape_08-387x600.jpg 387w, https:\/\/www.wingtaitape.com\/wp-content\/uploads\/2023\/09\/Electrical-tape_08-661x1024.jpg 661w, https:\/\/www.wingtaitape.com\/wp-content\/uploads\/2023\/09\/Electrical-tape_08-768x1190.jpg 768w, https:\/\/www.wingtaitape.com\/wp-content\/uploads\/2023\/09\/Electrical-tape_08-8x12.jpg 8w, https:\/\/www.wingtaitape.com\/wp-content\/uploads\/2023\/09\/Electrical-tape_08-600x930.jpg 600w\" sizes=\"(max-width: 790px) 100vw, 790px\" \/> <img loading=\"lazy\" decoding=\"async\" class=\"alignnone size-full wp-image-6390\" src=\"https:\/\/www.wingtaitape.com\/wp-content\/uploads\/2023\/09\/Electrical-tape_09.jpg\" alt=\"Cinta aislante\" width=\"790\" height=\"1404\" srcset=\"https:\/\/www.wingtaitape.com\/wp-content\/uploads\/2023\/09\/Electrical-tape_09.jpg 790w, https:\/\/www.wingtaitape.com\/wp-content\/uploads\/2023\/09\/Electrical-tape_09-338x600.jpg 338w, https:\/\/www.wingtaitape.com\/wp-content\/uploads\/2023\/09\/Electrical-tape_09-576x1024.jpg 576w, https:\/\/www.wingtaitape.com\/wp-content\/uploads\/2023\/09\/Electrical-tape_09-768x1365.jpg 768w, https:\/\/www.wingtaitape.com\/wp-content\/uploads\/2023\/09\/Electrical-tape_09-7x12.jpg 7w, https:\/\/www.wingtaitape.com\/wp-content\/uploads\/2023\/09\/Electrical-tape_09-600x1066.jpg 600w\" sizes=\"(max-width: 790px) 100vw, 790px\" \/> <img loading=\"lazy\" decoding=\"async\" class=\"alignnone size-full wp-image-6391\" src=\"https:\/\/www.wingtaitape.com\/wp-content\/uploads\/2023\/09\/Electrical-tape_10.jpg\" alt=\"Cinta aislante\" width=\"790\" height=\"1430\" srcset=\"https:\/\/www.wingtaitape.com\/wp-content\/uploads\/2023\/09\/Electrical-tape_10.jpg 790w, https:\/\/www.wingtaitape.com\/wp-content\/uploads\/2023\/09\/Electrical-tape_10-331x600.jpg 331w, https:\/\/www.wingtaitape.com\/wp-content\/uploads\/2023\/09\/Electrical-tape_10-566x1024.jpg 566w, https:\/\/www.wingtaitape.com\/wp-content\/uploads\/2023\/09\/Electrical-tape_10-768x1390.jpg 768w, https:\/\/www.wingtaitape.com\/wp-content\/uploads\/2023\/09\/Electrical-tape_10-7x12.jpg 7w, https:\/\/www.wingtaitape.com\/wp-content\/uploads\/2023\/09\/Electrical-tape_10-600x1086.jpg 600w\" sizes=\"(max-width: 790px) 100vw, 790px\" \/> <img loading=\"lazy\" decoding=\"async\" class=\"alignnone size-full wp-image-6392\" src=\"https:\/\/www.wingtaitape.com\/wp-content\/uploads\/2023\/09\/Electrical-tape_11.jpg\" alt=\"Cinta aislante\" width=\"790\" height=\"1419\" srcset=\"https:\/\/www.wingtaitape.com\/wp-content\/uploads\/2023\/09\/Electrical-tape_11.jpg 790w, https:\/\/www.wingtaitape.com\/wp-content\/uploads\/2023\/09\/Electrical-tape_11-334x600.jpg 334w, https:\/\/www.wingtaitape.com\/wp-content\/uploads\/2023\/09\/Electrical-tape_11-570x1024.jpg 570w, https:\/\/www.wingtaitape.com\/wp-content\/uploads\/2023\/09\/Electrical-tape_11-768x1379.jpg 768w, https:\/\/www.wingtaitape.com\/wp-content\/uploads\/2023\/09\/Electrical-tape_11-7x12.jpg 7w, https:\/\/www.wingtaitape.com\/wp-content\/uploads\/2023\/09\/Electrical-tape_11-600x1078.jpg 600w\" sizes=\"(max-width: 790px) 100vw, 790px\" \/> <img loading=\"lazy\" decoding=\"async\" class=\"alignnone size-full wp-image-6393\" src=\"https:\/\/www.wingtaitape.com\/wp-content\/uploads\/2023\/09\/Electrical-tape_12.jpg\" alt=\"Cinta aislante\" width=\"790\" height=\"1492\" srcset=\"https:\/\/www.wingtaitape.com\/wp-content\/uploads\/2023\/09\/Electrical-tape_12.jpg 790w, https:\/\/www.wingtaitape.com\/wp-content\/uploads\/2023\/09\/Electrical-tape_12-318x600.jpg 318w, https:\/\/www.wingtaitape.com\/wp-content\/uploads\/2023\/09\/Electrical-tape_12-542x1024.jpg 542w, https:\/\/www.wingtaitape.com\/wp-content\/uploads\/2023\/09\/Electrical-tape_12-768x1450.jpg 768w, https:\/\/www.wingtaitape.com\/wp-content\/uploads\/2023\/09\/Electrical-tape_12-6x12.jpg 6w, https:\/\/www.wingtaitape.com\/wp-content\/uploads\/2023\/09\/Electrical-tape_12-600x1133.jpg 600w\" sizes=\"(max-width: 790px) 100vw, 790px\" \/><\/p>","protected":false},"excerpt":{"rendered":"<ul>\n<li>Excelentes propiedades el\u00e9ctricas y suavidad\uff1b<\/li>\n<li>Esta cinta el\u00e9ctrica es resistente a la mayor\u00eda de los productos qu\u00edmicos y a la humedad.<\/li>\n<\/ul>","protected":false},"featured_media":6377,"template":"","meta":{"slim_seo":{"title":"PVC Cinta Aislante El\u00e9ctrica - Cinta Adhesiva Fabricante, surtidor, exportador | WINGTAI","description":"Excelente propiedad y suavidad de la cinta el\u00e9ctrica\uff1b Esta cinta el\u00e9ctrica es resistente a la mayor\u00eda de los productos qu\u00edmicos y a la humedad."}},"product_brand":[],"product_cat":[37],"product_tag":[],"class_list":{"0":"post-2798","1":"product","2":"type-product","3":"status-publish","4":"has-post-thumbnail","6":"product_cat-electrical-tapes","8":"first","9":"instock","10":"shipping-taxable","11":"product-type-simple"},"_links":{"self":[{"href":"https:\/\/www.wingtaitape.com\/es\/wp-json\/wp\/v2\/product\/2798","targetHints":{"allow":["GET"]}}],"collection":[{"href":"https:\/\/www.wingtaitape.com\/es\/wp-json\/wp\/v2\/product"}],"about":[{"href":"https:\/\/www.wingtaitape.com\/es\/wp-json\/wp\/v2\/types\/product"}],"wp:featuredmedia":[{"embeddable":true,"href":"https:\/\/www.wingtaitape.com\/es\/wp-json\/wp\/v2\/media\/6377"}],"wp:attachment":[{"href":"https:\/\/www.wingtaitape.com\/es\/wp-json\/wp\/v2\/media?parent=2798"}],"wp:term":[{"taxonomy":"product_brand","embeddable":true,"href":"https:\/\/www.wingtaitape.com\/es\/wp-json\/wp\/v2\/product_brand?post=2798"},{"taxonomy":"product_cat","embeddable":true,"href":"https:\/\/www.wingtaitape.com\/es\/wp-json\/wp\/v2\/product_cat?post=2798"},{"taxonomy":"product_tag","embeddable":true,"href":"https:\/\/www.wingtaitape.com\/es\/wp-json\/wp\/v2\/product_tag?post=2798"}],"curies":[{"name":"wp","href":"https:\/\/api.w.org\/{rel}","templated":true}]}}