{"id":2815,"date":"2023-09-03T02:11:42","date_gmt":"2023-09-03T02:11:42","guid":{"rendered":"https:\/\/www.wingtaitape.com\/?post_type=product&#038;p=2815"},"modified":"2025-04-12T11:25:44","modified_gmt":"2025-04-12T03:25:44","slug":"cinta-de-enmascarar-de-uso-general","status":"publish","type":"product","link":"https:\/\/www.wingtaitape.com\/es\/producto\/cinta-de-enmascarar-de-uso-general\/","title":{"rendered":"Cinta de enmascarar de uso general"},"content":{"rendered":"<p><iframe title=\"Reproductor de v\u00eddeo YouTube\" src=\"https:\/\/www.youtube.com\/embed\/Z5ErbGFcPds?si=QICzXC9-WJkQyrC4\" width=\"560\" height=\"315\" frameborder=\"0\" allowfullscreen=\"allowfullscreen\"><\/iframe><\/p>\n<h4><span style=\"font-family: 'Open Sans';\">Caracter\u00edsticas principales<\/span><\/h4>\n<ul>\n<li>Resistente hasta<strong> 75 grados Celsius<\/strong>.<\/li>\n<li><strong>Alta adherencia<\/strong>\u00a0cinta adhesiva para una protecci\u00f3n fiable de las superficies<\/li>\n<li><strong>F\u00e1cil de rasgar con la mano<\/strong>sin necesidad de tijeras.\u00a0<strong>Enmascaramiento DIY<\/strong>\u00a0y\u00a0<strong>tareas r\u00e1pidas<\/strong><\/li>\n<li><strong>Eliminaci\u00f3n sin residuos<\/strong>\u00a0- perfecto para\u00a0<strong>cinta adhesiva temporal<\/strong>\u00a0aplicaciones<\/li>\n<li>Hecho de\u00a0<strong>papel crep\u00e9 premium<\/strong>\u00a0con\u00a0<strong>adhesivo de caucho<\/strong>ideal para\u00a0<strong>pintura mural<\/strong>\u00a0y\u00a0<strong>proyectos de decoraci\u00f3n<\/strong><\/li>\n<li>Seguro,\u00a0<strong>no t\u00f3xico<\/strong>y dise\u00f1ado para su uso en\u00a0<strong>artesan\u00eda<\/strong>,\u00a0<strong>pintura<\/strong>y\u00a0<strong>reparaciones dom\u00e9sticas<\/strong><\/li>\n<li>Ideal para\u00a0<strong>enmascaramiento a corto plazo<\/strong>\u00a0en\u00a0<strong>pintura<\/strong>\u00a0y\u00a0<strong>protecci\u00f3n de superficies<\/strong>\u00a0tareas<\/li>\n<li>Adecuado para su uso en una amplia variedad de superficies:\u00a0<strong>paredes<\/strong>,\u00a0<strong>madera<\/strong>,\u00a0<strong>pl\u00e1stico<\/strong>,\u00a0<strong>metal<\/strong>,\u00a0<strong>vidrio<\/strong>y\u00a0<strong>cart\u00f3n<\/strong><\/li>\n<\/ul>\n<h4><span style=\"font-family: 'Open Sans';\">Aplicaci\u00f3n<\/span><\/h4>\n<div id=\"eluid6bff19a0\" class=\"tabbable hr-tabs hg-tabs eluid6bff19a0 tabs--light element-scheme--light tabs_style1\" data-tabs-history=\"1\">\n<div class=\"tab-content\">\n<div id=\"eluid6bff19a0_1_0\" class=\"tab-pane active in\">\n<div class=\"row tabPaneContainer\">\n<div id=\"eluid1612f633\" class=\"eluid1612f633 col-md-12 col-sm-12 znColumnElement\">\n<div class=\"znColumnElement-innerWrapper-eluid1612f633 znColumnElement-innerWrapper znColumnElement-innerWrapper--valign-top znColumnElement-innerWrapper--halign-left\">\n<div class=\"znColumnElement-innerContent\">\n<div class=\"zn_text_box eluidcd6101b1 zn_text_box-light element-scheme--light\">\n<ul>\n<li>Ideal para\u00a0<strong>pintura<\/strong>,\u00a0<strong>decoraci\u00f3n<\/strong>y\u00a0<strong>protecci\u00f3n de superficies<\/strong>en reformas de viviendas o\u00a0<strong>Proyectos de bricolaje<\/strong><\/li>\n<li>Perfecto para\u00a0<strong>etiquetado<\/strong>,\u00a0<strong>marcado<\/strong>y\u00a0<strong>organizar\u00a0<\/strong>cajas, contenedores y documentos<\/li>\n<li>Com\u00fanmente utilizado para\u00a0<strong>protecci\u00f3n temporal de superficies<\/strong>\u00a0durante\u00a0<strong>pintura mural<\/strong>,\u00a0<strong>protecci\u00f3n de alfombras<\/strong>y\u00a0<strong>acabado de muebles<\/strong><\/li>\n<li>Ideal para\u00a0<strong>artesan\u00eda<\/strong>,\u00a0<strong>proyectos de pintura<\/strong>y la creaci\u00f3n de l\u00edneas n\u00edtidas durante\u00a0<strong>tareas decorativas<\/strong><\/li>\n<li>Adecuado para su uso en diversas superficies:\u00a0<strong>paredes<\/strong>,\u00a0<strong>madera<\/strong>,\u00a0<strong>pl\u00e1stico<\/strong>,\u00a0<strong>vidrio<\/strong>,\u00a0<strong>metal<\/strong>y\u00a0<strong>cart\u00f3n<\/strong><\/li>\n<li><strong>Enmascaramiento temporal<\/strong>\u00a0para\u00a0<strong>trabajos de pintura<\/strong>,\u00a0<strong>preparaci\u00f3n de paredes<\/strong>y\u00a0<strong>aplicaci\u00f3n del sellante<\/strong><\/li>\n<li><strong>cinta adhesiva<\/strong>\u00a0utilizado para\u00a0<strong>encuadre<\/strong>,\u00a0<strong>lienzos de pintura<\/strong>y\u00a0<strong>proyectos artesanales<\/strong><\/li>\n<\/ul>\n<\/div>\n<\/div>\n<\/div>\n<\/div>\n<\/div>\n<\/div>\n<\/div>\n<\/div>\n<p><img fetchpriority=\"high\" decoding=\"async\" class=\"alignnone size-full wp-image-6302\" src=\"https:\/\/www.wingtaitape.com\/wp-content\/uploads\/2023\/09\/Masking-tape-d_01.jpg\" alt=\"Cinta adhesiva\" width=\"790\" height=\"1262\" srcset=\"https:\/\/www.wingtaitape.com\/wp-content\/uploads\/2023\/09\/Masking-tape-d_01.jpg 790w, https:\/\/www.wingtaitape.com\/wp-content\/uploads\/2023\/09\/Masking-tape-d_01-376x600.jpg 376w, https:\/\/www.wingtaitape.com\/wp-content\/uploads\/2023\/09\/Masking-tape-d_01-641x1024.jpg 641w, https:\/\/www.wingtaitape.com\/wp-content\/uploads\/2023\/09\/Masking-tape-d_01-768x1227.jpg 768w, https:\/\/www.wingtaitape.com\/wp-content\/uploads\/2023\/09\/Masking-tape-d_01-8x12.jpg 8w, https:\/\/www.wingtaitape.com\/wp-content\/uploads\/2023\/09\/Masking-tape-d_01-600x958.jpg 600w\" sizes=\"(max-width: 790px) 100vw, 790px\" \/> <img decoding=\"async\" class=\"alignnone size-full wp-image-6303\" src=\"https:\/\/www.wingtaitape.com\/wp-content\/uploads\/2023\/09\/Masking-tape-d_02.jpg\" alt=\"Cinta adhesiva\" width=\"790\" height=\"930\" srcset=\"https:\/\/www.wingtaitape.com\/wp-content\/uploads\/2023\/09\/Masking-tape-d_02.jpg 790w, https:\/\/www.wingtaitape.com\/wp-content\/uploads\/2023\/09\/Masking-tape-d_02-510x600.jpg 510w, https:\/\/www.wingtaitape.com\/wp-content\/uploads\/2023\/09\/Masking-tape-d_02-768x904.jpg 768w, https:\/\/www.wingtaitape.com\/wp-content\/uploads\/2023\/09\/Masking-tape-d_02-10x12.jpg 10w, https:\/\/www.wingtaitape.com\/wp-content\/uploads\/2023\/09\/Masking-tape-d_02-600x706.jpg 600w\" sizes=\"(max-width: 790px) 100vw, 790px\" \/> <img decoding=\"async\" class=\"alignnone size-full wp-image-6304\" src=\"https:\/\/www.wingtaitape.com\/wp-content\/uploads\/2023\/09\/Masking-tape-d_03.jpg\" alt=\"Cinta adhesiva\" width=\"790\" height=\"1090\" srcset=\"https:\/\/www.wingtaitape.com\/wp-content\/uploads\/2023\/09\/Masking-tape-d_03.jpg 790w, https:\/\/www.wingtaitape.com\/wp-content\/uploads\/2023\/09\/Masking-tape-d_03-435x600.jpg 435w, https:\/\/www.wingtaitape.com\/wp-content\/uploads\/2023\/09\/Masking-tape-d_03-742x1024.jpg 742w, https:\/\/www.wingtaitape.com\/wp-content\/uploads\/2023\/09\/Masking-tape-d_03-768x1060.jpg 768w, https:\/\/www.wingtaitape.com\/wp-content\/uploads\/2023\/09\/Masking-tape-d_03-9x12.jpg 9w, https:\/\/www.wingtaitape.com\/wp-content\/uploads\/2023\/09\/Masking-tape-d_03-600x828.jpg 600w\" sizes=\"(max-width: 790px) 100vw, 790px\" \/> <img loading=\"lazy\" decoding=\"async\" class=\"alignnone size-full wp-image-6305\" src=\"https:\/\/www.wingtaitape.com\/wp-content\/uploads\/2023\/09\/Masking-tape-d_04.jpg\" alt=\"Cinta adhesiva\" width=\"790\" height=\"1028\" srcset=\"https:\/\/www.wingtaitape.com\/wp-content\/uploads\/2023\/09\/Masking-tape-d_04.jpg 790w, https:\/\/www.wingtaitape.com\/wp-content\/uploads\/2023\/09\/Masking-tape-d_04-461x600.jpg 461w, https:\/\/www.wingtaitape.com\/wp-content\/uploads\/2023\/09\/Masking-tape-d_04-787x1024.jpg 787w, https:\/\/www.wingtaitape.com\/wp-content\/uploads\/2023\/09\/Masking-tape-d_04-768x999.jpg 768w, https:\/\/www.wingtaitape.com\/wp-content\/uploads\/2023\/09\/Masking-tape-d_04-9x12.jpg 9w, https:\/\/www.wingtaitape.com\/wp-content\/uploads\/2023\/09\/Masking-tape-d_04-600x781.jpg 600w\" sizes=\"(max-width: 790px) 100vw, 790px\" \/> <img loading=\"lazy\" decoding=\"async\" class=\"alignnone size-full wp-image-6306\" src=\"https:\/\/www.wingtaitape.com\/wp-content\/uploads\/2023\/09\/Masking-tape-d_05.jpg\" alt=\"Cinta adhesiva\" width=\"790\" height=\"1068\" srcset=\"https:\/\/www.wingtaitape.com\/wp-content\/uploads\/2023\/09\/Masking-tape-d_05.jpg 790w, https:\/\/www.wingtaitape.com\/wp-content\/uploads\/2023\/09\/Masking-tape-d_05-444x600.jpg 444w, https:\/\/www.wingtaitape.com\/wp-content\/uploads\/2023\/09\/Masking-tape-d_05-757x1024.jpg 757w, https:\/\/www.wingtaitape.com\/wp-content\/uploads\/2023\/09\/Masking-tape-d_05-768x1038.jpg 768w, https:\/\/www.wingtaitape.com\/wp-content\/uploads\/2023\/09\/Masking-tape-d_05-9x12.jpg 9w, https:\/\/www.wingtaitape.com\/wp-content\/uploads\/2023\/09\/Masking-tape-d_05-600x811.jpg 600w\" sizes=\"(max-width: 790px) 100vw, 790px\" \/> <img loading=\"lazy\" decoding=\"async\" class=\"alignnone size-full wp-image-6307\" src=\"https:\/\/www.wingtaitape.com\/wp-content\/uploads\/2023\/09\/Masking-tape-d_06.jpg\" alt=\"Cinta adhesiva\" width=\"790\" height=\"1089\" srcset=\"https:\/\/www.wingtaitape.com\/wp-content\/uploads\/2023\/09\/Masking-tape-d_06.jpg 790w, https:\/\/www.wingtaitape.com\/wp-content\/uploads\/2023\/09\/Masking-tape-d_06-435x600.jpg 435w, https:\/\/www.wingtaitape.com\/wp-content\/uploads\/2023\/09\/Masking-tape-d_06-743x1024.jpg 743w, https:\/\/www.wingtaitape.com\/wp-content\/uploads\/2023\/09\/Masking-tape-d_06-768x1059.jpg 768w, https:\/\/www.wingtaitape.com\/wp-content\/uploads\/2023\/09\/Masking-tape-d_06-9x12.jpg 9w, https:\/\/www.wingtaitape.com\/wp-content\/uploads\/2023\/09\/Masking-tape-d_06-600x827.jpg 600w\" sizes=\"(max-width: 790px) 100vw, 790px\" \/> <img loading=\"lazy\" decoding=\"async\" class=\"alignnone size-full wp-image-6308\" src=\"https:\/\/www.wingtaitape.com\/wp-content\/uploads\/2023\/09\/Masking-tape-d_07.jpg\" alt=\"\" width=\"790\" height=\"918\" srcset=\"https:\/\/www.wingtaitape.com\/wp-content\/uploads\/2023\/09\/Masking-tape-d_07.jpg 790w, https:\/\/www.wingtaitape.com\/wp-content\/uploads\/2023\/09\/Masking-tape-d_07-516x600.jpg 516w, https:\/\/www.wingtaitape.com\/wp-content\/uploads\/2023\/09\/Masking-tape-d_07-768x892.jpg 768w, https:\/\/www.wingtaitape.com\/wp-content\/uploads\/2023\/09\/Masking-tape-d_07-10x12.jpg 10w, https:\/\/www.wingtaitape.com\/wp-content\/uploads\/2023\/09\/Masking-tape-d_07-600x697.jpg 600w\" sizes=\"(max-width: 790px) 100vw, 790px\" \/> <img loading=\"lazy\" decoding=\"async\" class=\"alignnone size-full wp-image-6309\" src=\"https:\/\/www.wingtaitape.com\/wp-content\/uploads\/2023\/09\/Masking-tape-d_08.jpg\" alt=\"\" width=\"790\" height=\"1106\" srcset=\"https:\/\/www.wingtaitape.com\/wp-content\/uploads\/2023\/09\/Masking-tape-d_08.jpg 790w, https:\/\/www.wingtaitape.com\/wp-content\/uploads\/2023\/09\/Masking-tape-d_08-429x600.jpg 429w, https:\/\/www.wingtaitape.com\/wp-content\/uploads\/2023\/09\/Masking-tape-d_08-731x1024.jpg 731w, https:\/\/www.wingtaitape.com\/wp-content\/uploads\/2023\/09\/Masking-tape-d_08-768x1075.jpg 768w, https:\/\/www.wingtaitape.com\/wp-content\/uploads\/2023\/09\/Masking-tape-d_08-9x12.jpg 9w, https:\/\/www.wingtaitape.com\/wp-content\/uploads\/2023\/09\/Masking-tape-d_08-600x840.jpg 600w\" sizes=\"(max-width: 790px) 100vw, 790px\" \/> <img loading=\"lazy\" decoding=\"async\" class=\"alignnone size-full wp-image-6310\" src=\"https:\/\/www.wingtaitape.com\/wp-content\/uploads\/2023\/09\/Masking-tape-d_09.jpg\" alt=\"\" width=\"790\" height=\"1222\" srcset=\"https:\/\/www.wingtaitape.com\/wp-content\/uploads\/2023\/09\/Masking-tape-d_09.jpg 790w, https:\/\/www.wingtaitape.com\/wp-content\/uploads\/2023\/09\/Masking-tape-d_09-388x600.jpg 388w, https:\/\/www.wingtaitape.com\/wp-content\/uploads\/2023\/09\/Masking-tape-d_09-662x1024.jpg 662w, https:\/\/www.wingtaitape.com\/wp-content\/uploads\/2023\/09\/Masking-tape-d_09-768x1188.jpg 768w, https:\/\/www.wingtaitape.com\/wp-content\/uploads\/2023\/09\/Masking-tape-d_09-8x12.jpg 8w, https:\/\/www.wingtaitape.com\/wp-content\/uploads\/2023\/09\/Masking-tape-d_09-600x928.jpg 600w\" sizes=\"(max-width: 790px) 100vw, 790px\" \/> <img loading=\"lazy\" decoding=\"async\" class=\"alignnone size-full wp-image-6311\" src=\"https:\/\/www.wingtaitape.com\/wp-content\/uploads\/2023\/09\/Masking-tape-d_10.jpg\" alt=\"\" width=\"790\" height=\"1152\" srcset=\"https:\/\/www.wingtaitape.com\/wp-content\/uploads\/2023\/09\/Masking-tape-d_10.jpg 790w, https:\/\/www.wingtaitape.com\/wp-content\/uploads\/2023\/09\/Masking-tape-d_10-411x600.jpg 411w, https:\/\/www.wingtaitape.com\/wp-content\/uploads\/2023\/09\/Masking-tape-d_10-702x1024.jpg 702w, https:\/\/www.wingtaitape.com\/wp-content\/uploads\/2023\/09\/Masking-tape-d_10-768x1120.jpg 768w, https:\/\/www.wingtaitape.com\/wp-content\/uploads\/2023\/09\/Masking-tape-d_10-8x12.jpg 8w, https:\/\/www.wingtaitape.com\/wp-content\/uploads\/2023\/09\/Masking-tape-d_10-600x875.jpg 600w\" sizes=\"(max-width: 790px) 100vw, 790px\" \/> <img loading=\"lazy\" decoding=\"async\" class=\"alignnone size-full wp-image-6312\" src=\"https:\/\/www.wingtaitape.com\/wp-content\/uploads\/2023\/09\/Masking-tape-d_11.jpg\" alt=\"\" width=\"790\" height=\"964\" srcset=\"https:\/\/www.wingtaitape.com\/wp-content\/uploads\/2023\/09\/Masking-tape-d_11.jpg 790w, https:\/\/www.wingtaitape.com\/wp-content\/uploads\/2023\/09\/Masking-tape-d_11-492x600.jpg 492w, https:\/\/www.wingtaitape.com\/wp-content\/uploads\/2023\/09\/Masking-tape-d_11-768x937.jpg 768w, https:\/\/www.wingtaitape.com\/wp-content\/uploads\/2023\/09\/Masking-tape-d_11-10x12.jpg 10w, https:\/\/www.wingtaitape.com\/wp-content\/uploads\/2023\/09\/Masking-tape-d_11-600x732.jpg 600w\" sizes=\"(max-width: 790px) 100vw, 790px\" \/> <img loading=\"lazy\" decoding=\"async\" class=\"alignnone size-full wp-image-6313\" src=\"https:\/\/www.wingtaitape.com\/wp-content\/uploads\/2023\/09\/Masking-tape-d_12.jpg\" alt=\"\" width=\"790\" height=\"932\" srcset=\"https:\/\/www.wingtaitape.com\/wp-content\/uploads\/2023\/09\/Masking-tape-d_12.jpg 790w, https:\/\/www.wingtaitape.com\/wp-content\/uploads\/2023\/09\/Masking-tape-d_12-509x600.jpg 509w, https:\/\/www.wingtaitape.com\/wp-content\/uploads\/2023\/09\/Masking-tape-d_12-768x906.jpg 768w, https:\/\/www.wingtaitape.com\/wp-content\/uploads\/2023\/09\/Masking-tape-d_12-10x12.jpg 10w, https:\/\/www.wingtaitape.com\/wp-content\/uploads\/2023\/09\/Masking-tape-d_12-600x708.jpg 600w\" sizes=\"(max-width: 790px) 100vw, 790px\" \/><\/p>\n<p>&nbsp;<\/p>","protected":false},"excerpt":{"rendered":"<ul>\n<li>F\u00e1cil de rasgar, sin residuos, resistente hasta 75 grados Celsius.<\/li>\n<\/ul>","protected":false},"featured_media":3088,"template":"","meta":{"slim_seo":{"title":"Cinta adhesiva uso general - Cinta adhesiva Fabricante, surtidor, exportador | WINGTAI","description":"La cinta adhesiva Wingtai es f\u00e1cil de rasgar, no deja residuos y resiste hasta 75 grados cent\u00edgrados."}},"product_brand":[],"product_cat":[47,48],"product_tag":[],"class_list":{"0":"post-2815","1":"product","2":"type-product","3":"status-publish","4":"has-post-thumbnail","6":"product_cat-masking-paper-tapes","7":"product_cat-masking-tapes","9":"first","10":"instock","11":"shipping-taxable","12":"product-type-simple"},"_links":{"self":[{"href":"https:\/\/www.wingtaitape.com\/es\/wp-json\/wp\/v2\/product\/2815","targetHints":{"allow":["GET"]}}],"collection":[{"href":"https:\/\/www.wingtaitape.com\/es\/wp-json\/wp\/v2\/product"}],"about":[{"href":"https:\/\/www.wingtaitape.com\/es\/wp-json\/wp\/v2\/types\/product"}],"wp:featuredmedia":[{"embeddable":true,"href":"https:\/\/www.wingtaitape.com\/es\/wp-json\/wp\/v2\/media\/3088"}],"wp:attachment":[{"href":"https:\/\/www.wingtaitape.com\/es\/wp-json\/wp\/v2\/media?parent=2815"}],"wp:term":[{"taxonomy":"product_brand","embeddable":true,"href":"https:\/\/www.wingtaitape.com\/es\/wp-json\/wp\/v2\/product_brand?post=2815"},{"taxonomy":"product_cat","embeddable":true,"href":"https:\/\/www.wingtaitape.com\/es\/wp-json\/wp\/v2\/product_cat?post=2815"},{"taxonomy":"product_tag","embeddable":true,"href":"https:\/\/www.wingtaitape.com\/es\/wp-json\/wp\/v2\/product_tag?post=2815"}],"curies":[{"name":"wp","href":"https:\/\/api.w.org\/{rel}","templated":true}]}}