{"id":2819,"date":"2023-09-03T02:17:29","date_gmt":"2023-09-03T02:17:29","guid":{"rendered":"https:\/\/www.wingtaitape.com\/?post_type=product&#038;p=2819"},"modified":"2025-04-12T11:20:02","modified_gmt":"2025-04-12T03:20:02","slug":"cinta-de-pintor-para-automocion","status":"publish","type":"product","link":"https:\/\/www.wingtaitape.com\/es\/producto\/cinta-de-pintor-para-automocion\/","title":{"rendered":"Cinta de pintor para automoci\u00f3n"},"content":{"rendered":"<p><iframe title=\"Reproductor de v\u00eddeo YouTube\" src=\"https:\/\/www.youtube.com\/embed\/Z5ErbGFcPds?si=QICzXC9-WJkQyrC4\" width=\"560\" height=\"315\" frameborder=\"0\" allowfullscreen=\"allowfullscreen\"><\/iframe><\/p>\n<h4><span style=\"font-family: 'Open Sans';\">Caracter\u00edsticas principales<\/span><\/h4>\n<ul>\n<li>F\u00e1cil de rasgar, sin residuos, resistente hasta 80 grados cent\u00edgrados.<\/li>\n<li>buena adherencia a casi cualquier material<\/li>\n<\/ul>\n<h4><span style=\"font-family: 'Open Sans';\">Aplicaci\u00f3n<\/span><\/h4>\n<div id=\"eluid6bff19a0\" class=\"tabbable hr-tabs hg-tabs eluid6bff19a0 tabs--light element-scheme--light tabs_style1\" data-tabs-history=\"1\">\n<div class=\"tab-content\">\n<div id=\"eluid6bff19a0_1_0\" class=\"tab-pane active in\">\n<div class=\"row tabPaneContainer\">\n<div id=\"eluid1612f633\" class=\"eluid1612f633 col-md-12 col-sm-12 znColumnElement\">\n<div class=\"znColumnElement-innerWrapper-eluid1612f633 znColumnElement-innerWrapper znColumnElement-innerWrapper--valign-top znColumnElement-innerWrapper--halign-left\">\n<div class=\"znColumnElement-innerContent\">\n<div class=\"zn_text_box eluidcd6101b1 zn_text_box-light element-scheme--light\">\n<ul>\n<li>La cinta de pintor es importante para pintar e imprimar veh\u00edculos, casas o cualquier otra cosa que est\u00e9 intentando proteger. Al pintar e imprimar un veh\u00edculo, puede que necesite cubrir paneles, cristales, proteger interiores y mucho m\u00e1s. La cinta de enmascarar y el papel de enmascarar son la combinaci\u00f3n perfecta de materiales para ayudarle a conseguirlo.<\/li>\n<\/ul>\n<\/div>\n<\/div>\n<\/div>\n<\/div>\n<\/div>\n<\/div>\n<div id=\"eluid6bff19a0_1_1\" class=\"tab-pane\">\n<div class=\"row tabPaneContainer\">\n<div id=\"eluidc5f8461b\" class=\"eluidc5f8461b col-md-12 col-sm-12 znColumnElement\">\n<div class=\"znColumnElement-innerWrapper-eluidc5f8461b znColumnElement-innerWrapper znColumnElement-innerWrapper--valign-top znColumnElement-innerWrapper--halign-left\">\n<div class=\"znColumnElement-innerContent\"><\/div>\n<\/div>\n<\/div>\n<\/div>\n<\/div>\n<div id=\"eluid6bff19a0_1_2\" class=\"tab-pane\">\n<div class=\"row tabPaneContainer\">\n<div id=\"eluid21b6464b\" class=\"eluid21b6464b col-md-12 col-sm-12 znColumnElement\">\n<div class=\"znColumnElement-innerWrapper-eluid21b6464b znColumnElement-innerWrapper znColumnElement-innerWrapper--valign-top znColumnElement-innerWrapper--halign-left\">\n<div class=\"znColumnElement-innerContent\"><\/div>\n<\/div>\n<\/div>\n<\/div>\n<\/div>\n<div id=\"eluid6bff19a0_1_3\" class=\"tab-pane\">\n<div class=\"row tabPaneContainer\">\n<div id=\"eluidb48b786c\" class=\"eluidb48b786c col-md-12 col-sm-12 znColumnElement\">\n<div class=\"znColumnElement-innerWrapper-eluidb48b786c znColumnElement-innerWrapper znColumnElement-innerWrapper--valign-top znColumnElement-innerWrapper--halign-left\">\n<div class=\"znColumnElement-innerContent\">\n<div class=\"zn_text_box eluid07647954 zn_text_box-light element-scheme--light\">\n<p>&nbsp;<\/p>\n<\/div>\n<\/div>\n<\/div>\n<\/div>\n<\/div>\n<\/div>\n<\/div>\n<\/div>\n<p>&nbsp;<\/p>\n<p>&nbsp;<\/p>","protected":false},"excerpt":{"rendered":"<ul>\n<li>F\u00e1cil de rasgar, sin residuos, resistente hasta 80 grados cent\u00edgrados.<\/li>\n<li>Buena adherencia a casi cualquier material<\/li>\n<\/ul>","protected":false},"featured_media":3087,"template":"","meta":{"slim_seo":{"title":"Cinta adhesiva para pintar autom\u00f3viles - Fabricante, surtidor, exportador | WINGTAI","description":"La cinta de pintor Wingtai es f\u00e1cil de rasgar, no deja residuos y resiste hasta 80 grados Celsius. Se adhiere bien a casi cualquier material."}},"product_brand":[],"product_cat":[47,48],"product_tag":[],"class_list":{"0":"post-2819","1":"product","2":"type-product","3":"status-publish","4":"has-post-thumbnail","6":"product_cat-masking-paper-tapes","7":"product_cat-masking-tapes","9":"first","10":"instock","11":"shipping-taxable","12":"product-type-simple"},"_links":{"self":[{"href":"https:\/\/www.wingtaitape.com\/es\/wp-json\/wp\/v2\/product\/2819","targetHints":{"allow":["GET"]}}],"collection":[{"href":"https:\/\/www.wingtaitape.com\/es\/wp-json\/wp\/v2\/product"}],"about":[{"href":"https:\/\/www.wingtaitape.com\/es\/wp-json\/wp\/v2\/types\/product"}],"wp:featuredmedia":[{"embeddable":true,"href":"https:\/\/www.wingtaitape.com\/es\/wp-json\/wp\/v2\/media\/3087"}],"wp:attachment":[{"href":"https:\/\/www.wingtaitape.com\/es\/wp-json\/wp\/v2\/media?parent=2819"}],"wp:term":[{"taxonomy":"product_brand","embeddable":true,"href":"https:\/\/www.wingtaitape.com\/es\/wp-json\/wp\/v2\/product_brand?post=2819"},{"taxonomy":"product_cat","embeddable":true,"href":"https:\/\/www.wingtaitape.com\/es\/wp-json\/wp\/v2\/product_cat?post=2819"},{"taxonomy":"product_tag","embeddable":true,"href":"https:\/\/www.wingtaitape.com\/es\/wp-json\/wp\/v2\/product_tag?post=2819"}],"curies":[{"name":"wp","href":"https:\/\/api.w.org\/{rel}","templated":true}]}}