{"id":2820,"date":"2023-09-03T02:19:55","date_gmt":"2023-09-03T02:19:55","guid":{"rendered":"https:\/\/www.wingtaitape.com\/?post_type=product&#038;p=2820"},"modified":"2024-07-23T16:12:48","modified_gmt":"2024-07-23T08:12:48","slug":"cinta-de-membrana-impermeable","status":"publish","type":"product","link":"https:\/\/www.wingtaitape.com\/es\/producto\/cinta-de-membrana-impermeable\/","title":{"rendered":"Cinta de membrana impermeable"},"content":{"rendered":"<h4><span style=\"font-family: 'Open Sans';\">Caracter\u00edsticas principales<\/span><\/h4>\n<ul>\n<li>Un excelente equilibrio entre buen poder de sujeci\u00f3n y adherencia<\/li>\n<li>Adherencia suficiente incluso en superficies cr\u00edticas como diversas espumas y materiales de caucho y a temperaturas elevadas<\/li>\n<li>Alta adherencia inicial para agarrarse inmediatamente a la superficie de adhesi\u00f3n<\/li>\n<\/ul>\n<h4><span style=\"font-family: 'Open Sans';\">Aplicaci\u00f3n<\/span><\/h4>\n<ul>\n<li>Fijaci\u00f3n de l\u00e1minas reflectantes utilizadas para m\u00f3dulos de retroiluminaci\u00f3n LCD de c\u00e1maras digitales y tel\u00e9fonos m\u00f3viles.;<\/li>\n<li>Montaje de componentes en dispositivos electr\u00f3nicos<\/li>\n<li>Montaje de placas de identificaci\u00f3n, distintivos y se\u00f1ales luminosas<\/li>\n<li>Montaje de perfiles decorativos y molduras en la industria del mueble<\/li>\n<\/ul>\n<p><strong>Producto alternativo de\u00a0<\/strong><\/p>\n<ul>\n<li>Tesa4983, 4972, 4980, 4982, 4928, 4967, 4965, 4970, 4968<\/li>\n<li>3M9009, 9019, 9500<\/li>\n<li>Nitto5603, 5605, 5680, 5610, 5612<\/li>\n<\/ul>\n<p><img fetchpriority=\"high\" decoding=\"async\" class=\"alignnone size-full wp-image-6081\" src=\"https:\/\/www.wingtaitape.com\/wp-content\/uploads\/2023\/09\/film-switch-double-sided-tape-600x450-1.jpg\" alt=\"film-switch-double-sided-tape\" width=\"600\" height=\"450\" srcset=\"https:\/\/www.wingtaitape.com\/wp-content\/uploads\/2023\/09\/film-switch-double-sided-tape-600x450-1.jpg 600w, https:\/\/www.wingtaitape.com\/wp-content\/uploads\/2023\/09\/film-switch-double-sided-tape-600x450-1-16x12.jpg 16w\" sizes=\"(max-width: 600px) 100vw, 600px\" \/><\/p>\n<p>&nbsp;<\/p>\n<p>&nbsp;<\/p>","protected":false},"excerpt":{"rendered":"<ul>\n<li>La cinta de pel\u00edcula de doble cara es una cinta autoadhesiva transparente de doble cara compuesta por un soporte de PET y un adhesivo acr\u00edlico adhesivo.<\/li>\n<\/ul>","protected":false},"featured_media":3127,"template":"","meta":{"slim_seo":{"title":"cinta adhesiva impermeable - cinta adhesiva Fabricante, surtidor, exportador | WINGTAI","description":"La cinta industrial de doble cara ofrece una fuerza adhesiva superior y excelente en la fijaci\u00f3n de piezas Presenta buenas propiedades para pegar sustratos."}},"product_brand":[],"product_cat":[32,35,43,49],"product_tag":[],"class_list":{"0":"post-2820","1":"product","2":"type-product","3":"status-publish","4":"has-post-thumbnail","6":"product_cat-bonding-mounting","7":"product_cat-double-coated-tapes","8":"product_cat-industrial-tape","9":"product_cat-membrane-switch-spacers","11":"first","12":"instock","13":"shipping-taxable","14":"product-type-simple"},"_links":{"self":[{"href":"https:\/\/www.wingtaitape.com\/es\/wp-json\/wp\/v2\/product\/2820","targetHints":{"allow":["GET"]}}],"collection":[{"href":"https:\/\/www.wingtaitape.com\/es\/wp-json\/wp\/v2\/product"}],"about":[{"href":"https:\/\/www.wingtaitape.com\/es\/wp-json\/wp\/v2\/types\/product"}],"wp:featuredmedia":[{"embeddable":true,"href":"https:\/\/www.wingtaitape.com\/es\/wp-json\/wp\/v2\/media\/3127"}],"wp:attachment":[{"href":"https:\/\/www.wingtaitape.com\/es\/wp-json\/wp\/v2\/media?parent=2820"}],"wp:term":[{"taxonomy":"product_brand","embeddable":true,"href":"https:\/\/www.wingtaitape.com\/es\/wp-json\/wp\/v2\/product_brand?post=2820"},{"taxonomy":"product_cat","embeddable":true,"href":"https:\/\/www.wingtaitape.com\/es\/wp-json\/wp\/v2\/product_cat?post=2820"},{"taxonomy":"product_tag","embeddable":true,"href":"https:\/\/www.wingtaitape.com\/es\/wp-json\/wp\/v2\/product_tag?post=2820"}],"curies":[{"name":"wp","href":"https:\/\/api.w.org\/{rel}","templated":true}]}}