{"id":2829,"date":"2023-09-03T05:23:39","date_gmt":"2023-09-03T05:23:39","guid":{"rendered":"https:\/\/www.wingtaitape.com\/?post_type=product&#038;p=2829"},"modified":"2023-12-10T21:31:09","modified_gmt":"2023-12-10T13:31:09","slug":"precintadora-de-cuellos-de-bolsas-de-acero-inoxidable","status":"publish","type":"product","link":"https:\/\/www.wingtaitape.com\/es\/producto\/precintadora-de-cuellos-de-bolsas-de-acero-inoxidable\/","title":{"rendered":"Sellador de cuellos de bolsas - Acero inoxidable"},"content":{"rendered":"<h4><span style=\"font-family: 'Open Sans';\">Caracter\u00edsticas principales<\/span><\/h4>\n<ul>\n<li>Sellador de cuello de bolsas para cinta de sellado de bolsas de PVC, cinta de sellado de bolsas de OPP, para cinta de 9 mm, 12 mm, di\u00e1metro exterior m\u00e1ximo de 15 cm.<\/li>\n<\/ul>\n<p>&nbsp;<\/p>\n<h4><span style=\"font-family: 'Open Sans';\">Carga de insutriones<\/span><\/h4>\n<ol>\n<li>Coloque el rollo de cinta en el mandril de cinta situado en la parte trasera de la m\u00e1quina. Coloque la cinta de forma que salga del mandril desde abajo y el adhesivo quede hacia arriba. Si la cinta est\u00e1 instalada correctamente, el rollo de cinta girar\u00e1 en el sentido de las agujas del reloj al tirar de la cinta.<\/li>\n<li>Tire de la cinta para que sobresalga unos 2 cm de la zona de apertura de la bolsa. (V\u00e9ase la figura 1)<\/li>\n<li>Tome el cuello de la bolsa y g\u00edrelo. (V\u00e9ase la figura 2)<\/li>\n<li>Tome la bolsa y emp\u00fajela hacia abajo en la zona de apertura de la selladora Es mejor hacerlo a una velocidad r\u00e1pida. (V\u00e9ase la figura 3)<\/li>\n<li>Una vez sellada la bolsa, s\u00e1quela por el lateral<\/li>\n<li>Repite el proceso.<\/li>\n<\/ol>\n<p><img fetchpriority=\"high\" decoding=\"async\" class=\"alignnone wp-image-2397\" src=\"https:\/\/www.wingtaitape.com\/wp-content\/uploads\/2019\/11\/Loading-instructions-for-Bag-Neck-Sealers.jpg\" alt=\"\" width=\"616\" height=\"235\" \/><\/p>","protected":false},"excerpt":{"rendered":"<ul>\n<li>Sellador de cuello de bolsas para cinta de sellado de bolsas de PVC, cinta de sellado de bolsas de OPP, para cinta de 9 mm, 12 mm, di\u00e1metro exterior m\u00e1ximo de 15 cm<\/li>\n<\/ul>","protected":false},"featured_media":3082,"template":"","meta":{"slim_seo":{"title":"Cintas adhesivas - Cintas adhesivas Fabricante, surtidor, exportador | WINGTAI","description":"Sellador de cuello de bolsas para cinta de sellado de bolsas de PVC, cinta de sellado de bolsas de OPP, para cinta de 9 mm, 12 mm, di\u00e1metro exterior m\u00e1ximo de 15 cm"}},"product_brand":[],"product_cat":[34],"product_tag":[],"class_list":{"0":"post-2829","1":"product","2":"type-product","3":"status-publish","4":"has-post-thumbnail","6":"product_cat-dispensers","8":"first","9":"instock","10":"shipping-taxable","11":"product-type-simple"},"_links":{"self":[{"href":"https:\/\/www.wingtaitape.com\/es\/wp-json\/wp\/v2\/product\/2829","targetHints":{"allow":["GET"]}}],"collection":[{"href":"https:\/\/www.wingtaitape.com\/es\/wp-json\/wp\/v2\/product"}],"about":[{"href":"https:\/\/www.wingtaitape.com\/es\/wp-json\/wp\/v2\/types\/product"}],"wp:featuredmedia":[{"embeddable":true,"href":"https:\/\/www.wingtaitape.com\/es\/wp-json\/wp\/v2\/media\/3082"}],"wp:attachment":[{"href":"https:\/\/www.wingtaitape.com\/es\/wp-json\/wp\/v2\/media?parent=2829"}],"wp:term":[{"taxonomy":"product_brand","embeddable":true,"href":"https:\/\/www.wingtaitape.com\/es\/wp-json\/wp\/v2\/product_brand?post=2829"},{"taxonomy":"product_cat","embeddable":true,"href":"https:\/\/www.wingtaitape.com\/es\/wp-json\/wp\/v2\/product_cat?post=2829"},{"taxonomy":"product_tag","embeddable":true,"href":"https:\/\/www.wingtaitape.com\/es\/wp-json\/wp\/v2\/product_tag?post=2829"}],"curies":[{"name":"wp","href":"https:\/\/api.w.org\/{rel}","templated":true}]}}