{"id":2849,"date":"2023-09-10T03:10:14","date_gmt":"2023-09-10T03:10:14","guid":{"rendered":"https:\/\/www.wingtaitape.com\/?post_type=product&#038;p=2849"},"modified":"2025-04-12T15:18:59","modified_gmt":"2025-04-12T07:18:59","slug":"cinta-de-filamentos-de-alta-resistencia-a-la-traccion","status":"publish","type":"product","link":"https:\/\/www.wingtaitape.com\/es\/producto\/cinta-de-filamentos-de-alta-resistencia-a-la-traccion\/","title":{"rendered":"Cinta de filamentos de alta resistencia a la tracci\u00f3n -Duraci\u00f3n media"},"content":{"rendered":"<p><iframe title=\"Reproductor de v\u00eddeo YouTube\" src=\"https:\/\/www.youtube.com\/embed\/-7agbhNiR1A?si=F3mHCiPlb9AihEuS\" width=\"560\" height=\"315\" frameborder=\"0\" allowfullscreen=\"allowfullscreen\"><\/iframe><\/p>\n<h4><span style=\"font-family: 'Open Sans';\">Caracter\u00edsticas principales<\/span><\/h4>\n<ul>\n<li>Transparente y de alta resistencia a la tracci\u00f3n<\/li>\n<li>Refuerzo de fibra de vidrio para mayor resistencia<\/li>\n<li>Adhesivo de caucho sint\u00e9tico para una mayor adherencia<\/li>\n<li>Resistente a la abrasi\u00f3n y al impacto<\/li>\n<li>Ideal para flejado de objetos pesados y refuerzo de cajas<\/li>\n<\/ul>\n<p>&nbsp;<\/p>\n<h4><span style=\"font-family: Open Sans;\">Aplicaci\u00f3n<\/span><\/h4>\n<ul>\n<li>Adecuado para el flejado de objetos pesados<\/li>\n<li>Refuerzo y cierre de cajas<\/li>\n<li>Embalaje general<\/li>\n<li>Flejado y enfardado de uso medio<\/li>\n<li>Agrupaci\u00f3n de utilidades y unificaci\u00f3n de pal\u00e9s<\/li>\n<\/ul>\n<h4><\/h4>\n<h4><span style=\"font-family: Open Sans;\">Datos t\u00e9cnicos<\/span><\/h4>\n<p><img fetchpriority=\"high\" decoding=\"async\" class=\"alignnone size-full wp-image-6072\" src=\"https:\/\/www.wingtaitape.com\/wp-content\/uploads\/2023\/09\/mono-directional-filament-tape-data-sheet.jpg\" alt=\"hoja de datos de la cinta de filamento monodireccional\" width=\"1531\" height=\"567\" srcset=\"https:\/\/www.wingtaitape.com\/wp-content\/uploads\/2023\/09\/mono-directional-filament-tape-data-sheet.jpg 1531w, https:\/\/www.wingtaitape.com\/wp-content\/uploads\/2023\/09\/mono-directional-filament-tape-data-sheet-600x222.jpg 600w, https:\/\/www.wingtaitape.com\/wp-content\/uploads\/2023\/09\/mono-directional-filament-tape-data-sheet-1024x379.jpg 1024w, https:\/\/www.wingtaitape.com\/wp-content\/uploads\/2023\/09\/mono-directional-filament-tape-data-sheet-768x284.jpg 768w, https:\/\/www.wingtaitape.com\/wp-content\/uploads\/2023\/09\/mono-directional-filament-tape-data-sheet-18x7.jpg 18w, https:\/\/www.wingtaitape.com\/wp-content\/uploads\/2023\/09\/mono-directional-filament-tape-data-sheet-800x296.jpg 800w\" sizes=\"(max-width: 1531px) 100vw, 1531px\" \/><\/p>\n<p><img decoding=\"async\" class=\"alignnone size-full wp-image-6074\" src=\"https:\/\/www.wingtaitape.com\/wp-content\/uploads\/2023\/09\/Bi-directional-filament-tape-data-sheet.jpg\" alt=\"Ficha t\u00e9cnica de la cinta de filamentos bidireccional\" width=\"1531\" height=\"457\" srcset=\"https:\/\/www.wingtaitape.com\/wp-content\/uploads\/2023\/09\/Bi-directional-filament-tape-data-sheet.jpg 1531w, https:\/\/www.wingtaitape.com\/wp-content\/uploads\/2023\/09\/Bi-directional-filament-tape-data-sheet-600x179.jpg 600w, https:\/\/www.wingtaitape.com\/wp-content\/uploads\/2023\/09\/Bi-directional-filament-tape-data-sheet-1024x306.jpg 1024w, https:\/\/www.wingtaitape.com\/wp-content\/uploads\/2023\/09\/Bi-directional-filament-tape-data-sheet-768x229.jpg 768w, https:\/\/www.wingtaitape.com\/wp-content\/uploads\/2023\/09\/Bi-directional-filament-tape-data-sheet-18x5.jpg 18w, https:\/\/www.wingtaitape.com\/wp-content\/uploads\/2023\/09\/Bi-directional-filament-tape-data-sheet-800x239.jpg 800w\" sizes=\"(max-width: 1531px) 100vw, 1531px\" \/><\/p>\n<p><img decoding=\"async\" class=\"alignnone size-full wp-image-6075\" src=\"https:\/\/www.wingtaitape.com\/wp-content\/uploads\/2023\/09\/Clean-removal-filament-tape-data-sheet.jpg\" alt=\"Ficha de datos de la cinta de filamentos para limpieza\" width=\"1531\" height=\"709\" srcset=\"https:\/\/www.wingtaitape.com\/wp-content\/uploads\/2023\/09\/Clean-removal-filament-tape-data-sheet.jpg 1531w, https:\/\/www.wingtaitape.com\/wp-content\/uploads\/2023\/09\/Clean-removal-filament-tape-data-sheet-600x278.jpg 600w, https:\/\/www.wingtaitape.com\/wp-content\/uploads\/2023\/09\/Clean-removal-filament-tape-data-sheet-1024x474.jpg 1024w, https:\/\/www.wingtaitape.com\/wp-content\/uploads\/2023\/09\/Clean-removal-filament-tape-data-sheet-768x356.jpg 768w, https:\/\/www.wingtaitape.com\/wp-content\/uploads\/2023\/09\/Clean-removal-filament-tape-data-sheet-18x8.jpg 18w, https:\/\/www.wingtaitape.com\/wp-content\/uploads\/2023\/09\/Clean-removal-filament-tape-data-sheet-800x370.jpg 800w\" sizes=\"(max-width: 1531px) 100vw, 1531px\" \/><\/p>\n<p><img loading=\"lazy\" decoding=\"async\" class=\"alignnone size-full wp-image-6367\" src=\"https:\/\/www.wingtaitape.com\/wp-content\/uploads\/2023\/09\/Filament-tape_01.jpg\" alt=\"cinta de filamentos\" width=\"790\" height=\"1104\" srcset=\"https:\/\/www.wingtaitape.com\/wp-content\/uploads\/2023\/09\/Filament-tape_01.jpg 790w, https:\/\/www.wingtaitape.com\/wp-content\/uploads\/2023\/09\/Filament-tape_01-429x600.jpg 429w, https:\/\/www.wingtaitape.com\/wp-content\/uploads\/2023\/09\/Filament-tape_01-733x1024.jpg 733w, https:\/\/www.wingtaitape.com\/wp-content\/uploads\/2023\/09\/Filament-tape_01-768x1073.jpg 768w, https:\/\/www.wingtaitape.com\/wp-content\/uploads\/2023\/09\/Filament-tape_01-9x12.jpg 9w, https:\/\/www.wingtaitape.com\/wp-content\/uploads\/2023\/09\/Filament-tape_01-600x838.jpg 600w\" sizes=\"(max-width: 790px) 100vw, 790px\" \/> <img loading=\"lazy\" decoding=\"async\" class=\"alignnone size-full wp-image-6368\" src=\"https:\/\/www.wingtaitape.com\/wp-content\/uploads\/2023\/09\/Filament-tape_02.jpg\" alt=\"cinta de filamentos\" width=\"790\" height=\"1404\" srcset=\"https:\/\/www.wingtaitape.com\/wp-content\/uploads\/2023\/09\/Filament-tape_02.jpg 790w, https:\/\/www.wingtaitape.com\/wp-content\/uploads\/2023\/09\/Filament-tape_02-338x600.jpg 338w, https:\/\/www.wingtaitape.com\/wp-content\/uploads\/2023\/09\/Filament-tape_02-576x1024.jpg 576w, https:\/\/www.wingtaitape.com\/wp-content\/uploads\/2023\/09\/Filament-tape_02-768x1365.jpg 768w, https:\/\/www.wingtaitape.com\/wp-content\/uploads\/2023\/09\/Filament-tape_02-7x12.jpg 7w, https:\/\/www.wingtaitape.com\/wp-content\/uploads\/2023\/09\/Filament-tape_02-600x1066.jpg 600w\" sizes=\"(max-width: 790px) 100vw, 790px\" \/> <img loading=\"lazy\" decoding=\"async\" class=\"alignnone size-full wp-image-6369\" src=\"https:\/\/www.wingtaitape.com\/wp-content\/uploads\/2023\/09\/Filament-tape_03.jpg\" alt=\"cinta de filamentos\" width=\"790\" height=\"866\" srcset=\"https:\/\/www.wingtaitape.com\/wp-content\/uploads\/2023\/09\/Filament-tape_03.jpg 790w, https:\/\/www.wingtaitape.com\/wp-content\/uploads\/2023\/09\/Filament-tape_03-547x600.jpg 547w, https:\/\/www.wingtaitape.com\/wp-content\/uploads\/2023\/09\/Filament-tape_03-768x842.jpg 768w, https:\/\/www.wingtaitape.com\/wp-content\/uploads\/2023\/09\/Filament-tape_03-11x12.jpg 11w, https:\/\/www.wingtaitape.com\/wp-content\/uploads\/2023\/09\/Filament-tape_03-600x658.jpg 600w\" sizes=\"(max-width: 790px) 100vw, 790px\" \/> <img loading=\"lazy\" decoding=\"async\" class=\"alignnone size-full wp-image-6370\" src=\"https:\/\/www.wingtaitape.com\/wp-content\/uploads\/2023\/09\/Filament-tape_04.jpg\" alt=\"cinta de filamentos\" width=\"790\" height=\"1343\" srcset=\"https:\/\/www.wingtaitape.com\/wp-content\/uploads\/2023\/09\/Filament-tape_04.jpg 790w, https:\/\/www.wingtaitape.com\/wp-content\/uploads\/2023\/09\/Filament-tape_04-353x600.jpg 353w, https:\/\/www.wingtaitape.com\/wp-content\/uploads\/2023\/09\/Filament-tape_04-602x1024.jpg 602w, https:\/\/www.wingtaitape.com\/wp-content\/uploads\/2023\/09\/Filament-tape_04-768x1306.jpg 768w, https:\/\/www.wingtaitape.com\/wp-content\/uploads\/2023\/09\/Filament-tape_04-7x12.jpg 7w, https:\/\/www.wingtaitape.com\/wp-content\/uploads\/2023\/09\/Filament-tape_04-600x1020.jpg 600w\" sizes=\"(max-width: 790px) 100vw, 790px\" \/> <img loading=\"lazy\" decoding=\"async\" class=\"alignnone size-full wp-image-6371\" src=\"https:\/\/www.wingtaitape.com\/wp-content\/uploads\/2023\/09\/Filament-tape_05.jpg\" alt=\"cinta de filamentos\" width=\"790\" height=\"1615\" srcset=\"https:\/\/www.wingtaitape.com\/wp-content\/uploads\/2023\/09\/Filament-tape_05.jpg 790w, https:\/\/www.wingtaitape.com\/wp-content\/uploads\/2023\/09\/Filament-tape_05-293x600.jpg 293w, https:\/\/www.wingtaitape.com\/wp-content\/uploads\/2023\/09\/Filament-tape_05-501x1024.jpg 501w, https:\/\/www.wingtaitape.com\/wp-content\/uploads\/2023\/09\/Filament-tape_05-768x1570.jpg 768w, https:\/\/www.wingtaitape.com\/wp-content\/uploads\/2023\/09\/Filament-tape_05-751x1536.jpg 751w, https:\/\/www.wingtaitape.com\/wp-content\/uploads\/2023\/09\/Filament-tape_05-6x12.jpg 6w, https:\/\/www.wingtaitape.com\/wp-content\/uploads\/2023\/09\/Filament-tape_05-600x1227.jpg 600w\" sizes=\"(max-width: 790px) 100vw, 790px\" \/> <img loading=\"lazy\" decoding=\"async\" class=\"alignnone size-full wp-image-6372\" src=\"https:\/\/www.wingtaitape.com\/wp-content\/uploads\/2023\/09\/Filament-tape_06.jpg\" alt=\"cinta de filamentos\" width=\"790\" height=\"1006\" srcset=\"https:\/\/www.wingtaitape.com\/wp-content\/uploads\/2023\/09\/Filament-tape_06.jpg 790w, https:\/\/www.wingtaitape.com\/wp-content\/uploads\/2023\/09\/Filament-tape_06-471x600.jpg 471w, https:\/\/www.wingtaitape.com\/wp-content\/uploads\/2023\/09\/Filament-tape_06-768x978.jpg 768w, https:\/\/www.wingtaitape.com\/wp-content\/uploads\/2023\/09\/Filament-tape_06-9x12.jpg 9w, https:\/\/www.wingtaitape.com\/wp-content\/uploads\/2023\/09\/Filament-tape_06-600x764.jpg 600w\" sizes=\"(max-width: 790px) 100vw, 790px\" \/> <img loading=\"lazy\" decoding=\"async\" class=\"alignnone size-full wp-image-6373\" src=\"https:\/\/www.wingtaitape.com\/wp-content\/uploads\/2023\/09\/Filament-tape_07.jpg\" alt=\"cinta de filamentos\" width=\"790\" height=\"1049\" srcset=\"https:\/\/www.wingtaitape.com\/wp-content\/uploads\/2023\/09\/Filament-tape_07.jpg 790w, https:\/\/www.wingtaitape.com\/wp-content\/uploads\/2023\/09\/Filament-tape_07-452x600.jpg 452w, https:\/\/www.wingtaitape.com\/wp-content\/uploads\/2023\/09\/Filament-tape_07-771x1024.jpg 771w, https:\/\/www.wingtaitape.com\/wp-content\/uploads\/2023\/09\/Filament-tape_07-768x1020.jpg 768w, https:\/\/www.wingtaitape.com\/wp-content\/uploads\/2023\/09\/Filament-tape_07-9x12.jpg 9w, https:\/\/www.wingtaitape.com\/wp-content\/uploads\/2023\/09\/Filament-tape_07-600x797.jpg 600w\" sizes=\"(max-width: 790px) 100vw, 790px\" \/> <img loading=\"lazy\" decoding=\"async\" class=\"alignnone size-full wp-image-6374\" src=\"https:\/\/www.wingtaitape.com\/wp-content\/uploads\/2023\/09\/Filament-tape_08.jpg\" alt=\"cinta de filamentos\" width=\"790\" height=\"1698\" srcset=\"https:\/\/www.wingtaitape.com\/wp-content\/uploads\/2023\/09\/Filament-tape_08.jpg 790w, https:\/\/www.wingtaitape.com\/wp-content\/uploads\/2023\/09\/Filament-tape_08-279x600.jpg 279w, https:\/\/www.wingtaitape.com\/wp-content\/uploads\/2023\/09\/Filament-tape_08-476x1024.jpg 476w, https:\/\/www.wingtaitape.com\/wp-content\/uploads\/2023\/09\/Filament-tape_08-768x1651.jpg 768w, https:\/\/www.wingtaitape.com\/wp-content\/uploads\/2023\/09\/Filament-tape_08-715x1536.jpg 715w, https:\/\/www.wingtaitape.com\/wp-content\/uploads\/2023\/09\/Filament-tape_08-6x12.jpg 6w, https:\/\/www.wingtaitape.com\/wp-content\/uploads\/2023\/09\/Filament-tape_08-600x1290.jpg 600w\" sizes=\"(max-width: 790px) 100vw, 790px\" \/> <img loading=\"lazy\" decoding=\"async\" class=\"alignnone size-full wp-image-6375\" src=\"https:\/\/www.wingtaitape.com\/wp-content\/uploads\/2023\/09\/Filament-tape_09.jpg\" alt=\"cinta de filamentos\" width=\"790\" height=\"810\" srcset=\"https:\/\/www.wingtaitape.com\/wp-content\/uploads\/2023\/09\/Filament-tape_09.jpg 790w, https:\/\/www.wingtaitape.com\/wp-content\/uploads\/2023\/09\/Filament-tape_09-585x600.jpg 585w, https:\/\/www.wingtaitape.com\/wp-content\/uploads\/2023\/09\/Filament-tape_09-768x787.jpg 768w, https:\/\/www.wingtaitape.com\/wp-content\/uploads\/2023\/09\/Filament-tape_09-12x12.jpg 12w, https:\/\/www.wingtaitape.com\/wp-content\/uploads\/2023\/09\/Filament-tape_09-600x615.jpg 600w\" sizes=\"(max-width: 790px) 100vw, 790px\" \/><\/p>","protected":false},"excerpt":{"rendered":"<ul>\n<li>Cinta de filamentos transparente y de alta resistencia, tambi\u00e9n conocida como cinta reforzada con fibra de vidrio, adecuada para el flejado de objetos pesados, el refuerzo de cajas, etc. Ofrece una gran adherencia y resistencia al impacto.<\/li>\n<\/ul>","protected":false},"featured_media":3077,"template":"","meta":{"slim_seo":{"title":"Cinta filamento alta resistencia -Medium Duty - Cinta adhesiva Fabricante, surtidor, exportador | WINGTAI","description":"Cinta duradera de filamentos de alta resistencia para flejado pesado y refuerzo de cajas. Gran adherencia y resistencia a los impactos. Perfecta para diversas necesidades de embalaje."}},"product_brand":[],"product_cat":[40],"product_tag":[39],"class_list":{"0":"post-2849","1":"product","2":"type-product","3":"status-publish","4":"has-post-thumbnail","6":"product_cat-filament-tapes","7":"product_tag-filament-tape","9":"first","10":"instock","11":"featured","12":"shipping-taxable","13":"product-type-simple"},"_links":{"self":[{"href":"https:\/\/www.wingtaitape.com\/es\/wp-json\/wp\/v2\/product\/2849","targetHints":{"allow":["GET"]}}],"collection":[{"href":"https:\/\/www.wingtaitape.com\/es\/wp-json\/wp\/v2\/product"}],"about":[{"href":"https:\/\/www.wingtaitape.com\/es\/wp-json\/wp\/v2\/types\/product"}],"wp:featuredmedia":[{"embeddable":true,"href":"https:\/\/www.wingtaitape.com\/es\/wp-json\/wp\/v2\/media\/3077"}],"wp:attachment":[{"href":"https:\/\/www.wingtaitape.com\/es\/wp-json\/wp\/v2\/media?parent=2849"}],"wp:term":[{"taxonomy":"product_brand","embeddable":true,"href":"https:\/\/www.wingtaitape.com\/es\/wp-json\/wp\/v2\/product_brand?post=2849"},{"taxonomy":"product_cat","embeddable":true,"href":"https:\/\/www.wingtaitape.com\/es\/wp-json\/wp\/v2\/product_cat?post=2849"},{"taxonomy":"product_tag","embeddable":true,"href":"https:\/\/www.wingtaitape.com\/es\/wp-json\/wp\/v2\/product_tag?post=2849"}],"curies":[{"name":"wp","href":"https:\/\/api.w.org\/{rel}","templated":true}]}}