{"id":2871,"date":"2023-09-17T01:55:35","date_gmt":"2023-09-17T01:55:35","guid":{"rendered":"https:\/\/www.wingtaitape.com\/?post_type=product&#038;p=2871"},"modified":"2023-12-27T10:19:24","modified_gmt":"2023-12-27T02:19:24","slug":"cinta-de-embalar-mate-con-efecto-antideslumbrante","status":"publish","type":"product","link":"https:\/\/www.wingtaitape.com\/es\/producto\/cinta-de-embalar-mate-con-efecto-antideslumbrante\/","title":{"rendered":"Cinta de embalaje mate con efecto antideslumbrante"},"content":{"rendered":"<h4><span style=\"font-family: 'Open Sans';\">Caracter\u00edsticas principales<\/span><\/h4>\n<ul>\n<li>Acabado mate, no reflectante<\/li>\n<li>Mejora el aspecto de los dise\u00f1os impresos<\/li>\n<li>Proporciona una protecci\u00f3n adicional contra la luz<\/li>\n<li>Ideal para marcas de gama alta<\/li>\n<\/ul>\n<p>&nbsp;<\/p>\n<h4><span style=\"font-family: 'Open Sans';\">Aplicaci\u00f3n<\/span><\/h4>\n<ul>\n<li>Marca y embalaje<\/li>\n<li>Industria alimentaria<\/li>\n<li>Electr\u00f3nica<\/li>\n<li>Moda de gama alta<\/li>\n<li>Envasado de productos de primera calidad<\/li>\n<\/ul>","protected":false},"excerpt":{"rendered":"<p>Nuestra cinta de embalaje mate, tambi\u00e9n conocida como cinta de impresi\u00f3n antirreflectante, se crea aplicando adhesivo sensible a la presi\u00f3n a base de agua a una pel\u00edcula mate, que luego se seca y se corta en tiras. Este proceso especial permite la absorci\u00f3n y difusi\u00f3n de la luz, lo que da como resultado un efecto no reflectante y de textura fina. Ideal para marcas y envases, especialmente en la industria alimentaria, la electr\u00f3nica, la moda de alta gama y los productos de primera calidad.<\/p>","protected":false},"featured_media":3075,"template":"","meta":{"slim_seo":{"title":"Cinta de embalaje mate con efecto antideslumbrante - Cinta adhesiva Fabricante, surtidor, exportador | WINGTAI","description":"Descubra nuestra cinta de embalaje mate con efecto antirreflectante para embalajes premium no reflectantes. Ideal para marcas de gama alta de los sectores de la alimentaci\u00f3n, la electr\u00f3nica y la moda."}},"product_brand":[],"product_cat":[52],"product_tag":[],"class_list":{"0":"post-2871","1":"product","2":"type-product","3":"status-publish","4":"has-post-thumbnail","6":"product_cat-packaging-tapes","8":"first","9":"instock","10":"shipping-taxable","11":"product-type-simple"},"_links":{"self":[{"href":"https:\/\/www.wingtaitape.com\/es\/wp-json\/wp\/v2\/product\/2871","targetHints":{"allow":["GET"]}}],"collection":[{"href":"https:\/\/www.wingtaitape.com\/es\/wp-json\/wp\/v2\/product"}],"about":[{"href":"https:\/\/www.wingtaitape.com\/es\/wp-json\/wp\/v2\/types\/product"}],"wp:featuredmedia":[{"embeddable":true,"href":"https:\/\/www.wingtaitape.com\/es\/wp-json\/wp\/v2\/media\/3075"}],"wp:attachment":[{"href":"https:\/\/www.wingtaitape.com\/es\/wp-json\/wp\/v2\/media?parent=2871"}],"wp:term":[{"taxonomy":"product_brand","embeddable":true,"href":"https:\/\/www.wingtaitape.com\/es\/wp-json\/wp\/v2\/product_brand?post=2871"},{"taxonomy":"product_cat","embeddable":true,"href":"https:\/\/www.wingtaitape.com\/es\/wp-json\/wp\/v2\/product_cat?post=2871"},{"taxonomy":"product_tag","embeddable":true,"href":"https:\/\/www.wingtaitape.com\/es\/wp-json\/wp\/v2\/product_tag?post=2871"}],"curies":[{"name":"wp","href":"https:\/\/api.w.org\/{rel}","templated":true}]}}