{"id":2893,"date":"2023-09-24T02:50:13","date_gmt":"2023-09-24T02:50:13","guid":{"rendered":"https:\/\/www.wingtaitape.com\/?post_type=product&#038;p=2893"},"modified":"2023-12-10T21:25:04","modified_gmt":"2023-12-10T13:25:04","slug":"cinta-fragil-multilingue","status":"publish","type":"product","link":"https:\/\/www.wingtaitape.com\/es\/producto\/cinta-fragil-multilingue\/","title":{"rendered":"Cinta fr\u00e1gil - Multiling\u00fce y personalizable"},"content":{"rendered":"<p><iframe title=\"Reproductor de v\u00eddeo YouTube\" src=\"https:\/\/www.youtube.com\/embed\/9PZQcD-7VMI?si=EVeVm8lzmdz6YKfl\" width=\"560\" height=\"315\" frameborder=\"0\" allowfullscreen=\"allowfullscreen\"><\/iframe><\/p>\n<h4><span style=\"font-family: 'Open Sans';\">Caracter\u00edsticas principales<\/span><\/h4>\n<ul>\n<li>Personalizable y con un dise\u00f1o profesional<\/li>\n<li>Tintas ecol\u00f3gicas con colores directos espec\u00edficos<\/li>\n<li>Adecuado para objetos fr\u00e1giles<\/li>\n<li>Excelente adherencia y precio competitivo<\/li>\n<li>Opciones de etiquetado multiling\u00fce para sellado e identificaci\u00f3n<\/li>\n<\/ul>\n<h4><span style=\"font-family: 'Open Sans';\">Aplicaci\u00f3n<\/span><\/h4>\n<ul>\n<li>Ideal para embalar art\u00edculos fr\u00e1giles<\/li>\n<li>Aumenta la seguridad de los env\u00edos delicados<\/li>\n<li>Adecuado para diversas industrias, como la electr\u00f3nica, la cristaler\u00eda y los objetos de colecci\u00f3n<\/li>\n<\/ul>","protected":false},"excerpt":{"rendered":"<ul>\n<li>Nuestra cinta fr\u00e1gil, totalmente personalizable, ofrece una impresi\u00f3n de alto rendimiento para todas sus necesidades de embalaje delicado.<\/li>\n<li>Las tintas ecol\u00f3gicas, los colores directos espec\u00edficos y la excelente adherencia la convierten en la elecci\u00f3n perfecta.<\/li>\n<li>Destaque con opciones de etiquetado multiling\u00fce.<\/li>\n<\/ul>","protected":false},"featured_media":3074,"template":"","meta":{"slim_seo":{"title":"Cinta adhesiva - Multilingual &amp; Customizable - Cinta adhesiva Fabricante, surtidor, exportador | WINGTAI","description":"Cinta fr\u00e1gil personalizable para env\u00edos seguros - Ideal para electr\u00f3nica y mucho m\u00e1s."}},"product_brand":[],"product_cat":[52],"product_tag":[],"class_list":{"0":"post-2893","1":"product","2":"type-product","3":"status-publish","4":"has-post-thumbnail","6":"product_cat-packaging-tapes","8":"first","9":"instock","10":"shipping-taxable","11":"product-type-simple"},"_links":{"self":[{"href":"https:\/\/www.wingtaitape.com\/es\/wp-json\/wp\/v2\/product\/2893","targetHints":{"allow":["GET"]}}],"collection":[{"href":"https:\/\/www.wingtaitape.com\/es\/wp-json\/wp\/v2\/product"}],"about":[{"href":"https:\/\/www.wingtaitape.com\/es\/wp-json\/wp\/v2\/types\/product"}],"wp:featuredmedia":[{"embeddable":true,"href":"https:\/\/www.wingtaitape.com\/es\/wp-json\/wp\/v2\/media\/3074"}],"wp:attachment":[{"href":"https:\/\/www.wingtaitape.com\/es\/wp-json\/wp\/v2\/media?parent=2893"}],"wp:term":[{"taxonomy":"product_brand","embeddable":true,"href":"https:\/\/www.wingtaitape.com\/es\/wp-json\/wp\/v2\/product_brand?post=2893"},{"taxonomy":"product_cat","embeddable":true,"href":"https:\/\/www.wingtaitape.com\/es\/wp-json\/wp\/v2\/product_cat?post=2893"},{"taxonomy":"product_tag","embeddable":true,"href":"https:\/\/www.wingtaitape.com\/es\/wp-json\/wp\/v2\/product_tag?post=2893"}],"curies":[{"name":"wp","href":"https:\/\/api.w.org\/{rel}","templated":true}]}}