{"id":7855,"date":"2025-10-19T17:52:54","date_gmt":"2025-10-19T09:52:54","guid":{"rendered":"https:\/\/www.wingtaitape.com\/?post_type=product&#038;p=7855"},"modified":"2025-10-19T18:35:13","modified_gmt":"2025-10-19T10:35:13","slug":"cinta-de-pelicula-de-poliimida-pi-resistente-al-calor-y-sin-residuos-a-altas-temperaturas","status":"publish","type":"product","link":"https:\/\/www.wingtaitape.com\/es\/producto\/cinta-de-pelicula-de-poliimida-pi-resistente-al-calor-y-sin-residuos-a-altas-temperaturas\/","title":{"rendered":"Cinta de pel\u00edcula de poliimida no residual resistente al calor y a altas temperaturas"},"content":{"rendered":"<h3>Maximice su potencial de fabricaci\u00f3n y artesan\u00eda con esta cinta de poliimida de calidad profesional, dise\u00f1ada para aplicaciones de calor extremo y precisi\u00f3n.<\/h3>\n<h3>Caracter\u00edsticas del producto:<\/h3>\n<div id=\"model-response-message-contentr_16707efe56158903\" class=\"markdown markdown-main-panel stronger enable-updated-hr-color\" dir=\"ltr\">\n<ul>\n<li>Garantizar un <strong>acabado limpio<\/strong> en cualquier material, ya que el adhesivo de silicona se despega sin dejar marcas ni suciedad.<\/li>\n<li>Mango <strong>temperaturas extremas<\/strong>resistente al calor hasta <span class=\"math-inline\" data-math=\"536^\\circ\\text{F}\">536\u2109<\/span><span class=\"citation-14 citation-end-14\">\u00a0(<\/span><span class=\"math-inline\" data-math=\"280^\\circ\\text{C}\">280\u2103<\/span><span class=\"citation-13\">) <\/span>para una protecci\u00f3n fiable a corto plazo durante procesos rigurosos.<\/li>\n<li>Complete <strong>detalles finos y formas complejas<\/strong> f\u00e1cilmente; la cinta presenta propiedades de cizallamiento superiores y est\u00e1 lista para <strong>troquelado<\/strong> procesos.<\/li>\n<li>Mantienen la integridad mec\u00e1nica en condiciones de gran tensi\u00f3n, por lo que son fiables en lugares donde el calor y las vibraciones son habituales.<\/li>\n<li>Proteja los componentes sensibles y los dedos de oro de los agentes de limpieza agresivos, benefici\u00e1ndose de la cinta de<strong> gran resistencia a los disolventes<\/strong>.<\/li>\n<li>Reducir los cambios de material y <strong>aumentar el tiempo de actividad<\/strong>.<\/li>\n<li>Consiga una adhesi\u00f3n fiable y una alineaci\u00f3n perfecta, con el apoyo de un <strong>revestimiento de alta precisi\u00f3n<\/strong> que limita las incoherencias dimensionales.<\/li>\n<\/ul>\n<p>&nbsp;<\/p>\n<h3>Aplicaciones:<\/h3>\n<\/div>\n<p>Esta cinta resistente al calor es un componente fiable en diversos entornos industriales y de fabricaci\u00f3n:<\/p>\n<ul>\n<li><b>Fabricaci\u00f3n de productos electr\u00f3nicos:<\/b> Utilizado para <b>pantalla de soldadura por ola<\/b> en placas de circuitos y proteger zonas sensibles como <b>dedos de oro<\/b>.<\/li>\n<li><b>Procesos de transferencia de calor:<\/b> Obtenci\u00f3n de materiales para <b>sublimaci\u00f3n, termoimpresi\u00f3n y HTV<\/b> aplicaciones en prendas de vestir y otros sustratos.<\/li>\n<li><b>Aislamiento el\u00e9ctrico:<\/b> Aislamiento especializado para <b>motores, bobinas, transformadores y condensadores<\/b> en conjuntos electr\u00f3nicos.<\/li>\n<li><b>Tratamiento especializado:<\/b> Aplicable a tareas de alta temperatura como <b>recubrimiento en polvo<\/b> y fabricaci\u00f3n en la <b>semiconductor<\/b> industria.<\/li>\n<li><b>Energ\u00eda y potencia:<\/b> Aislar los polos positivo y negativo durante la producci\u00f3n de <b>bater\u00eda de litio<\/b> sistemas.<\/li>\n<li><b>Uso general a altas temperaturas:<\/b> Materiales de enmascaramiento y fijaci\u00f3n en <b>Impresi\u00f3n 3D<\/b> y otros entornos industriales de alta temperatura.<\/li>\n<\/ul>\n<p><img fetchpriority=\"high\" decoding=\"async\" class=\"alignnone size-full wp-image-7862\" src=\"https:\/\/www.wingtaitape.com\/wp-content\/uploads\/2025\/10\/polyimide-tape-6.webp\" alt=\"Cinta de poliimida (6)\" width=\"800\" height=\"800\" srcset=\"https:\/\/www.wingtaitape.com\/wp-content\/uploads\/2025\/10\/polyimide-tape-6.webp 800w, https:\/\/www.wingtaitape.com\/wp-content\/uploads\/2025\/10\/polyimide-tape-6-600x600.webp 600w, https:\/\/www.wingtaitape.com\/wp-content\/uploads\/2025\/10\/polyimide-tape-6-150x150.webp 150w, https:\/\/www.wingtaitape.com\/wp-content\/uploads\/2025\/10\/polyimide-tape-6-768x768.webp 768w, https:\/\/www.wingtaitape.com\/wp-content\/uploads\/2025\/10\/polyimide-tape-6-12x12.webp 12w, https:\/\/www.wingtaitape.com\/wp-content\/uploads\/2025\/10\/polyimide-tape-6-100x100.webp 100w\" sizes=\"(max-width: 800px) 100vw, 800px\" \/> <img decoding=\"async\" class=\"alignnone size-full wp-image-7858\" src=\"https:\/\/www.wingtaitape.com\/wp-content\/uploads\/2025\/10\/polyimide-tape-2.webp\" alt=\"Cinta de poliimida (2)\" width=\"800\" height=\"800\" srcset=\"https:\/\/www.wingtaitape.com\/wp-content\/uploads\/2025\/10\/polyimide-tape-2.webp 800w, https:\/\/www.wingtaitape.com\/wp-content\/uploads\/2025\/10\/polyimide-tape-2-600x600.webp 600w, https:\/\/www.wingtaitape.com\/wp-content\/uploads\/2025\/10\/polyimide-tape-2-150x150.webp 150w, https:\/\/www.wingtaitape.com\/wp-content\/uploads\/2025\/10\/polyimide-tape-2-768x768.webp 768w, https:\/\/www.wingtaitape.com\/wp-content\/uploads\/2025\/10\/polyimide-tape-2-12x12.webp 12w, https:\/\/www.wingtaitape.com\/wp-content\/uploads\/2025\/10\/polyimide-tape-2-100x100.webp 100w\" sizes=\"(max-width: 800px) 100vw, 800px\" \/><\/p>","protected":false},"excerpt":{"rendered":"<p><span class=\"citation-35 citation-end-35\">Esta cinta de pel\u00edcula de poliimida ofrece una resistencia superior al calor<\/span><span class=\"citation-34 citation-end-34\"> y cuenta con un fuerte adhesivo de silicona que se despega limpiamente sin dejar residuos. <\/span>Es una soluci\u00f3n fiable para aplicaciones de enmascaramiento de precisi\u00f3n a altas temperaturas, aislamiento el\u00e9ctrico y transferencia de calor.<\/p>","protected":false},"featured_media":7861,"template":"","meta":{"slim_seo":{"description":"Cinta t\u00e9rmica de poliimida profesional para enmascarar a alta temperatura, aislamiento el\u00e9ctrico y sublimaci\u00f3n, no deja residuos.","title":"High Temperature Heat Resistant No-residual Polyimide Pi Film Tape - Adhesive tape Manufacturer, Supplier, Exporter | WINGTAI"}},"product_brand":[],"product_cat":[37,43],"product_tag":[],"class_list":{"0":"post-7855","1":"product","2":"type-product","3":"status-publish","4":"has-post-thumbnail","6":"product_cat-electrical-tapes","7":"product_cat-industrial-tape","9":"first","10":"instock","11":"shipping-taxable","12":"product-type-simple"},"_links":{"self":[{"href":"https:\/\/www.wingtaitape.com\/es\/wp-json\/wp\/v2\/product\/7855","targetHints":{"allow":["GET"]}}],"collection":[{"href":"https:\/\/www.wingtaitape.com\/es\/wp-json\/wp\/v2\/product"}],"about":[{"href":"https:\/\/www.wingtaitape.com\/es\/wp-json\/wp\/v2\/types\/product"}],"wp:featuredmedia":[{"embeddable":true,"href":"https:\/\/www.wingtaitape.com\/es\/wp-json\/wp\/v2\/media\/7861"}],"wp:attachment":[{"href":"https:\/\/www.wingtaitape.com\/es\/wp-json\/wp\/v2\/media?parent=7855"}],"wp:term":[{"taxonomy":"product_brand","embeddable":true,"href":"https:\/\/www.wingtaitape.com\/es\/wp-json\/wp\/v2\/product_brand?post=7855"},{"taxonomy":"product_cat","embeddable":true,"href":"https:\/\/www.wingtaitape.com\/es\/wp-json\/wp\/v2\/product_cat?post=7855"},{"taxonomy":"product_tag","embeddable":true,"href":"https:\/\/www.wingtaitape.com\/es\/wp-json\/wp\/v2\/product_tag?post=7855"}],"curies":[{"name":"wp","href":"https:\/\/api.w.org\/{rel}","templated":true}]}}