{"id":2595,"date":"2023-08-22T12:31:05","date_gmt":"2023-08-22T12:31:05","guid":{"rendered":"https:\/\/www.wingtaitape.com\/?post_type=product&#038;p=2595"},"modified":"2023-12-10T22:10:55","modified_gmt":"2023-12-10T14:10:55","slug":"ruban-demballage-biodegradable","status":"publish","type":"product","link":"https:\/\/www.wingtaitape.com\/fr\/produit\/ruban-demballage-biodegradable\/","title":{"rendered":"Ruban d'emballage biod\u00e9gradable"},"content":{"rendered":"<p><iframe title=\"Lecteur vid\u00e9o YouTube\" src=\"https:\/\/www.youtube.com\/embed\/9PZQcD-7VMI?si=EVeVm8lzmdz6YKfl\" width=\"560\" height=\"315\" frameborder=\"0\" allowfullscreen=\"allowfullscreen\"><\/iframe><\/p>\n<h4><span style=\"font-family: 'Open Sans';\">Caract\u00e9ristiques principales<\/span><\/h4>\n<ul>\n<li>Conforme \u00e0 la directive RoHS et REACH ;<\/li>\n<li>Commence \u00e0 se d\u00e9grader rapidement apr\u00e8s 2 mois de mise en d\u00e9charge, le taux de biod\u00e9gradation peut atteindre 95% apr\u00e8s 6 mois, les produits de d\u00e9gradation finale \u00e9tant l'eau et le dioxyde de carbone ;<\/li>\n<li>Facile \u00e0 d\u00e9tacher\uff0cstrong r\u00e9sistance \u00e0 la traction, satisfait aux exigences courantes de fermeture des cartons.<\/li>\n<\/ul>\n<h4><span style=\"font-family: 'Open Sans';\">Application<\/span><\/h4>\n<ul>\n<li>Le ruban d'emballage biod\u00e9gradable est utilis\u00e9 comme alternative \u00e9cologique au ruban d'emballage traditionnel pour s\u00e9curiser les paquets et les bo\u00eetes pendant l'exp\u00e9dition et le stockage.<\/li>\n<\/ul>","protected":false},"excerpt":{"rendered":"<ul>\n<li>Biod\u00e9gradable : &gt;96% taux de biod\u00e9gradation relative en 180 jours.<\/li>\n<li>Facile \u00e0 d\u00e9chirer \u00e0 la main : forte tension longitudinale et facile \u00e0 d\u00e9chirer horizontalement.<\/li>\n<li>Faible niveau sonore : fabriqu\u00e9 \u00e0 partir de mat\u00e9riaux professionnels et soumis \u00e0 un processus sp\u00e9cial afin de r\u00e9duire le niveau sonore.<\/li>\n<\/ul>","protected":false},"featured_media":3170,"template":"","meta":{"slim_seo":{"title":"Ruban d'emballage biod\u00e9gradable - Ruban adh\u00e9sif - Fabricant, Fournisseur, Exportateur | WINGTAI","description":"Biod\u00e9gradable : Taux de biod\u00e9gradation relatif &gt;96% en 180 jours.Facile \u00e0 d\u00e9chirer \u00e0 la main : forte tension longitudinale et facile \u00e0 d\u00e9chirer horizontalement.Faible bruit : fabriqu\u00e9 \u00e0 partir de mat\u00e9riaux professionnels et soumis \u00e0 un processus sp\u00e9cial afin de r\u00e9duire le bruit."}},"product_brand":[],"product_cat":[52],"product_tag":[36],"class_list":{"0":"post-2595","1":"product","2":"type-product","3":"status-publish","4":"has-post-thumbnail","6":"product_cat-packaging-tapes","7":"product_tag-eco-friendly","9":"first","10":"instock","11":"featured","12":"shipping-taxable","13":"product-type-simple"},"_links":{"self":[{"href":"https:\/\/www.wingtaitape.com\/fr\/wp-json\/wp\/v2\/product\/2595","targetHints":{"allow":["GET"]}}],"collection":[{"href":"https:\/\/www.wingtaitape.com\/fr\/wp-json\/wp\/v2\/product"}],"about":[{"href":"https:\/\/www.wingtaitape.com\/fr\/wp-json\/wp\/v2\/types\/product"}],"wp:featuredmedia":[{"embeddable":true,"href":"https:\/\/www.wingtaitape.com\/fr\/wp-json\/wp\/v2\/media\/3170"}],"wp:attachment":[{"href":"https:\/\/www.wingtaitape.com\/fr\/wp-json\/wp\/v2\/media?parent=2595"}],"wp:term":[{"taxonomy":"product_brand","embeddable":true,"href":"https:\/\/www.wingtaitape.com\/fr\/wp-json\/wp\/v2\/product_brand?post=2595"},{"taxonomy":"product_cat","embeddable":true,"href":"https:\/\/www.wingtaitape.com\/fr\/wp-json\/wp\/v2\/product_cat?post=2595"},{"taxonomy":"product_tag","embeddable":true,"href":"https:\/\/www.wingtaitape.com\/fr\/wp-json\/wp\/v2\/product_tag?post=2595"}],"curies":[{"name":"wp","href":"https:\/\/api.w.org\/{rel}","templated":true}]}}