{"id":2597,"date":"2023-08-22T12:47:14","date_gmt":"2023-08-22T12:47:14","guid":{"rendered":"https:\/\/www.wingtaitape.com\/?post_type=product&#038;p=2597"},"modified":"2024-11-27T16:05:39","modified_gmt":"2024-11-27T08:05:39","slug":"ruban-adhesif-kraft-inscriptible-sans-plastique-kt5030","status":"publish","type":"product","link":"https:\/\/www.wingtaitape.com\/fr\/produit\/ruban-adhesif-kraft-inscriptible-sans-plastique-kt5030\/","title":{"rendered":"Ruban adh\u00e9sif en papier kraft inscriptible sans plastique KT5030"},"content":{"rendered":"<h3>Caract\u00e9ristiques principales<\/h3>\n<ul>\n<li>\n<div>Ruban kraft polyvalent - Ce ruban de masquage kraft polyvalent pr\u00e9sente une r\u00e9sistance \u00e9lev\u00e9e \u00e0 la traction, ce qui signifie qu'il peut \u00eatre utilis\u00e9 pour sceller le carton et les emballages lourds pour les d\u00e9m\u00e9nagements, les exp\u00e9ditions ou le stockage \u00e0 long terme \u00e0 l'int\u00e9rieur.<\/div>\n<\/li>\n<li>\n<div>Surface inscriptible et non couch\u00e9e - Id\u00e9ale pour \u00e9tiqueter les bo\u00eetes ou pour mieux s'organiser lors d'un d\u00e9m\u00e9nagement, notre ruban adh\u00e9sif de fermeture de carton offre une surface d'\u00e9criture propre pour les crayons, les stylos, les marqueurs \u00e0 base d'eau, les marqueurs huileux, etc.<\/div>\n<\/li>\n<li>\n<div>Support adh\u00e9sif solide - Notre mat\u00e9riau \u00e9cologique est fabriqu\u00e9 avec du papier kraft 100% et de la colle thermofusible, ce qui le rend plus solide, plus durable et capable de cr\u00e9er un joint solide pour assurer une tenue durable.<\/div>\n<\/li>\n<li>\n<div>Rouleau long et facile \u00e0 utiliser - Compatible avec les distributeurs de ruban adh\u00e9sif ordinaires. Il suffit de le d\u00e9chirer doucement sur le bord pour obtenir la longueur parfaite.<\/div>\n<\/li>\n<li>\n<div>Respectueux de l'environnement et recyclable - plus s\u00fbr pour l'emballage quotidien, le bricolage, la fermeture de bo\u00eetes et d'autres projets.<\/div>\n<\/li>\n<\/ul>\n<p>&nbsp;<\/p>","protected":false},"excerpt":{"rendered":"<p>Surface inscriptible non couch\u00e9e pour le masquage, le scellage et l'emballage, \u00e9cologique et recyclable, facile \u00e0 d\u00e9chirer.<\/p>","protected":false},"featured_media":3326,"template":"","meta":{"slim_seo":{"title":"Ruban de papier kraft inscriptible sans plastique KT5030 - Ruban adh\u00e9sif - Fabricant, Fournisseur, Exportateur | WINGTAI","description":"Principales caract\u00e9ristiques Ruban kraft polyvalent - Ce ruban de masquage kraft polyvalent pr\u00e9sente une r\u00e9sistance \u00e9lev\u00e9e \u00e0 la traction, ce qui signifie qu'il peut \u00eatre utilis\u00e9 pour sceller des cartons et des emballages r\u00e9sistants pour le d\u00e9m\u00e9nagement, l'exp\u00e9dition ou l'entreposage \u00e0 long terme \u00e0 l'int\u00e9rieur. Surface inscriptible et non enduite - Id\u00e9ale pour \u00e9tiqueter les bo\u00eetes ou pour mieux s'organiser lors d'un d\u00e9m\u00e9nagement..."}},"product_brand":[],"product_cat":[46],"product_tag":[36],"class_list":{"0":"post-2597","1":"product","2":"type-product","3":"status-publish","4":"has-post-thumbnail","6":"product_cat-kraft-tapes","7":"product_tag-eco-friendly","9":"first","10":"instock","11":"featured","12":"shipping-taxable","13":"product-type-simple"},"_links":{"self":[{"href":"https:\/\/www.wingtaitape.com\/fr\/wp-json\/wp\/v2\/product\/2597","targetHints":{"allow":["GET"]}}],"collection":[{"href":"https:\/\/www.wingtaitape.com\/fr\/wp-json\/wp\/v2\/product"}],"about":[{"href":"https:\/\/www.wingtaitape.com\/fr\/wp-json\/wp\/v2\/types\/product"}],"wp:featuredmedia":[{"embeddable":true,"href":"https:\/\/www.wingtaitape.com\/fr\/wp-json\/wp\/v2\/media\/3326"}],"wp:attachment":[{"href":"https:\/\/www.wingtaitape.com\/fr\/wp-json\/wp\/v2\/media?parent=2597"}],"wp:term":[{"taxonomy":"product_brand","embeddable":true,"href":"https:\/\/www.wingtaitape.com\/fr\/wp-json\/wp\/v2\/product_brand?post=2597"},{"taxonomy":"product_cat","embeddable":true,"href":"https:\/\/www.wingtaitape.com\/fr\/wp-json\/wp\/v2\/product_cat?post=2597"},{"taxonomy":"product_tag","embeddable":true,"href":"https:\/\/www.wingtaitape.com\/fr\/wp-json\/wp\/v2\/product_tag?post=2597"}],"curies":[{"name":"wp","href":"https:\/\/api.w.org\/{rel}","templated":true}]}}