{"id":2659,"date":"2023-08-24T13:10:03","date_gmt":"2023-08-24T13:10:03","guid":{"rendered":"https:\/\/www.wingtaitape.com\/?post_type=product&#038;p=2659"},"modified":"2025-04-12T14:38:11","modified_gmt":"2025-04-12T06:38:11","slug":"ruban-demballage-thermofusible","status":"publish","type":"product","link":"https:\/\/www.wingtaitape.com\/fr\/produit\/ruban-demballage-thermofusible\/","title":{"rendered":"Ruban d'emballage thermofusible haute r\u00e9sistance - Scellements s\u00fbrs par temps froid et scellement de machines"},"content":{"rendered":"<p><iframe title=\"Lecteur vid\u00e9o YouTube\" src=\"https:\/\/www.youtube.com\/embed\/9PZQcD-7VMI?si=FMEqwcw1T-jfh-_1\" width=\"560\" height=\"315\" frameborder=\"0\" allowfullscreen=\"allowfullscreen\"><span data-mce-type=\"bookmark\" style=\"display: inline-block; width: 0px; overflow: hidden; line-height: 0;\" class=\"mce_SELRES_start\"><\/span><\/iframe><\/p>\n<p><iframe title=\"Lecteur vid\u00e9o YouTube\" src=\"https:\/\/www.youtube.com\/embed\/HWRsqQV0tg0?si=6XF1bxoQKyUXzNVa\" width=\"560\" height=\"315\" frameborder=\"0\" allowfullscreen=\"allowfullscreen\"><\/iframe><\/p>\n<h4>Caract\u00e9ristiques principales<\/h4>\n<ul data-sourcepos=\"9:1-14:0\">\n<li data-sourcepos=\"9:1-9:36\"><strong>Le pouvoir du ruban thermofusible :<\/strong>\u00a0Ce ruban adh\u00e9sif thermofusible de pointe offre une r\u00e9sistance exceptionnelle.<\/li>\n<li data-sourcepos=\"10:1-10:133\"><strong>Apprivoisez m\u00eame les phoques les plus coriaces :<\/strong>\u00a0Id\u00e9al pour les applications n\u00e9cessitant l'adh\u00e9sion la plus forte possible, comme le scellement de cartons.<\/li>\n<li data-sourcepos=\"11:1-11:148\"><strong>Vaincre le froid :<\/strong>\u00a0Il fonctionne de mani\u00e8re fiable dans des conditions glaciales, ce qui le rend parfait pour les entrep\u00f4ts, les chambres froides et les transports r\u00e9frig\u00e9r\u00e9s.<\/li>\n<li data-sourcepos=\"12:1-12:124\"><strong>Performances adapt\u00e9es aux machines :<\/strong>\u00a0Rationalise les processus d'emballage automatis\u00e9s gr\u00e2ce \u00e0 une pr\u00e9hension instantan\u00e9e et une excellente tenue.<\/li>\n<li data-sourcepos=\"13:1-14:0\"><strong>Expert en carton recycl\u00e9 :<\/strong>\u00a0Adh\u00e8re solidement au carton recycl\u00e9, favorisant le d\u00e9veloppement durable sans compromettre les performances.<\/li>\n<\/ul>\n<h4>Application<\/h4>\n<ul data-sourcepos=\"17:1-21:0\">\n<li data-sourcepos=\"17:1-17:65\"><strong>Fermeture de carton tr\u00e8s r\u00e9sistante :<\/strong>\u00a0Prot\u00e9gez vos objets fragiles ou de valeur gr\u00e2ce \u00e0 ce ruban de haute s\u00e9curit\u00e9.<\/li>\n<li data-sourcepos=\"18:1-18:122\"><strong>Emballage pour environnement froid :<\/strong>\u00a0Assure une bonne \u00e9tanch\u00e9it\u00e9 dans les entrep\u00f4ts frigorifiques, les transports et les chambres froides.<\/li>\n<li data-sourcepos=\"19:1-19:88\"><strong>Fermeture du carton appliqu\u00e9e \u00e0 la machine :<\/strong>\u00a0Optimise l'efficacit\u00e9 des lignes d'emballage automatis\u00e9es.<\/li>\n<li data-sourcepos=\"20:1-21:0\"><strong>Fermeture de carton recycl\u00e9 :<\/strong>\u00a0Favorise les pratiques d'emballage durables sans sacrifier la r\u00e9sistance.<\/li>\n<\/ul>","protected":false},"excerpt":{"rendered":"<ul>\n<li>Relevez les d\u00e9fis de l'emballage gr\u00e2ce \u00e0 notre ruban d'emballage thermofusible haute r\u00e9sistance !<\/li>\n<li>Ce ruban super r\u00e9sistant offre une adh\u00e9rence sup\u00e9rieure, ce qui le rend id\u00e9al pour les environnements froids, les applications en machine et le scellement de cartons recycl\u00e9s.<\/li>\n<li>Cette solution d'emballage fiable et polyvalente permet de maintenir vos cartons bien ferm\u00e9s pendant le transport et le stockage.<\/li>\n<\/ul>","protected":false},"featured_media":3643,"template":"","meta":{"slim_seo":{"title":"Ruban d'emballage thermofusible haute r\u00e9sistance - Sceaux s\u00fbrs pour les machines et les temp\u00e9ratures froides","description":"Relevez les d\u00e9fis de l'emballage avec notre ruban thermofusible haute r\u00e9sistance ! Parfait pour les temp\u00e9ratures froides, le scellage des machines et les cartons recycl\u00e9s."}},"product_brand":[],"product_cat":[52],"product_tag":[],"class_list":{"0":"post-2659","1":"product","2":"type-product","3":"status-publish","4":"has-post-thumbnail","6":"product_cat-packaging-tapes","8":"first","9":"instock","10":"shipping-taxable","11":"product-type-simple"},"_links":{"self":[{"href":"https:\/\/www.wingtaitape.com\/fr\/wp-json\/wp\/v2\/product\/2659","targetHints":{"allow":["GET"]}}],"collection":[{"href":"https:\/\/www.wingtaitape.com\/fr\/wp-json\/wp\/v2\/product"}],"about":[{"href":"https:\/\/www.wingtaitape.com\/fr\/wp-json\/wp\/v2\/types\/product"}],"wp:featuredmedia":[{"embeddable":true,"href":"https:\/\/www.wingtaitape.com\/fr\/wp-json\/wp\/v2\/media\/3643"}],"wp:attachment":[{"href":"https:\/\/www.wingtaitape.com\/fr\/wp-json\/wp\/v2\/media?parent=2659"}],"wp:term":[{"taxonomy":"product_brand","embeddable":true,"href":"https:\/\/www.wingtaitape.com\/fr\/wp-json\/wp\/v2\/product_brand?post=2659"},{"taxonomy":"product_cat","embeddable":true,"href":"https:\/\/www.wingtaitape.com\/fr\/wp-json\/wp\/v2\/product_cat?post=2659"},{"taxonomy":"product_tag","embeddable":true,"href":"https:\/\/www.wingtaitape.com\/fr\/wp-json\/wp\/v2\/product_tag?post=2659"}],"curies":[{"name":"wp","href":"https:\/\/api.w.org\/{rel}","templated":true}]}}