{"id":2663,"date":"2023-08-24T13:14:18","date_gmt":"2023-08-24T13:14:18","guid":{"rendered":"https:\/\/www.wingtaitape.com\/?post_type=product&#038;p=2663"},"modified":"2025-04-12T14:37:48","modified_gmt":"2025-04-12T06:37:48","slug":"ruban-demballage-acrylique-a-solvant","status":"publish","type":"product","link":"https:\/\/www.wingtaitape.com\/fr\/produit\/ruban-demballage-acrylique-a-solvant\/","title":{"rendered":"Ruban d'emballage acrylique \u00e0 solvant"},"content":{"rendered":"<p><iframe title=\"Lecteur vid\u00e9o YouTube\" src=\"https:\/\/www.youtube.com\/embed\/9PZQcD-7VMI?si=EVeVm8lzmdz6YKfl\" width=\"560\" height=\"315\" frameborder=\"0\" allowfullscreen=\"allowfullscreen\"><\/iframe><\/p>\n<p><iframe title=\"Lecteur vid\u00e9o YouTube\" src=\"https:\/\/www.youtube.com\/embed\/HWRsqQV0tg0?si=6XF1bxoQKyUXzNVa\" width=\"560\" height=\"315\" frameborder=\"0\" allowfullscreen=\"allowfullscreen\"><\/iframe><\/p>\n<h4><\/h4>\n<h4>Caract\u00e9ristiques principales<\/h4>\n<p>Adh\u00e9sion plus forte \u00e0 basse temp\u00e9rature ;<br \/>\nConforme aux directives europ\u00e9ennes RoHS et REACH ;<br \/>\nSp\u00e9cialement con\u00e7u pour la cha\u00eene du froid ;<\/p>\n<h4>Application<\/h4>\n<p>Scellage de bo\u00eetes de biscuits, de fleurs, d'emballages de fruits de mer ;<br \/>\nScellage de cartons \u00e0 surface rugueuse ou \u00e0 haute densit\u00e9.<\/p>","protected":false},"excerpt":{"rendered":"<ul>\n<li>Adh\u00e9sion plus forte \u00e0 basse temp\u00e9rature ;<\/li>\n<li>Conforme aux directives europ\u00e9ennes RoHS et REACH ;<\/li>\n<li>Sp\u00e9cialement con\u00e7u pour la cha\u00eene du froid ;<\/li>\n<\/ul>","protected":false},"featured_media":3710,"template":"","meta":{"slim_seo":{"title":"Ruban d'emballage acrylique \u00e0 solvant - Ruban adh\u00e9sif - Fabricant, Fournisseur, Exportateur | WINGTAI","description":"Adh\u00e9sion plus forte \u00e0 basse temp\u00e9rature ; conforme aux directives RoHS et REACH de l'UE ; sp\u00e9cialement con\u00e7u pour la cha\u00eene du froid ;"}},"product_brand":[],"product_cat":[52],"product_tag":[],"class_list":{"0":"post-2663","1":"product","2":"type-product","3":"status-publish","4":"has-post-thumbnail","6":"product_cat-packaging-tapes","8":"first","9":"instock","10":"featured","11":"shipping-taxable","12":"product-type-simple"},"_links":{"self":[{"href":"https:\/\/www.wingtaitape.com\/fr\/wp-json\/wp\/v2\/product\/2663","targetHints":{"allow":["GET"]}}],"collection":[{"href":"https:\/\/www.wingtaitape.com\/fr\/wp-json\/wp\/v2\/product"}],"about":[{"href":"https:\/\/www.wingtaitape.com\/fr\/wp-json\/wp\/v2\/types\/product"}],"wp:featuredmedia":[{"embeddable":true,"href":"https:\/\/www.wingtaitape.com\/fr\/wp-json\/wp\/v2\/media\/3710"}],"wp:attachment":[{"href":"https:\/\/www.wingtaitape.com\/fr\/wp-json\/wp\/v2\/media?parent=2663"}],"wp:term":[{"taxonomy":"product_brand","embeddable":true,"href":"https:\/\/www.wingtaitape.com\/fr\/wp-json\/wp\/v2\/product_brand?post=2663"},{"taxonomy":"product_cat","embeddable":true,"href":"https:\/\/www.wingtaitape.com\/fr\/wp-json\/wp\/v2\/product_cat?post=2663"},{"taxonomy":"product_tag","embeddable":true,"href":"https:\/\/www.wingtaitape.com\/fr\/wp-json\/wp\/v2\/product_tag?post=2663"}],"curies":[{"name":"wp","href":"https:\/\/api.w.org\/{rel}","templated":true}]}}