{"id":2675,"date":"2023-08-25T06:28:36","date_gmt":"2023-08-25T06:28:36","guid":{"rendered":"https:\/\/www.wingtaitape.com\/?post_type=product&#038;p=2675"},"modified":"2023-12-10T22:04:44","modified_gmt":"2023-12-10T14:04:44","slug":"ruban-demballage-super-transparent","status":"publish","type":"product","link":"https:\/\/www.wingtaitape.com\/fr\/produit\/ruban-demballage-super-transparent\/","title":{"rendered":"Ruban d'emballage super transparent"},"content":{"rendered":"<p><iframe title=\"Lecteur vid\u00e9o YouTube\" src=\"https:\/\/www.youtube.com\/embed\/9PZQcD-7VMI?si=EVeVm8lzmdz6YKfl\" width=\"560\" height=\"315\" frameborder=\"0\" allowfullscreen=\"allowfullscreen\"><\/iframe><\/p>\n<h4><\/h4>\n<h4>Caract\u00e9ristiques principales<\/h4>\n<p>Fabriqu\u00e9 \u00e0 partir d'un film super transparent ;<br \/>\nPas de bulle, finition transparente, super clair, ne cache pas les informations importantes ;<\/p>\n<h4>Application<\/h4>\n<p>Le meilleur choix pour les supermarch\u00e9s, les cha\u00eenes de magasins et les clients haut de gamme.<\/p>","protected":false},"excerpt":{"rendered":"<ul>\n<li>Fabriqu\u00e9 \u00e0 partir d'un film super transparent ;<\/li>\n<li>Pas de bulle, finition transparente, super clair, ne cache pas les informations importantes ;<\/li>\n<\/ul>","protected":false},"featured_media":3164,"template":"","meta":{"slim_seo":{"title":"Ruban d'emballage super transparent - Ruban adh\u00e9sif - Fabricant, Fournisseur, Exportateur | WINGTAI","description":"Fabriqu\u00e9 \u00e0 partir d'un film super transparent ; pas de bulles, finition claire, super transparent, ne cache pas les informations importantes ;"}},"product_brand":[],"product_cat":[52],"product_tag":[],"class_list":{"0":"post-2675","1":"product","2":"type-product","3":"status-publish","4":"has-post-thumbnail","6":"product_cat-packaging-tapes","8":"first","9":"instock","10":"shipping-taxable","11":"product-type-simple"},"_links":{"self":[{"href":"https:\/\/www.wingtaitape.com\/fr\/wp-json\/wp\/v2\/product\/2675","targetHints":{"allow":["GET"]}}],"collection":[{"href":"https:\/\/www.wingtaitape.com\/fr\/wp-json\/wp\/v2\/product"}],"about":[{"href":"https:\/\/www.wingtaitape.com\/fr\/wp-json\/wp\/v2\/types\/product"}],"wp:featuredmedia":[{"embeddable":true,"href":"https:\/\/www.wingtaitape.com\/fr\/wp-json\/wp\/v2\/media\/3164"}],"wp:attachment":[{"href":"https:\/\/www.wingtaitape.com\/fr\/wp-json\/wp\/v2\/media?parent=2675"}],"wp:term":[{"taxonomy":"product_brand","embeddable":true,"href":"https:\/\/www.wingtaitape.com\/fr\/wp-json\/wp\/v2\/product_brand?post=2675"},{"taxonomy":"product_cat","embeddable":true,"href":"https:\/\/www.wingtaitape.com\/fr\/wp-json\/wp\/v2\/product_cat?post=2675"},{"taxonomy":"product_tag","embeddable":true,"href":"https:\/\/www.wingtaitape.com\/fr\/wp-json\/wp\/v2\/product_tag?post=2675"}],"curies":[{"name":"wp","href":"https:\/\/api.w.org\/{rel}","templated":true}]}}