{"id":2679,"date":"2023-08-25T06:35:08","date_gmt":"2023-08-25T06:35:08","guid":{"rendered":"https:\/\/www.wingtaitape.com\/?post_type=product&#038;p=2679"},"modified":"2023-12-10T22:04:13","modified_gmt":"2023-12-10T14:04:13","slug":"ruban-adhesif-pour-colis-a-faible-bruit","status":"publish","type":"product","link":"https:\/\/www.wingtaitape.com\/fr\/produit\/ruban-adhesif-pour-colis-a-faible-bruit\/","title":{"rendered":"Ruban adh\u00e9sif pour colis \u00e0 faible bruit"},"content":{"rendered":"<p><iframe title=\"Lecteur vid\u00e9o YouTube\" src=\"https:\/\/www.youtube.com\/embed\/9PZQcD-7VMI?si=EVeVm8lzmdz6YKfl\" width=\"560\" height=\"315\" frameborder=\"0\" allowfullscreen=\"allowfullscreen\"><\/iframe><\/p>\n<h4><span style=\"font-family: 'Open Sans';\">Caract\u00e9ristiques principales<\/span><\/h4>\n<p>PAS DE BRUIT : 100% noiseless silent parcel tape, ne d\u00e9range pas les autres lors de l'emballage, vous offre un environnement calme et confortable pour l'emballage des colis ;<br \/>\nLe ruban adh\u00e9sif pour colis est tr\u00e8s facile \u00e0 d\u00e9rouler et ne se s\u00e9pare pas \u00e0 l'usage, ce qui vous fera gagner du temps pour l'emballage ;<br \/>\nExcellente tenue du carton, de la bo\u00eete d'exp\u00e9dition, du carton.<\/p>\n<h4><span style=\"font-family: 'Open Sans';\">Application<\/span><\/h4>\n<p>Il est id\u00e9al pour les environnements o\u00f9 les niveaux de bruit doivent \u00eatre maintenus \u00e0 un minimum, comme dans les bureaux, les biblioth\u00e8ques ou les h\u00f4pitaux.<\/p>\n<h4><span style=\"font-family: 'Open Sans';\"><img fetchpriority=\"high\" decoding=\"async\" class=\"alignnone wp-image-2682\" src=\"https:\/\/www.wingtaitape.com\/wp-content\/uploads\/2023\/08\/Low-noise-parcel-tape.png\" alt=\"\" width=\"638\" height=\"201\" \/><\/span><\/h4>","protected":false},"excerpt":{"rendered":"<ul>\n<li>PAS DE BRUIT : 100% noiseless silent tape, ne d\u00e9range pas les autres lors de l'emballage, vous offre un environnement calme et confortable pour l'emballage des colis ;<\/li>\n<li>Le ruban est tr\u00e8s facile \u00e0 d\u00e9rouler et ne se fend pas \u00e0 l'usage, ce qui vous fera gagner du temps pour l'emballage ;<\/li>\n<li>Excellente tenue du carton, de la bo\u00eete d'exp\u00e9dition, de la bo\u00eete en carton<\/li>\n<\/ul>","protected":false},"featured_media":3163,"template":"","meta":{"slim_seo":{"title":"Ruban adh\u00e9sif pour colis \u00e0 faible bruit - Ruban adh\u00e9sif - Fabricant, Fournisseur, Exportateur | WINGTAI","description":"PAS DE BRUIT : 100% noiseless silent tape, ne d\u00e9range pas les autres lors de l'emballage, vous donne un environnement calme et confortable pour l'emballage des colis;Tr\u00e8s facile \u00e0 d\u00e9rouler le ruban, et ne se divise pas lors de l'utilisation, ce qui vous fera gagner du temps pour l'emballage;Excellente tenue du carton, de la bo\u00eete d'exp\u00e9dition, de la bo\u00eete en carton."}},"product_brand":[],"product_cat":[52],"product_tag":[],"class_list":{"0":"post-2679","1":"product","2":"type-product","3":"status-publish","4":"has-post-thumbnail","6":"product_cat-packaging-tapes","8":"first","9":"instock","10":"shipping-taxable","11":"product-type-simple"},"_links":{"self":[{"href":"https:\/\/www.wingtaitape.com\/fr\/wp-json\/wp\/v2\/product\/2679","targetHints":{"allow":["GET"]}}],"collection":[{"href":"https:\/\/www.wingtaitape.com\/fr\/wp-json\/wp\/v2\/product"}],"about":[{"href":"https:\/\/www.wingtaitape.com\/fr\/wp-json\/wp\/v2\/types\/product"}],"wp:featuredmedia":[{"embeddable":true,"href":"https:\/\/www.wingtaitape.com\/fr\/wp-json\/wp\/v2\/media\/3163"}],"wp:attachment":[{"href":"https:\/\/www.wingtaitape.com\/fr\/wp-json\/wp\/v2\/media?parent=2679"}],"wp:term":[{"taxonomy":"product_brand","embeddable":true,"href":"https:\/\/www.wingtaitape.com\/fr\/wp-json\/wp\/v2\/product_brand?post=2679"},{"taxonomy":"product_cat","embeddable":true,"href":"https:\/\/www.wingtaitape.com\/fr\/wp-json\/wp\/v2\/product_cat?post=2679"},{"taxonomy":"product_tag","embeddable":true,"href":"https:\/\/www.wingtaitape.com\/fr\/wp-json\/wp\/v2\/product_tag?post=2679"}],"curies":[{"name":"wp","href":"https:\/\/api.w.org\/{rel}","templated":true}]}}