{"id":2683,"date":"2023-08-25T06:40:56","date_gmt":"2023-08-25T06:40:56","guid":{"rendered":"https:\/\/www.wingtaitape.com\/?post_type=product&#038;p=2683"},"modified":"2023-12-10T22:03:35","modified_gmt":"2023-12-10T14:03:35","slug":"ruban-colore-bopp","status":"publish","type":"product","link":"https:\/\/www.wingtaitape.com\/fr\/produit\/ruban-colore-bopp\/","title":{"rendered":"Ruban color\u00e9 BOPP"},"content":{"rendered":"<p><iframe title=\"Lecteur vid\u00e9o YouTube\" src=\"https:\/\/www.youtube.com\/embed\/9PZQcD-7VMI?si=EVeVm8lzmdz6YKfl\" width=\"560\" height=\"315\" frameborder=\"0\" allowfullscreen=\"allowfullscreen\"><\/iframe><\/p>\n<h4><span style=\"font-family: 'Open Sans';\">Caract\u00e9ristiques principales<\/span><\/h4>\n<ul>\n<li>Le ruban adh\u00e9sif color\u00e9 est dot\u00e9 de couleurs vives et d'une technique sp\u00e9ciale de mise en correspondance des couleurs.<\/li>\n<li>Des couleurs sp\u00e9cifiques peuvent \u00eatre command\u00e9es en fonction des besoins des clients.<\/li>\n<li>Respectueux de l'environnement, conforme \u00e0 la directive RoHS.<\/li>\n<\/ul>\n<p><img fetchpriority=\"high\" decoding=\"async\" class=\"alignnone wp-image-2693\" src=\"https:\/\/www.wingtaitape.com\/wp-content\/uploads\/2023\/08\/color-tape-option.png\" alt=\"\" width=\"431\" height=\"241\" \/><\/p>\n<h4><span style=\"font-family: 'Open Sans';\">Application<\/span><\/h4>\n<ul>\n<li>Largement utilis\u00e9 pour l'emballage de produits alimentaires, de traitements m\u00e9dicaux, de v\u00eatements, d'articles de quincaillerie et d'appareils \u00e9lectrom\u00e9nagers.<\/li>\n<li>Le ruban adh\u00e9sif color\u00e9 est largement utilis\u00e9 pour le marquage de la classification des produits et l'emballage de la classification des couleurs.<\/li>\n<\/ul>","protected":false},"excerpt":{"rendered":"<ul>\n<li>Le ruban adh\u00e9sif color\u00e9 est dot\u00e9 de couleurs vives et d'une technique sp\u00e9ciale de mise en correspondance des couleurs.<\/li>\n<li>Des couleurs sp\u00e9cifiques peuvent \u00eatre command\u00e9es en fonction des besoins des clients.<\/li>\n<li>Respectueux de l'environnement, conforme \u00e0 la directive RoHS.<\/li>\n<\/ul>","protected":false},"featured_media":3156,"template":"","meta":{"slim_seo":{"title":"Ruban color\u00e9 BOPP - Ruban adh\u00e9sif - Fabricant, Fournisseur, Exportateur | WINGTAI","description":"Le ruban color\u00e9 est dot\u00e9 de couleurs vives et d'une technique sp\u00e9ciale d'harmonisation des couleurs. Des couleurs sp\u00e9cifiques peuvent \u00eatre command\u00e9es en fonction des besoins des clients."}},"product_brand":[],"product_cat":[52],"product_tag":[],"class_list":{"0":"post-2683","1":"product","2":"type-product","3":"status-publish","4":"has-post-thumbnail","6":"product_cat-packaging-tapes","8":"first","9":"instock","10":"shipping-taxable","11":"product-type-simple"},"_links":{"self":[{"href":"https:\/\/www.wingtaitape.com\/fr\/wp-json\/wp\/v2\/product\/2683","targetHints":{"allow":["GET"]}}],"collection":[{"href":"https:\/\/www.wingtaitape.com\/fr\/wp-json\/wp\/v2\/product"}],"about":[{"href":"https:\/\/www.wingtaitape.com\/fr\/wp-json\/wp\/v2\/types\/product"}],"wp:featuredmedia":[{"embeddable":true,"href":"https:\/\/www.wingtaitape.com\/fr\/wp-json\/wp\/v2\/media\/3156"}],"wp:attachment":[{"href":"https:\/\/www.wingtaitape.com\/fr\/wp-json\/wp\/v2\/media?parent=2683"}],"wp:term":[{"taxonomy":"product_brand","embeddable":true,"href":"https:\/\/www.wingtaitape.com\/fr\/wp-json\/wp\/v2\/product_brand?post=2683"},{"taxonomy":"product_cat","embeddable":true,"href":"https:\/\/www.wingtaitape.com\/fr\/wp-json\/wp\/v2\/product_cat?post=2683"},{"taxonomy":"product_tag","embeddable":true,"href":"https:\/\/www.wingtaitape.com\/fr\/wp-json\/wp\/v2\/product_tag?post=2683"}],"curies":[{"name":"wp","href":"https:\/\/api.w.org\/{rel}","templated":true}]}}