{"id":2694,"date":"2023-08-25T06:46:56","date_gmt":"2023-08-25T06:46:56","guid":{"rendered":"https:\/\/www.wingtaitape.com\/?post_type=product&#038;p=2694"},"modified":"2023-12-10T22:02:16","modified_gmt":"2023-12-10T14:02:16","slug":"ruban-imprime-personnalise","status":"publish","type":"product","link":"https:\/\/www.wingtaitape.com\/fr\/produit\/ruban-imprime-personnalise\/","title":{"rendered":"Ruban imprim\u00e9 personnalis\u00e9"},"content":{"rendered":"<p><iframe title=\"Lecteur vid\u00e9o YouTube\" src=\"https:\/\/www.youtube.com\/embed\/9PZQcD-7VMI?si=EVeVm8lzmdz6YKfl\" width=\"560\" height=\"315\" frameborder=\"0\" allowfullscreen=\"allowfullscreen\"><\/iframe><\/p>\n<h4><span style=\"font-family: 'Open Sans';\">Caract\u00e9ristiques principales<\/span><\/h4>\n<ul>\n<li>Conception professionnelle, impression vivante, positionnement pr\u00e9cis ;<\/li>\n<li>Encre \u00e9cologique, couleur d'accompagnement confi\u00e9e<\/li>\n<\/ul>\n<p>&nbsp;<\/p>\n<h4><span style=\"font-family: 'Open Sans';\">Application<\/span><\/h4>\n<ul>\n<li>prot\u00e9ger les droits d'auteur de la marque du client ;<\/li>\n<li>Le ruban imprim\u00e9 convient aux emballages personnalis\u00e9s.<\/li>\n<\/ul>","protected":false},"excerpt":{"rendered":"<ul>\n<li>Conception professionnelle, impression vivante, positionnement pr\u00e9cis ;<\/li>\n<li>Encre \u00e9cologique, couleur d'accompagnement confi\u00e9e<\/li>\n<\/ul>","protected":false},"featured_media":3149,"template":"","meta":{"slim_seo":{"title":"Ruban imprim\u00e9 personnalis\u00e9 - Ruban adh\u00e9sif fabricant, fournisseur, exportateur | WINGTAI","description":"Conception professionnelle, impression vivante, positionnement pr\u00e9cis ; encre \u00e9cologique, couleur d'accompagnement confi\u00e9e"}},"product_brand":[],"product_cat":[52],"product_tag":[],"class_list":{"0":"post-2694","1":"product","2":"type-product","3":"status-publish","4":"has-post-thumbnail","6":"product_cat-packaging-tapes","8":"first","9":"instock","10":"shipping-taxable","11":"product-type-simple"},"_links":{"self":[{"href":"https:\/\/www.wingtaitape.com\/fr\/wp-json\/wp\/v2\/product\/2694","targetHints":{"allow":["GET"]}}],"collection":[{"href":"https:\/\/www.wingtaitape.com\/fr\/wp-json\/wp\/v2\/product"}],"about":[{"href":"https:\/\/www.wingtaitape.com\/fr\/wp-json\/wp\/v2\/types\/product"}],"wp:featuredmedia":[{"embeddable":true,"href":"https:\/\/www.wingtaitape.com\/fr\/wp-json\/wp\/v2\/media\/3149"}],"wp:attachment":[{"href":"https:\/\/www.wingtaitape.com\/fr\/wp-json\/wp\/v2\/media?parent=2694"}],"wp:term":[{"taxonomy":"product_brand","embeddable":true,"href":"https:\/\/www.wingtaitape.com\/fr\/wp-json\/wp\/v2\/product_brand?post=2694"},{"taxonomy":"product_cat","embeddable":true,"href":"https:\/\/www.wingtaitape.com\/fr\/wp-json\/wp\/v2\/product_cat?post=2694"},{"taxonomy":"product_tag","embeddable":true,"href":"https:\/\/www.wingtaitape.com\/fr\/wp-json\/wp\/v2\/product_tag?post=2694"}],"curies":[{"name":"wp","href":"https:\/\/api.w.org\/{rel}","templated":true}]}}