{"id":2703,"date":"2023-08-25T07:10:04","date_gmt":"2023-08-25T07:10:04","guid":{"rendered":"https:\/\/www.wingtaitape.com\/?post_type=product&#038;p=2703"},"modified":"2024-04-20T20:27:01","modified_gmt":"2024-04-20T12:27:01","slug":"ruban-dexpedition-resistant","status":"publish","type":"product","link":"https:\/\/www.wingtaitape.com\/fr\/produit\/ruban-dexpedition-resistant\/","title":{"rendered":"Ruban d'exp\u00e9dition \u00e0 usage intensif"},"content":{"rendered":"<p><iframe title=\"Lecteur vid\u00e9o YouTube\" src=\"https:\/\/www.youtube.com\/embed\/9PZQcD-7VMI?si=EVeVm8lzmdz6YKfl\" width=\"560\" height=\"315\" frameborder=\"0\" allowfullscreen=\"allowfullscreen\"><\/iframe><\/p>\n<h4><span style=\"font-family: 'Open Sans';\">Caract\u00e9ristiques principales<\/span><\/h4>\n<ul>\n<li>Adh\u00e9sion extr\u00eamement forte, extra-\u00e9paisse ;<\/li>\n<li>Recommand\u00e9 pour les produits de grande taille ;<\/li>\n<\/ul>\n<p>&nbsp;<\/p>\n<h4><span style=\"font-family: 'Open Sans';\">Application<\/span><\/h4>\n<ul>\n<li>Le ruban d'exp\u00e9dition pour charges lourdes convient \u00e0 l'emballage de cartons tr\u00e8s durs, tels que les gros appareils m\u00e9nagers, les produits \u00e9lectroniques, l'emballage de produits lourds haut de gamme et le scellement de plus de 25 kg.<\/li>\n<\/ul>\n<p><img fetchpriority=\"high\" decoding=\"async\" class=\"alignnone wp-image-2705\" src=\"https:\/\/www.wingtaitape.com\/wp-content\/uploads\/2023\/08\/Heavy-duty-shipping-tape.png\" alt=\"\" width=\"546\" height=\"191\" \/><\/p>","protected":false},"excerpt":{"rendered":"<ul>\n<li>Adh\u00e9sion extr\u00eamement forte, extra-\u00e9paisse ;<\/li>\n<li>Recommand\u00e9 pour les produits de grande taille ;<\/li>\n<\/ul>","protected":false},"featured_media":3147,"template":"","meta":{"slim_seo":{"title":"Ruban d'exp\u00e9dition robuste - Ruban adh\u00e9sif - Fabricant, Fournisseur, Exportateur | WINGTAI","description":"Adh\u00e9sion extr\u00eamement forte, extra-\u00e9paisse ; recommand\u00e9e pour les produits de grande taille ;"}},"product_brand":[],"product_cat":[52],"product_tag":[],"class_list":{"0":"post-2703","1":"product","2":"type-product","3":"status-publish","4":"has-post-thumbnail","6":"product_cat-packaging-tapes","8":"first","9":"instock","10":"shipping-taxable","11":"product-type-simple"},"_links":{"self":[{"href":"https:\/\/www.wingtaitape.com\/fr\/wp-json\/wp\/v2\/product\/2703","targetHints":{"allow":["GET"]}}],"collection":[{"href":"https:\/\/www.wingtaitape.com\/fr\/wp-json\/wp\/v2\/product"}],"about":[{"href":"https:\/\/www.wingtaitape.com\/fr\/wp-json\/wp\/v2\/types\/product"}],"wp:featuredmedia":[{"embeddable":true,"href":"https:\/\/www.wingtaitape.com\/fr\/wp-json\/wp\/v2\/media\/3147"}],"wp:attachment":[{"href":"https:\/\/www.wingtaitape.com\/fr\/wp-json\/wp\/v2\/media?parent=2703"}],"wp:term":[{"taxonomy":"product_brand","embeddable":true,"href":"https:\/\/www.wingtaitape.com\/fr\/wp-json\/wp\/v2\/product_brand?post=2703"},{"taxonomy":"product_cat","embeddable":true,"href":"https:\/\/www.wingtaitape.com\/fr\/wp-json\/wp\/v2\/product_cat?post=2703"},{"taxonomy":"product_tag","embeddable":true,"href":"https:\/\/www.wingtaitape.com\/fr\/wp-json\/wp\/v2\/product_tag?post=2703"}],"curies":[{"name":"wp","href":"https:\/\/api.w.org\/{rel}","templated":true}]}}