{"id":2713,"date":"2023-08-26T07:39:27","date_gmt":"2023-08-26T07:39:27","guid":{"rendered":"https:\/\/www.wingtaitape.com\/?post_type=product&#038;p=2713"},"modified":"2023-12-10T22:00:10","modified_gmt":"2023-12-10T14:00:10","slug":"ruban-demballage-pour-lindustrie-alimentaire","status":"publish","type":"product","link":"https:\/\/www.wingtaitape.com\/fr\/produit\/ruban-demballage-pour-lindustrie-alimentaire\/","title":{"rendered":"Ruban d'emballage alimentaire"},"content":{"rendered":"<p><iframe title=\"Lecteur vid\u00e9o YouTube\" src=\"https:\/\/www.youtube.com\/embed\/9PZQcD-7VMI?si=EVeVm8lzmdz6YKfl\" width=\"560\" height=\"315\" frameborder=\"0\" allowfullscreen=\"allowfullscreen\"><\/iframe><\/p>\n<h4><span style=\"font-family: 'Open Sans';\">Caract\u00e9ristiques principales<\/span><\/h4>\n<ul>\n<li>Le produit est conforme \u00e0 la directive RoHS<\/li>\n<li>Pas d'odeur volatile ;<\/li>\n<\/ul>\n<p>&nbsp;<\/p>\n<h4><span style=\"font-family: 'Open Sans';\">Application<\/span><\/h4>\n<ul>\n<li>Largement utilis\u00e9 dans l'emballage des produits alimentaires, des produits de sant\u00e9, des m\u00e9dicaments, des \u00e9quipements m\u00e9dicaux, des produits sanitaires et des industries de transformation des produits agricoles et secondaires.<\/li>\n<\/ul>","protected":false},"excerpt":{"rendered":"<ul>\n<li>Le produit est conforme \u00e0 la directive RoHS<\/li>\n<li>Pas d'odeur volatile ;<\/li>\n<\/ul>","protected":false},"featured_media":3146,"template":"","meta":{"slim_seo":{"title":"Ruban d'emballage alimentaire - Ruban adh\u00e9sif - Fabricant, Fournisseur, Exportateur | WINGTAI","description":"Le produit est conforme \u00e0 la directive RoHS. Pas d'odeur volatile ;"}},"product_brand":[],"product_cat":[52],"product_tag":[],"class_list":{"0":"post-2713","1":"product","2":"type-product","3":"status-publish","4":"has-post-thumbnail","6":"product_cat-packaging-tapes","8":"first","9":"instock","10":"featured","11":"shipping-taxable","12":"product-type-simple"},"_links":{"self":[{"href":"https:\/\/www.wingtaitape.com\/fr\/wp-json\/wp\/v2\/product\/2713","targetHints":{"allow":["GET"]}}],"collection":[{"href":"https:\/\/www.wingtaitape.com\/fr\/wp-json\/wp\/v2\/product"}],"about":[{"href":"https:\/\/www.wingtaitape.com\/fr\/wp-json\/wp\/v2\/types\/product"}],"wp:featuredmedia":[{"embeddable":true,"href":"https:\/\/www.wingtaitape.com\/fr\/wp-json\/wp\/v2\/media\/3146"}],"wp:attachment":[{"href":"https:\/\/www.wingtaitape.com\/fr\/wp-json\/wp\/v2\/media?parent=2713"}],"wp:term":[{"taxonomy":"product_brand","embeddable":true,"href":"https:\/\/www.wingtaitape.com\/fr\/wp-json\/wp\/v2\/product_brand?post=2713"},{"taxonomy":"product_cat","embeddable":true,"href":"https:\/\/www.wingtaitape.com\/fr\/wp-json\/wp\/v2\/product_cat?post=2713"},{"taxonomy":"product_tag","embeddable":true,"href":"https:\/\/www.wingtaitape.com\/fr\/wp-json\/wp\/v2\/product_tag?post=2713"}],"curies":[{"name":"wp","href":"https:\/\/api.w.org\/{rel}","templated":true}]}}