{"id":2718,"date":"2023-08-26T07:59:51","date_gmt":"2023-08-26T07:59:51","guid":{"rendered":"https:\/\/www.wingtaitape.com\/?post_type=product&#038;p=2718"},"modified":"2023-12-10T21:42:05","modified_gmt":"2023-12-10T13:42:05","slug":"ruban-adhesif-transparent-pour-le-bureau","status":"publish","type":"product","link":"https:\/\/www.wingtaitape.com\/fr\/produit\/ruban-adhesif-transparent-pour-le-bureau\/","title":{"rendered":"Ruban adh\u00e9sif brillant transparent tout usage pour le bureau, la maison et l'\u00e9cole"},"content":{"rendered":"<h4><span style=\"font-family: 'Open Sans';\">Caract\u00e9ristiques principales<\/span><\/h4>\n<ul>\n<li>Le ruban transparent brillant r\u00e9pond aux besoins d'une application polyvalente, avec une bonne tenue et une bonne \u00e9paisseur.<\/li>\n<li>S\u00fbr pour une utilisation sur une photo ou une \u00e9tiquette, il peut \u00e9galement \u00eatre conserv\u00e9 pendant une longue p\u00e9riode. La bande transparente est pratiquement claire au contact, elle ne couvre pas les mots.<\/li>\n<li>Respectueux de l'environnement, conforme aux directives europ\u00e9ennes RoHS et REACH ;<\/li>\n<\/ul>\n<p>&nbsp;<\/p>\n<h4><span style=\"font-family: 'Open Sans';\">Application<\/span><\/h4>\n<ul>\n<li>Pour les travaux manuels des \u00e9tudiants, la papeterie de bureau, les cadeaux, la nourriture, les v\u00eatements et autres petits paquets l\u00e9gers.<\/li>\n<\/ul>","protected":false},"excerpt":{"rendered":"<ul>\n<li>Le ruban transparent brillant r\u00e9pond aux besoins d'une application polyvalente, avec une bonne tenue et une bonne \u00e9paisseur.<\/li>\n<li>S\u00fbr pour une utilisation sur une photo ou une \u00e9tiquette, il peut \u00e9galement \u00eatre conserv\u00e9 pendant une longue p\u00e9riode. La bande transparente est pratiquement claire au contact, elle ne couvre pas les mots.<\/li>\n<li>Respectueux de l'environnement, conforme aux directives europ\u00e9ennes RoHS et REACH ;<\/li>\n<\/ul>","protected":false},"featured_media":3110,"template":"","meta":{"slim_seo":{"title":"Ruban adh\u00e9sif transparent brillant tout usage pour le bureau, la maison, l'\u00e9cole - Ruban adh\u00e9sif - Fabricant, Fournisseur, Exportateur | WINGTAI","description":"Le ruban adh\u00e9sif transparent brillant r\u00e9pond aux besoins d'une application polyvalente, avec un bon pouvoir de maintien et une bonne adh\u00e9rence. Il peut \u00eatre utilis\u00e9 en toute s\u00e9curit\u00e9 pour les photos ou les \u00e9tiquettes et peut \u00eatre conserv\u00e9 pendant une longue p\u00e9riode. Le ruban transparent est pratiquement transparent au contact, il ne couvre pas les mots. Respectueux de l'environnement, conforme aux directives RoHS et REACH de l'UE ;"}},"product_brand":[],"product_cat":[51],"product_tag":[],"class_list":{"0":"post-2718","1":"product","2":"type-product","3":"status-publish","4":"has-post-thumbnail","6":"product_cat-office-tapes","8":"first","9":"instock","10":"shipping-taxable","11":"product-type-simple"},"_links":{"self":[{"href":"https:\/\/www.wingtaitape.com\/fr\/wp-json\/wp\/v2\/product\/2718","targetHints":{"allow":["GET"]}}],"collection":[{"href":"https:\/\/www.wingtaitape.com\/fr\/wp-json\/wp\/v2\/product"}],"about":[{"href":"https:\/\/www.wingtaitape.com\/fr\/wp-json\/wp\/v2\/types\/product"}],"wp:featuredmedia":[{"embeddable":true,"href":"https:\/\/www.wingtaitape.com\/fr\/wp-json\/wp\/v2\/media\/3110"}],"wp:attachment":[{"href":"https:\/\/www.wingtaitape.com\/fr\/wp-json\/wp\/v2\/media?parent=2718"}],"wp:term":[{"taxonomy":"product_brand","embeddable":true,"href":"https:\/\/www.wingtaitape.com\/fr\/wp-json\/wp\/v2\/product_brand?post=2718"},{"taxonomy":"product_cat","embeddable":true,"href":"https:\/\/www.wingtaitape.com\/fr\/wp-json\/wp\/v2\/product_cat?post=2718"},{"taxonomy":"product_tag","embeddable":true,"href":"https:\/\/www.wingtaitape.com\/fr\/wp-json\/wp\/v2\/product_tag?post=2718"}],"curies":[{"name":"wp","href":"https:\/\/api.w.org\/{rel}","templated":true}]}}