{"id":2720,"date":"2023-08-26T08:36:03","date_gmt":"2023-08-26T08:36:03","guid":{"rendered":"https:\/\/www.wingtaitape.com\/?post_type=product&#038;p=2720"},"modified":"2023-12-10T21:58:51","modified_gmt":"2023-12-10T13:58:51","slug":"ruban-adhesif-de-papeterie-pour-le-nettoyage","status":"publish","type":"product","link":"https:\/\/www.wingtaitape.com\/fr\/produit\/ruban-adhesif-de-papeterie-pour-le-nettoyage\/","title":{"rendered":"Ruban de papeterie pour le nettoyage"},"content":{"rendered":"<h4><span style=\"font-family: 'Open Sans';\">Caract\u00e9ristiques principales<\/span><\/h4>\n<ul>\n<li>Ruban adh\u00e9sif \u00e0 enlever proprement, con\u00e7u pour les travaux manuels, l'emballage de cadeaux et le travail de bureau<\/li>\n<li>Le support en polypropyl\u00e8ne peut \u00eatre imprim\u00e9 sur mesure pour une pr\u00e9sentation accrocheuse.<\/li>\n<li>Tient fermement et s'enl\u00e8ve proprement sans endommager le graphisme de l'emballage primaire.<\/li>\n<\/ul>\n<p>&nbsp;<\/p>\n<h4><span style=\"font-family: 'Open Sans';\">Application<\/span><\/h4>\n<ul>\n<li>Il convient \u00e0 la papeterie du bureau \u00e0 domicile, \u00e0 l'alimentation et \u00e0 la d\u00e9coration de cadeaux, de voitures de mariage, de magasins et de lieux festifs.<\/li>\n<\/ul>","protected":false},"excerpt":{"rendered":"<ul>\n<li>Ruban adh\u00e9sif \u00e0 enlever proprement, con\u00e7u pour les travaux manuels, l'emballage de cadeaux et le travail de bureau<\/li>\n<li>Le support en polypropyl\u00e8ne peut \u00eatre imprim\u00e9 sur mesure pour une pr\u00e9sentation accrocheuse.<\/li>\n<li>Tient fermement et s'enl\u00e8ve proprement sans endommager le graphisme de l'emballage primaire.<\/li>\n<\/ul>","protected":false},"featured_media":3142,"template":"","meta":{"slim_seo":{"title":"Clean Removal Stationery Tape - Ruban adh\u00e9sif - Fabricant, Fournisseur, Exportateur | WINGTAI","description":"Le ruban adh\u00e9sif transparent brillant r\u00e9pond aux besoins d'une application polyvalente, avec un bon pouvoir de maintien et une bonne adh\u00e9rence. Il peut \u00eatre utilis\u00e9 en toute s\u00e9curit\u00e9 pour les photos ou les \u00e9tiquettes et peut \u00eatre conserv\u00e9 pendant une longue p\u00e9riode. Le ruban transparent est pratiquement transparent au contact, il ne couvre pas les mots. Respectueux de l'environnement, conforme aux directives RoHS et REACH de l'UE ;"}},"product_brand":[],"product_cat":[51],"product_tag":[],"class_list":{"0":"post-2720","1":"product","2":"type-product","3":"status-publish","4":"has-post-thumbnail","6":"product_cat-office-tapes","8":"first","9":"instock","10":"shipping-taxable","11":"product-type-simple"},"_links":{"self":[{"href":"https:\/\/www.wingtaitape.com\/fr\/wp-json\/wp\/v2\/product\/2720","targetHints":{"allow":["GET"]}}],"collection":[{"href":"https:\/\/www.wingtaitape.com\/fr\/wp-json\/wp\/v2\/product"}],"about":[{"href":"https:\/\/www.wingtaitape.com\/fr\/wp-json\/wp\/v2\/types\/product"}],"wp:featuredmedia":[{"embeddable":true,"href":"https:\/\/www.wingtaitape.com\/fr\/wp-json\/wp\/v2\/media\/3142"}],"wp:attachment":[{"href":"https:\/\/www.wingtaitape.com\/fr\/wp-json\/wp\/v2\/media?parent=2720"}],"wp:term":[{"taxonomy":"product_brand","embeddable":true,"href":"https:\/\/www.wingtaitape.com\/fr\/wp-json\/wp\/v2\/product_brand?post=2720"},{"taxonomy":"product_cat","embeddable":true,"href":"https:\/\/www.wingtaitape.com\/fr\/wp-json\/wp\/v2\/product_cat?post=2720"},{"taxonomy":"product_tag","embeddable":true,"href":"https:\/\/www.wingtaitape.com\/fr\/wp-json\/wp\/v2\/product_tag?post=2720"}],"curies":[{"name":"wp","href":"https:\/\/api.w.org\/{rel}","templated":true}]}}