{"id":2724,"date":"2023-08-26T11:31:07","date_gmt":"2023-08-26T11:31:07","guid":{"rendered":"https:\/\/www.wingtaitape.com\/?post_type=product&#038;p=2724"},"modified":"2025-04-12T14:54:43","modified_gmt":"2025-04-12T06:54:43","slug":"ruban-adhesif-2-faces-a-base-de-solvant","status":"publish","type":"product","link":"https:\/\/www.wingtaitape.com\/fr\/produit\/ruban-adhesif-2-faces-a-base-de-solvant\/","title":{"rendered":"Ruban adh\u00e9sif double face \u00e0 base de solvant"},"content":{"rendered":"<p><iframe width=\"560\" height=\"315\" src=\"https:\/\/www.youtube.com\/embed\/e1e_aGcGLdU?si=K8DVpZa10_qcdZEn\" title=\"Lecteur vid\u00e9o YouTube\" frameborder=\"0\" allow=\"accelerometer; autoplay; clipboard-write; encrypted-media; gyroscope; picture-in-picture; web-share\" referrerpolicy=\"strict-origin-when-cross-origin\" allowfullscreen><\/iframe><\/p>\n<h4><span style=\"font-family: 'Open Sans';\">Caract\u00e9ristiques principales<\/span><\/h4>\n<ul>\n<li><strong>Adh\u00e9sif double face<\/strong>: Con\u00e7u comme un ruban adh\u00e9sif \u00e0 deux faces pour un collage s\u00fbr des deux c\u00f4t\u00e9s.<\/li>\n<li><strong>Application sans d\u00e9g\u00e2ts<\/strong>: Offre une alternative propre et pratique \u00e0 la colle salissante.<\/li>\n<li><strong>L'absence de couture visible<\/strong>: Permet une tenue invisible, id\u00e9ale pour les applications discr\u00e8tes.<\/li>\n<li><strong>Application en douceur<\/strong>: Glisse en douceur sur le rouleau, ce qui permet de personnaliser facilement les longueurs.<\/li>\n<li><strong>Maintien de la s\u00e9curit\u00e9<\/strong>: Garantit une bonne prise en main et maintient efficacement les objets en place.<\/li>\n<li><strong>Photo s\u00fbre<\/strong>: Convient aux photos et aux mat\u00e9riaux d\u00e9licats, ce qui rend son utilisation s\u00fbre.<\/li>\n<li><strong>Respect de l'environnement<\/strong>: Fabriqu\u00e9 dans un souci de durabilit\u00e9, il contribue \u00e0 un choix respectueux de l'environnement.<\/li>\n<li><strong>Conforme aux normes REACH et RoHS<\/strong>: Conforme aux normes europ\u00e9ennes en mati\u00e8re de s\u00e9curit\u00e9 et d'environnement.<\/li>\n<\/ul>\n<p>&nbsp;<\/p>\n<h4><span style=\"font-family: 'Open Sans';\">Application<\/span><\/h4>\n<ul>\n<li><strong>Artisanat et cr\u00e9ativit\u00e9<\/strong>: Un choix polyvalent pour cr\u00e9er des pr\u00e9sentations, des travaux manuels et des projets de bricolage \u00e0 la maison et \u00e0 l'\u00e9cole.<\/li>\n<li><strong>Finition propre et professionnelle<\/strong>: Offre un r\u00e9sultat poli, surpassant les applications de colle traditionnelles.<\/li>\n<li><strong>Collage invisible<\/strong>: Parfait pour les sc\u00e9narios n\u00e9cessitant une adh\u00e9rence cach\u00e9e.<\/li>\n<li><strong>Utilisation polyvalente<\/strong>: Id\u00e9al pour les besoins de collage discrets dans le cadre de diverses t\u00e2ches.<\/li>\n<li><strong>Une coupe efficace<\/strong>: Peut \u00eatre adapt\u00e9 sans effort pour r\u00e9pondre aux exigences d'un projet sp\u00e9cifique.<\/li>\n<li><strong>Stockage pratique<\/strong>: Equip\u00e9 d'un distributeur pour un acc\u00e8s facile et un stockage ordonn\u00e9.<\/li>\n<li><strong>R\u00e9glages polyvalents<\/strong>: Convient aux pr\u00e9sentations professionnelles, aux projets scolaires et aux travaux manuels.<\/li>\n<\/ul>","protected":false},"excerpt":{"rendered":"<ul>\n<li><strong>Adh\u00e9sif double face<\/strong>: Con\u00e7u comme un ruban adh\u00e9sif \u00e0 deux faces pour un collage s\u00fbr des deux c\u00f4t\u00e9s.<\/li>\n<li><strong>Application sans d\u00e9g\u00e2ts<\/strong>: Offre une alternative propre et pratique \u00e0 la colle salissante.<\/li>\n<li><strong>L'absence de couture visible<\/strong>: Permet une tenue invisible, id\u00e9ale pour les applications discr\u00e8tes.<\/li>\n<li><strong>Application en douceur<\/strong>: Glisse en douceur sur le rouleau, ce qui permet de personnaliser facilement les longueurs.<\/li>\n<li><strong>Maintien de la s\u00e9curit\u00e9<\/strong>: Garantit une bonne prise en main et maintient efficacement les objets en place.<\/li>\n<li><strong>Photo s\u00fbre<\/strong>: Convient aux photos et aux mat\u00e9riaux d\u00e9licats, ce qui rend son utilisation s\u00fbre.<\/li>\n<li><strong>Respect de l'environnement<\/strong>: Fabriqu\u00e9 dans un souci de durabilit\u00e9, il contribue \u00e0 un choix respectueux de l'environnement.<\/li>\n<li><strong>Conforme aux normes REACH et RoHS<\/strong>: Conforme aux normes europ\u00e9ennes en mati\u00e8re de s\u00e9curit\u00e9 et d'environnement.<\/li>\n<\/ul>","protected":false},"featured_media":3123,"template":"","meta":{"slim_seo":{"title":"Ruban adh\u00e9sif double face \u00e0 base de solvant - Ruban adh\u00e9sif - Fabricant, Fournisseur, Exportateur | WINGTAI","description":"D\u00e9couvrez le ruban adh\u00e9sif double face polyvalent pour un collage propre, solide et discret. Id\u00e9al pour les travaux manuels, les pr\u00e9sentations et bien plus encore."}},"product_brand":[],"product_cat":[35],"product_tag":[],"class_list":{"0":"post-2724","1":"product","2":"type-product","3":"status-publish","4":"has-post-thumbnail","6":"product_cat-double-coated-tapes","8":"first","9":"instock","10":"shipping-taxable","11":"product-type-simple"},"_links":{"self":[{"href":"https:\/\/www.wingtaitape.com\/fr\/wp-json\/wp\/v2\/product\/2724","targetHints":{"allow":["GET"]}}],"collection":[{"href":"https:\/\/www.wingtaitape.com\/fr\/wp-json\/wp\/v2\/product"}],"about":[{"href":"https:\/\/www.wingtaitape.com\/fr\/wp-json\/wp\/v2\/types\/product"}],"wp:featuredmedia":[{"embeddable":true,"href":"https:\/\/www.wingtaitape.com\/fr\/wp-json\/wp\/v2\/media\/3123"}],"wp:attachment":[{"href":"https:\/\/www.wingtaitape.com\/fr\/wp-json\/wp\/v2\/media?parent=2724"}],"wp:term":[{"taxonomy":"product_brand","embeddable":true,"href":"https:\/\/www.wingtaitape.com\/fr\/wp-json\/wp\/v2\/product_brand?post=2724"},{"taxonomy":"product_cat","embeddable":true,"href":"https:\/\/www.wingtaitape.com\/fr\/wp-json\/wp\/v2\/product_cat?post=2724"},{"taxonomy":"product_tag","embeddable":true,"href":"https:\/\/www.wingtaitape.com\/fr\/wp-json\/wp\/v2\/product_tag?post=2724"}],"curies":[{"name":"wp","href":"https:\/\/api.w.org\/{rel}","templated":true}]}}