{"id":2740,"date":"2023-09-02T03:04:44","date_gmt":"2023-09-02T03:04:44","guid":{"rendered":"https:\/\/www.wingtaitape.com\/?post_type=product&#038;p=2740"},"modified":"2026-01-29T17:06:25","modified_gmt":"2026-01-29T09:06:25","slug":"ruban-mousse-acrylique-transparent-a-tres-haute-adherence","status":"publish","type":"product","link":"https:\/\/www.wingtaitape.com\/fr\/produit\/ruban-mousse-acrylique-transparent-a-tres-haute-adherence\/","title":{"rendered":"Ruban mousse acrylique transparent \u00e0 forte adh\u00e9rence - \u00e9tanch\u00e9it\u00e9 et adh\u00e9rence in\u00e9gal\u00e9es"},"content":{"rendered":"<h4><span style=\"font-family: 'Open Sans';\">Caract\u00e9ristiques principales<\/span><\/h4>\n<ul>\n<li>Technologie de moussage scell\u00e9e pour l'\u00e9tanch\u00e9it\u00e9 \u00e0 la vapeur d'eau et \u00e0 l'air<\/li>\n<li>Forte adh\u00e9rence sur ABS, PC, PP, PE, PMMA, CG<\/li>\n<li>Excellent effet de remplissage, isolation de l'humidit\u00e9, de la poussi\u00e8re et des produits chimiques<\/li>\n<li>Durabilit\u00e9 exceptionnelle, r\u00e9sistance aux intemp\u00e9ries et aux chocs<\/li>\n<li>R\u00e9sistance aux UV et aux solvants, convient aux temp\u00e9ratures extr\u00eames<\/li>\n<\/ul>\n<h4><span style=\"font-family: 'Open Sans';\">Application<\/span><\/h4>\n<ul>\n<li>Id\u00e9al pour l'\u00e9tanch\u00e9it\u00e9 et le collage dans les secteurs de la construction et de l'automobile<\/li>\n<li>Parfait pour remplacer les vis, les rivets, les soudures et autres fixations<\/li>\n<li>Utilis\u00e9 dans les domaines de l'\u00e9lectronique, de la signalisation et de la fabrication pour une adh\u00e9rence sup\u00e9rieure.<\/li>\n<li>Permet de r\u00e9duire le bruit et de lutter contre le vieillissement dans diverses applications<\/li>\n<\/ul>","protected":false},"excerpt":{"rendered":"<ul>\n<li>Le ruban Wingtai-VHB utilise une technologie de mousse scell\u00e9e pour une \u00e9tanch\u00e9it\u00e9 \u00e0 l'eau et \u00e0 l'air in\u00e9gal\u00e9e.<\/li>\n<li>Il s'agit d'une solution polyvalente, offrant une forte adh\u00e9rence aux mat\u00e9riaux \u00e0 faible \u00e9nergie de surface tels que l'ABS, le PC, le PP et bien d'autres encore.<\/li>\n<li>Avec une excellente durabilit\u00e9, une r\u00e9sistance aux UV et des capacit\u00e9s de remplissage sup\u00e9rieures, il surpasse les autres rubans.<\/li>\n<\/ul>","protected":false},"featured_media":3137,"template":"","meta":{"slim_seo":{"title":"Ruban adh\u00e9sif transparent WT-VHB - Scellage et adh\u00e9sion in\u00e9gal\u00e9s - Ruban adh\u00e9sif - Fabricant, Fournisseur, Exportateur | WINGTAI","description":"D\u00e9couvrez le nec plus ultra en mati\u00e8re d'\u00e9tanch\u00e9it\u00e9 et de collage avec notre ruban VHB. Une technologie d'adh\u00e9sion et d'\u00e9tanch\u00e9it\u00e9 in\u00e9gal\u00e9e pour des applications polyvalentes. Passez \u00e0 la vitesse sup\u00e9rieure d\u00e8s aujourd'hui !"}},"product_brand":[],"product_cat":[30,35,41],"product_tag":[],"class_list":{"0":"post-2740","1":"product","2":"type-product","3":"status-publish","4":"has-post-thumbnail","6":"product_cat-acrylic-foam-tape","7":"product_cat-double-coated-tapes","8":"product_cat-foam-tapes","10":"first","11":"instock","12":"shipping-taxable","13":"product-type-simple"},"_links":{"self":[{"href":"https:\/\/www.wingtaitape.com\/fr\/wp-json\/wp\/v2\/product\/2740","targetHints":{"allow":["GET"]}}],"collection":[{"href":"https:\/\/www.wingtaitape.com\/fr\/wp-json\/wp\/v2\/product"}],"about":[{"href":"https:\/\/www.wingtaitape.com\/fr\/wp-json\/wp\/v2\/types\/product"}],"wp:featuredmedia":[{"embeddable":true,"href":"https:\/\/www.wingtaitape.com\/fr\/wp-json\/wp\/v2\/media\/3137"}],"wp:attachment":[{"href":"https:\/\/www.wingtaitape.com\/fr\/wp-json\/wp\/v2\/media?parent=2740"}],"wp:term":[{"taxonomy":"product_brand","embeddable":true,"href":"https:\/\/www.wingtaitape.com\/fr\/wp-json\/wp\/v2\/product_brand?post=2740"},{"taxonomy":"product_cat","embeddable":true,"href":"https:\/\/www.wingtaitape.com\/fr\/wp-json\/wp\/v2\/product_cat?post=2740"},{"taxonomy":"product_tag","embeddable":true,"href":"https:\/\/www.wingtaitape.com\/fr\/wp-json\/wp\/v2\/product_tag?post=2740"}],"curies":[{"name":"wp","href":"https:\/\/api.w.org\/{rel}","templated":true}]}}