{"id":2747,"date":"2023-09-02T03:37:47","date_gmt":"2023-09-02T03:37:47","guid":{"rendered":"https:\/\/www.wingtaitape.com\/?post_type=product&#038;p=2747"},"modified":"2023-12-10T21:54:00","modified_gmt":"2023-12-10T13:54:00","slug":"ruban-de-broderie-double-face","status":"publish","type":"product","link":"https:\/\/www.wingtaitape.com\/fr\/produit\/ruban-de-broderie-double-face\/","title":{"rendered":"Ruban de broderie double face"},"content":{"rendered":"<h4><span style=\"font-family: 'Open Sans';\">Caract\u00e9ristiques principales<\/span><\/h4>\n<ul>\n<li>Adh\u00e9sif acrylique haute r\u00e9sistance<\/li>\n<li>Pointes instantan\u00e9es pour des usages multiples<\/li>\n<li>Emp\u00eache le gommage des aiguilles<\/li>\n<li>Id\u00e9al pour retenir l'exc\u00e9dent de tissu<\/li>\n<\/ul>\n<h4><span style=\"font-family: 'Open Sans';\">Application<\/span><\/h4>\n<ul>\n<li>Stabilisateur s\u00e9curis\u00e9 pendant le cerclage<\/li>\n<li>Fixer le tissu au support sans le cercler<\/li>\n<li>Ne pas g\u00eaner le tissu lors de la broderie<\/li>\n<\/ul>","protected":false},"excerpt":{"rendered":"<ul>\n<li>Ruban adh\u00e9sif acrylique de haute qualit\u00e9 et tr\u00e8s r\u00e9sistant, con\u00e7u pour maintenir solidement l'entoilage et le tissu en place pendant le cerclage.<\/li>\n<li>C'est un outil indispensable pour tout projet de broderie.<\/li>\n<\/ul>","protected":false},"featured_media":3136,"template":"","meta":{"slim_seo":{"title":"Ruban de broderie double face - Ruban adh\u00e9sif - Fabricant, Fournisseur, Exportateur | WINGTAI","description":"Ruban de broderie double face - la solution ultime pour le cerclage et la fixation du tissu. Pr\u00e9venez le gommage de l'aiguille et rationalisez votre processus de broderie."}},"product_brand":[],"product_cat":[35,43],"product_tag":[],"class_list":{"0":"post-2747","1":"product","2":"type-product","3":"status-publish","4":"has-post-thumbnail","6":"product_cat-double-coated-tapes","7":"product_cat-industrial-tape","9":"first","10":"instock","11":"shipping-taxable","12":"product-type-simple"},"_links":{"self":[{"href":"https:\/\/www.wingtaitape.com\/fr\/wp-json\/wp\/v2\/product\/2747","targetHints":{"allow":["GET"]}}],"collection":[{"href":"https:\/\/www.wingtaitape.com\/fr\/wp-json\/wp\/v2\/product"}],"about":[{"href":"https:\/\/www.wingtaitape.com\/fr\/wp-json\/wp\/v2\/types\/product"}],"wp:featuredmedia":[{"embeddable":true,"href":"https:\/\/www.wingtaitape.com\/fr\/wp-json\/wp\/v2\/media\/3136"}],"wp:attachment":[{"href":"https:\/\/www.wingtaitape.com\/fr\/wp-json\/wp\/v2\/media?parent=2747"}],"wp:term":[{"taxonomy":"product_brand","embeddable":true,"href":"https:\/\/www.wingtaitape.com\/fr\/wp-json\/wp\/v2\/product_brand?post=2747"},{"taxonomy":"product_cat","embeddable":true,"href":"https:\/\/www.wingtaitape.com\/fr\/wp-json\/wp\/v2\/product_cat?post=2747"},{"taxonomy":"product_tag","embeddable":true,"href":"https:\/\/www.wingtaitape.com\/fr\/wp-json\/wp\/v2\/product_tag?post=2747"}],"curies":[{"name":"wp","href":"https:\/\/api.w.org\/{rel}","templated":true}]}}