{"id":2757,"date":"2023-09-02T09:30:13","date_gmt":"2023-09-02T09:30:13","guid":{"rendered":"https:\/\/www.wingtaitape.com\/?post_type=product&#038;p=2757"},"modified":"2026-01-20T14:46:49","modified_gmt":"2026-01-20T06:46:49","slug":"ruban-double-face-industriel","status":"publish","type":"product","link":"https:\/\/www.wingtaitape.com\/fr\/produit\/ruban-double-face-industriel\/","title":{"rendered":"Ruban adh\u00e9sif industriel double face"},"content":{"rendered":"<h4><span style=\"font-family: 'Open Sans';\">Caract\u00e9ristiques principales<\/span><\/h4>\n<ul>\n<li>Bonnes valeurs d'adh\u00e9sion sur les substrats polaires<\/li>\n<li>Bonne r\u00e9sistance \u00e0 la temp\u00e9rature<\/li>\n<li>Bonnes propri\u00e9t\u00e9s de conversion<\/li>\n<li>Offre un pouvoir adh\u00e9sif sup\u00e9rieur et une excellente fixation des pi\u00e8ces<\/li>\n<li>Pr\u00e9sente de bonnes propri\u00e9t\u00e9s pour le collage de substrats dont les dimensions changent de fa\u00e7on relativement importante sous l'effet de la chaleur, comme c'est le cas pour le collage de plaques de m\u00e9tal et de plastique.<\/li>\n<\/ul>\n<h4><span style=\"font-family: 'Open Sans';\">Application<\/span><\/h4>\n<ul>\n<li>Lamination de mousse et de caoutchouc<\/li>\n<li>Montage de plaques signal\u00e9tiques en m\u00e9tal perfor\u00e9, d'interrupteurs \u00e0 film, d'\u00e9vaporateurs de r\u00e9frig\u00e9rateurs, ainsi que d'appareils \u00e9lectrom\u00e9nagers et \u00e9lectroniques. R\u00e9sistance \u00e0 100\u00b0C<\/li>\n<li>Collage de panneaux d\u00e9coratifs en ABS, de panneaux d'affichage en plastique<\/li>\n<li>Montage et assemblage de composants dans des appareils \u00e9lectroniques<\/li>\n<\/ul>\n<p>&nbsp;<\/p>","protected":false},"excerpt":{"rendered":"<ul>\n<li>Offre un pouvoir adh\u00e9sif sup\u00e9rieur et une excellente fixation des pi\u00e8ces<\/li>\n<li>Pr\u00e9sente de bonnes propri\u00e9t\u00e9s pour le collage de substrats dont les dimensions changent de fa\u00e7on relativement importante sous l'effet de la chaleur, comme c'est le cas pour le collage de plaques de m\u00e9tal et de plastique.<\/li>\n<\/ul>","protected":false},"featured_media":3130,"template":"","meta":{"slim_seo":{"title":"Ruban double face industriel - Ruban adh\u00e9sif - Fabricant, Fournisseur, Exportateur | WINGTAI","description":"Le ruban double face industriel offre un pouvoir adh\u00e9sif sup\u00e9rieur et une excellente fixation des pi\u00e8ces. Il pr\u00e9sente de bonnes propri\u00e9t\u00e9s de collage des substrats."}},"product_brand":[],"product_cat":[35,43],"product_tag":[],"class_list":{"0":"post-2757","1":"product","2":"type-product","3":"status-publish","4":"has-post-thumbnail","6":"product_cat-double-coated-tapes","7":"product_cat-industrial-tape","9":"first","10":"instock","11":"featured","12":"shipping-taxable","13":"product-type-simple"},"_links":{"self":[{"href":"https:\/\/www.wingtaitape.com\/fr\/wp-json\/wp\/v2\/product\/2757","targetHints":{"allow":["GET"]}}],"collection":[{"href":"https:\/\/www.wingtaitape.com\/fr\/wp-json\/wp\/v2\/product"}],"about":[{"href":"https:\/\/www.wingtaitape.com\/fr\/wp-json\/wp\/v2\/types\/product"}],"wp:featuredmedia":[{"embeddable":true,"href":"https:\/\/www.wingtaitape.com\/fr\/wp-json\/wp\/v2\/media\/3130"}],"wp:attachment":[{"href":"https:\/\/www.wingtaitape.com\/fr\/wp-json\/wp\/v2\/media?parent=2757"}],"wp:term":[{"taxonomy":"product_brand","embeddable":true,"href":"https:\/\/www.wingtaitape.com\/fr\/wp-json\/wp\/v2\/product_brand?post=2757"},{"taxonomy":"product_cat","embeddable":true,"href":"https:\/\/www.wingtaitape.com\/fr\/wp-json\/wp\/v2\/product_cat?post=2757"},{"taxonomy":"product_tag","embeddable":true,"href":"https:\/\/www.wingtaitape.com\/fr\/wp-json\/wp\/v2\/product_tag?post=2757"}],"curies":[{"name":"wp","href":"https:\/\/api.w.org\/{rel}","templated":true}]}}