{"id":2766,"date":"2023-09-02T09:49:36","date_gmt":"2023-09-02T09:49:36","guid":{"rendered":"https:\/\/www.wingtaitape.com\/?post_type=product&#038;p=2766"},"modified":"2025-04-12T14:54:59","modified_gmt":"2025-04-12T06:54:59","slug":"ruban-adhesif-double-face-a-base-deau","status":"publish","type":"product","link":"https:\/\/www.wingtaitape.com\/fr\/produit\/ruban-adhesif-double-face-a-base-deau\/","title":{"rendered":"Ruban adh\u00e9sif double face \u00e0 base d'eau"},"content":{"rendered":"<p><iframe width=\"560\" height=\"315\" src=\"https:\/\/www.youtube.com\/embed\/e1e_aGcGLdU?si=K8DVpZa10_qcdZEn\" title=\"Lecteur vid\u00e9o YouTube\" frameborder=\"0\" allow=\"accelerometer; autoplay; clipboard-write; encrypted-media; gyroscope; picture-in-picture; web-share\" referrerpolicy=\"strict-origin-when-cross-origin\" allowfullscreen><\/iframe><\/p>\n<h4><span style=\"font-family: 'Open Sans';\">Caract\u00e9ristiques principales<\/span><\/h4>\n<ul>\n<li>Respectueux de l'environnement ;<\/li>\n<li>Bonne r\u00e9sistance aux intemp\u00e9ries et stockage \u00e0 long terme.<\/li>\n<\/ul>\n<h4><span style=\"font-family: 'Open Sans';\">Application<\/span><\/h4>\n<ul>\n<li>Largement utilis\u00e9 \u00e0 la maison, au bureau, \u00e0 l'\u00e9cole et pour d'autres usages quotidiens.<\/li>\n<li>Les couleurs rouge, noir et vert sont disponibles<\/li>\n<\/ul>\n<p>&nbsp;<\/p>","protected":false},"excerpt":{"rendered":"<ul>\n<li>Ruban adh\u00e9sif double face respectueux de l'environnement ;<\/li>\n<li>Bonne r\u00e9sistance aux intemp\u00e9ries et stockage \u00e0 long terme.<\/li>\n<\/ul>","protected":false},"featured_media":3123,"template":"","meta":{"slim_seo":{"title":"Ruban adh\u00e9sif double face \u00e0 base d'eau - Ruban adh\u00e9sif - Fabricant, Fournisseur, Exportateur | WINGTAI","description":"Ruban adh\u00e9sif double face respectueux de l'environnement ; bonne r\u00e9sistance aux intemp\u00e9ries et stockage \u00e0 long terme."}},"product_brand":[],"product_cat":[35,43],"product_tag":[],"class_list":{"0":"post-2766","1":"product","2":"type-product","3":"status-publish","4":"has-post-thumbnail","6":"product_cat-double-coated-tapes","7":"product_cat-industrial-tape","9":"first","10":"instock","11":"shipping-taxable","12":"product-type-simple"},"_links":{"self":[{"href":"https:\/\/www.wingtaitape.com\/fr\/wp-json\/wp\/v2\/product\/2766","targetHints":{"allow":["GET"]}}],"collection":[{"href":"https:\/\/www.wingtaitape.com\/fr\/wp-json\/wp\/v2\/product"}],"about":[{"href":"https:\/\/www.wingtaitape.com\/fr\/wp-json\/wp\/v2\/types\/product"}],"wp:featuredmedia":[{"embeddable":true,"href":"https:\/\/www.wingtaitape.com\/fr\/wp-json\/wp\/v2\/media\/3123"}],"wp:attachment":[{"href":"https:\/\/www.wingtaitape.com\/fr\/wp-json\/wp\/v2\/media?parent=2766"}],"wp:term":[{"taxonomy":"product_brand","embeddable":true,"href":"https:\/\/www.wingtaitape.com\/fr\/wp-json\/wp\/v2\/product_brand?post=2766"},{"taxonomy":"product_cat","embeddable":true,"href":"https:\/\/www.wingtaitape.com\/fr\/wp-json\/wp\/v2\/product_cat?post=2766"},{"taxonomy":"product_tag","embeddable":true,"href":"https:\/\/www.wingtaitape.com\/fr\/wp-json\/wp\/v2\/product_tag?post=2766"}],"curies":[{"name":"wp","href":"https:\/\/api.w.org\/{rel}","templated":true}]}}