{"id":2771,"date":"2023-09-02T09:54:24","date_gmt":"2023-09-02T09:54:24","guid":{"rendered":"https:\/\/www.wingtaitape.com\/?post_type=product&#038;p=2771"},"modified":"2023-12-10T21:46:11","modified_gmt":"2023-12-10T13:46:11","slug":"ruban-mousse-double-face-eva","status":"publish","type":"product","link":"https:\/\/www.wingtaitape.com\/fr\/produit\/ruban-mousse-double-face-eva\/","title":{"rendered":"Ruban de mousse EVA double face"},"content":{"rendered":"<h4><span style=\"font-family: 'Open Sans';\">Caract\u00e9ristiques principales<\/span><\/h4>\n<ul>\n<li>Imperm\u00e9able \u00e0 l'humidit\u00e9 et bonne r\u00e9sistance \u00e0 l'eau, facile \u00e0 d\u00e9couper et \u00e0 coller ; absorbe les chocs ;<\/li>\n<li>Bonnes propri\u00e9t\u00e9s de vieillissement et r\u00e9sistance aux changements climatiques.<\/li>\n<\/ul>\n<h4><span style=\"font-family: 'Open Sans';\">Application<\/span><\/h4>\n<ul>\n<li>Largement utilis\u00e9 pour l'assemblage de pi\u00e8ces automobiles, de climatiseurs, de r\u00e9frig\u00e9rateurs, d'appareils m\u00e9nagers, d'\u00e9quipements de r\u00e9frig\u00e9ration et de divers types de pi\u00e8ces \u00e9lectriques r\u00e9sistantes aux chocs, de surfaces incurv\u00e9es ou rugueuses, d'\u00e9quipements de publicit\u00e9 et de d\u00e9coration.<\/li>\n<\/ul>","protected":false},"excerpt":{"rendered":"<ul>\n<li>Imperm\u00e9able \u00e0 l'humidit\u00e9 et bonne r\u00e9sistance \u00e0 l'eau, facile \u00e0 d\u00e9couper et \u00e0 coller ; absorbe les chocs ;<\/li>\n<li>Bonnes propri\u00e9t\u00e9s de vieillissement et r\u00e9sistance aux changements climatiques.<\/li>\n<\/ul>","protected":false},"featured_media":3121,"template":"","meta":{"slim_seo":{"title":"Ruban de mousse EVA double face - Ruban adh\u00e9sif - Fabricant, Fournisseur, Exportateur | WINGTAI","description":"Ruban en mousse EVA, r\u00e9sistant \u00e0 l'humidit\u00e9 et \u00e0 l'eau, facile \u00e0 d\u00e9couper et \u00e0 coller ; absorbant les chocs ; bonnes propri\u00e9t\u00e9s de vieillissement et r\u00e9sistance aux changements climatiques."}},"product_brand":[],"product_cat":[35,38,41],"product_tag":[],"class_list":{"0":"post-2771","1":"product","2":"type-product","3":"status-publish","4":"has-post-thumbnail","6":"product_cat-double-coated-tapes","7":"product_cat-eva-foam-tape","8":"product_cat-foam-tapes","10":"first","11":"instock","12":"shipping-taxable","13":"product-type-simple"},"_links":{"self":[{"href":"https:\/\/www.wingtaitape.com\/fr\/wp-json\/wp\/v2\/product\/2771","targetHints":{"allow":["GET"]}}],"collection":[{"href":"https:\/\/www.wingtaitape.com\/fr\/wp-json\/wp\/v2\/product"}],"about":[{"href":"https:\/\/www.wingtaitape.com\/fr\/wp-json\/wp\/v2\/types\/product"}],"wp:featuredmedia":[{"embeddable":true,"href":"https:\/\/www.wingtaitape.com\/fr\/wp-json\/wp\/v2\/media\/3121"}],"wp:attachment":[{"href":"https:\/\/www.wingtaitape.com\/fr\/wp-json\/wp\/v2\/media?parent=2771"}],"wp:term":[{"taxonomy":"product_brand","embeddable":true,"href":"https:\/\/www.wingtaitape.com\/fr\/wp-json\/wp\/v2\/product_brand?post=2771"},{"taxonomy":"product_cat","embeddable":true,"href":"https:\/\/www.wingtaitape.com\/fr\/wp-json\/wp\/v2\/product_cat?post=2771"},{"taxonomy":"product_tag","embeddable":true,"href":"https:\/\/www.wingtaitape.com\/fr\/wp-json\/wp\/v2\/product_tag?post=2771"}],"curies":[{"name":"wp","href":"https:\/\/api.w.org\/{rel}","templated":true}]}}