{"id":2808,"date":"2023-09-03T01:41:44","date_gmt":"2023-09-03T01:41:44","guid":{"rendered":"https:\/\/www.wingtaitape.com\/?post_type=product&#038;p=2808"},"modified":"2023-12-10T21:36:28","modified_gmt":"2023-12-10T13:36:28","slug":"ruban-de-feuille-daluminium","status":"publish","type":"product","link":"https:\/\/www.wingtaitape.com\/fr\/produit\/ruban-de-feuille-daluminium\/","title":{"rendered":"Ruban de feuille d'aluminium"},"content":{"rendered":"<h4><span style=\"font-family: 'Open Sans';\">Caract\u00e9ristiques principales<\/span><\/h4>\n<ul>\n<li>Pr\u00e9servation de la chaleur et isolation, imperm\u00e9abilisation.<\/li>\n<li>r\u00e9sistant aux basses temp\u00e9ratures.<\/li>\n<li>Forte adh\u00e9rence et choix de plusieurs \u00e9paisseurs.<\/li>\n<\/ul>\n<h4><span style=\"font-family: 'Open Sans';\">Application<\/span><\/h4>\n<ul>\n<li>Le ruban d'aluminium est utilis\u00e9 pour sceller les joints et les raccords du pare-vapeur dans les syst\u00e8mes de climatisation centraux.<br \/>\nles conduits, les hottes de cuisine, les r\u00e9frig\u00e9rateurs et les chauffe-eau.<\/li>\n<li>Assemblage pour la quincaillerie, l'\u00e9lectrom\u00e9nager et l'industrie automobile dans un environnement d'isolation thermique.<\/li>\n<\/ul>\n<p><img fetchpriority=\"high\" decoding=\"async\" class=\"alignnone size-full wp-image-2338\" src=\"https:\/\/www.wingtaitape.com\/wp-content\/uploads\/2019\/06\/011-Aluminum-foil-tape_01.jpg\" alt=\"\" width=\"900\" height=\"671\" \/> <img decoding=\"async\" class=\"alignnone size-full wp-image-2339\" src=\"https:\/\/www.wingtaitape.com\/wp-content\/uploads\/2019\/06\/011-Aluminum-foil-tape_02.jpg\" alt=\"\" width=\"900\" height=\"841\" \/> <img decoding=\"async\" class=\"alignnone size-full wp-image-2340\" src=\"https:\/\/www.wingtaitape.com\/wp-content\/uploads\/2019\/06\/011-Aluminum-foil-tape_03.jpg\" alt=\"\" width=\"900\" height=\"535\" \/> <img loading=\"lazy\" decoding=\"async\" class=\"alignnone size-full wp-image-2341\" src=\"https:\/\/www.wingtaitape.com\/wp-content\/uploads\/2019\/06\/011-Aluminum-foil-tape_04.jpg\" alt=\"\" width=\"900\" height=\"1315\" \/><\/p>\n<p>&nbsp;<\/p>\n<p>&nbsp;<\/p>","protected":false},"excerpt":{"rendered":"<ul>\n<li>Excellentes propri\u00e9t\u00e9s \u00e9lectriques et douceur\uff1b.<\/li>\n<li>Ce ruban \u00e9lectrique est r\u00e9sistant \u00e0 la plupart des produits chimiques et \u00e0 l'humidit\u00e9.<\/li>\n<\/ul>","protected":false},"featured_media":3091,"template":"","meta":{"slim_seo":{"title":"Ruban de feuille d'aluminium - Ruban adh\u00e9sif - Fabricant, Fournisseur, Exportateur | WINGTAI","description":"Excellentes propri\u00e9t\u00e9s et souplesse du ruban \u00e9lectrique\uff1b Ce ruban \u00e9lectrique est r\u00e9sistant \u00e0 la plupart des produits chimiques et \u00e0 l'humidit\u00e9."}},"product_brand":[],"product_cat":[43],"product_tag":[],"class_list":{"0":"post-2808","1":"product","2":"type-product","3":"status-publish","4":"has-post-thumbnail","6":"product_cat-industrial-tape","8":"first","9":"instock","10":"shipping-taxable","11":"product-type-simple"},"_links":{"self":[{"href":"https:\/\/www.wingtaitape.com\/fr\/wp-json\/wp\/v2\/product\/2808","targetHints":{"allow":["GET"]}}],"collection":[{"href":"https:\/\/www.wingtaitape.com\/fr\/wp-json\/wp\/v2\/product"}],"about":[{"href":"https:\/\/www.wingtaitape.com\/fr\/wp-json\/wp\/v2\/types\/product"}],"wp:featuredmedia":[{"embeddable":true,"href":"https:\/\/www.wingtaitape.com\/fr\/wp-json\/wp\/v2\/media\/3091"}],"wp:attachment":[{"href":"https:\/\/www.wingtaitape.com\/fr\/wp-json\/wp\/v2\/media?parent=2808"}],"wp:term":[{"taxonomy":"product_brand","embeddable":true,"href":"https:\/\/www.wingtaitape.com\/fr\/wp-json\/wp\/v2\/product_brand?post=2808"},{"taxonomy":"product_cat","embeddable":true,"href":"https:\/\/www.wingtaitape.com\/fr\/wp-json\/wp\/v2\/product_cat?post=2808"},{"taxonomy":"product_tag","embeddable":true,"href":"https:\/\/www.wingtaitape.com\/fr\/wp-json\/wp\/v2\/product_tag?post=2808"}],"curies":[{"name":"wp","href":"https:\/\/api.w.org\/{rel}","templated":true}]}}