{"id":2815,"date":"2023-09-03T02:11:42","date_gmt":"2023-09-03T02:11:42","guid":{"rendered":"https:\/\/www.wingtaitape.com\/?post_type=product&#038;p=2815"},"modified":"2025-04-12T11:25:44","modified_gmt":"2025-04-12T03:25:44","slug":"ruban-de-masquage-a-usage-general","status":"publish","type":"product","link":"https:\/\/www.wingtaitape.com\/fr\/produit\/ruban-de-masquage-a-usage-general\/","title":{"rendered":"Ruban de masquage \u00e0 usage g\u00e9n\u00e9ral"},"content":{"rendered":"<p><iframe title=\"Lecteur vid\u00e9o YouTube\" src=\"https:\/\/www.youtube.com\/embed\/Z5ErbGFcPds?si=QICzXC9-WJkQyrC4\" width=\"560\" height=\"315\" frameborder=\"0\" allowfullscreen=\"allowfullscreen\"><\/iframe><\/p>\n<h4><span style=\"font-family: 'Open Sans';\">Caract\u00e9ristiques principales<\/span><\/h4>\n<ul>\n<li>R\u00e9sistant jusqu'\u00e0<strong> 75 degr\u00e9s Celsius<\/strong>.<\/li>\n<li><strong>Adh\u00e9sion \u00e9lev\u00e9e<\/strong>\u00a0ruban de masquage pour une protection fiable des surfaces<\/li>\n<li><strong>Facile \u00e0 d\u00e9chirer \u00e0 la main<\/strong>pas besoin de ciseaux - pratique pour les\u00a0<strong>Masquage DIY<\/strong>\u00a0et\u00a0<strong>t\u00e2ches rapides<\/strong><\/li>\n<li><strong>\u00c9limination des r\u00e9sidus<\/strong>\u00a0- parfait pour\u00a0<strong>ruban de masquage temporaire<\/strong>\u00a0applications<\/li>\n<li>Fabriqu\u00e9 \u00e0 partir de\u00a0<strong>papier cr\u00eap\u00e9 de qualit\u00e9 sup\u00e9rieure<\/strong>\u00a0avec\u00a0<strong>adh\u00e9sif en caoutchouc<\/strong>id\u00e9al pour\u00a0<strong>peinture murale<\/strong>\u00a0et\u00a0<strong>projets de d\u00e9coration<\/strong><\/li>\n<li>S\u00fbr,\u00a0<strong>non toxique<\/strong>et con\u00e7u pour \u00eatre utilis\u00e9 dans\u00a0<strong>arts et artisanat<\/strong>,\u00a0<strong>peinture<\/strong>et\u00a0<strong>r\u00e9parations domestiques<\/strong><\/li>\n<li>Id\u00e9al pour\u00a0<strong>masquage de courte dur\u00e9e<\/strong>\u00a0en\u00a0<strong>peinture<\/strong>\u00a0et\u00a0<strong>protection de la surface<\/strong>\u00a0t\u00e2ches<\/li>\n<li>Convient pour une utilisation sur une grande vari\u00e9t\u00e9 de surfaces :\u00a0<strong>murs<\/strong>,\u00a0<strong>bois<\/strong>,\u00a0<strong>plastique<\/strong>,\u00a0<strong>m\u00e9tal<\/strong>,\u00a0<strong>verre<\/strong>et\u00a0<strong>carton<\/strong><\/li>\n<\/ul>\n<h4><span style=\"font-family: 'Open Sans';\">Application<\/span><\/h4>\n<div id=\"eluid6bff19a0\" class=\"tabbable hr-tabs hg-tabs eluid6bff19a0 tabs--light element-scheme--light tabs_style1\" data-tabs-history=\"1\">\n<div class=\"tab-content\">\n<div id=\"eluid6bff19a0_1_0\" class=\"tab-pane active in\">\n<div class=\"row tabPaneContainer\">\n<div id=\"eluid1612f633\" class=\"eluid1612f633 col-md-12 col-sm-12 znColumnElement\">\n<div class=\"znColumnElement-innerWrapper-eluid1612f633 znColumnElement-innerWrapper znColumnElement-innerWrapper--valign-top znColumnElement-innerWrapper--halign-left\">\n<div class=\"znColumnElement-innerContent\">\n<div class=\"zn_text_box eluidcd6101b1 zn_text_box-light element-scheme--light\">\n<ul>\n<li>Id\u00e9al pour\u00a0<strong>peinture<\/strong>,\u00a0<strong>d\u00e9coration<\/strong>et\u00a0<strong>protection de la surface<\/strong>dans la r\u00e9novation de maisons ou\u00a0<strong>Projets de bricolage<\/strong><\/li>\n<li>Parfait pour\u00a0<strong>l'\u00e9tiquetage<\/strong>,\u00a0<strong>marquage<\/strong>et\u00a0<strong>organiser\u00a0<\/strong>les bo\u00eetes, les conteneurs de stockage et les documents<\/li>\n<li>Couramment utilis\u00e9 pour\u00a0<strong>protection temporaire des surfaces<\/strong>\u00a0pendant\u00a0<strong>peinture murale<\/strong>,\u00a0<strong>protection des tapis<\/strong>et\u00a0<strong>remise \u00e0 neuf de meubles<\/strong><\/li>\n<li>Id\u00e9al pour\u00a0<strong>arts et artisanat<\/strong>,\u00a0<strong>projets de peinture<\/strong>et de cr\u00e9er des lignes nettes pendant\u00a0<strong>t\u00e2ches d\u00e9coratives<\/strong><\/li>\n<li>Convient pour une utilisation sur une vari\u00e9t\u00e9 de surfaces :\u00a0<strong>murs<\/strong>,\u00a0<strong>bois<\/strong>,\u00a0<strong>plastique<\/strong>,\u00a0<strong>verre<\/strong>,\u00a0<strong>m\u00e9tal<\/strong>et\u00a0<strong>carton<\/strong><\/li>\n<li><strong>Masquage temporaire<\/strong>\u00a0pour\u00a0<strong>travaux de peinture<\/strong>,\u00a0<strong>pr\u00e9paration du mur<\/strong>et\u00a0<strong>application du mastic<\/strong><\/li>\n<li><strong>ruban de masquage<\/strong>\u00a0utilis\u00e9 pour\u00a0<strong>encadrement<\/strong>,\u00a0<strong>peinture de toiles<\/strong>et\u00a0<strong>projets d'artisanat<\/strong><\/li>\n<\/ul>\n<\/div>\n<\/div>\n<\/div>\n<\/div>\n<\/div>\n<\/div>\n<\/div>\n<\/div>\n<p><img fetchpriority=\"high\" decoding=\"async\" class=\"alignnone size-full wp-image-6302\" src=\"https:\/\/www.wingtaitape.com\/wp-content\/uploads\/2023\/09\/Masking-tape-d_01.jpg\" alt=\"Ruban adh\u00e9sif\" width=\"790\" height=\"1262\" srcset=\"https:\/\/www.wingtaitape.com\/wp-content\/uploads\/2023\/09\/Masking-tape-d_01.jpg 790w, https:\/\/www.wingtaitape.com\/wp-content\/uploads\/2023\/09\/Masking-tape-d_01-376x600.jpg 376w, https:\/\/www.wingtaitape.com\/wp-content\/uploads\/2023\/09\/Masking-tape-d_01-641x1024.jpg 641w, https:\/\/www.wingtaitape.com\/wp-content\/uploads\/2023\/09\/Masking-tape-d_01-768x1227.jpg 768w, https:\/\/www.wingtaitape.com\/wp-content\/uploads\/2023\/09\/Masking-tape-d_01-8x12.jpg 8w, https:\/\/www.wingtaitape.com\/wp-content\/uploads\/2023\/09\/Masking-tape-d_01-600x958.jpg 600w\" sizes=\"(max-width: 790px) 100vw, 790px\" \/> <img decoding=\"async\" class=\"alignnone size-full wp-image-6303\" src=\"https:\/\/www.wingtaitape.com\/wp-content\/uploads\/2023\/09\/Masking-tape-d_02.jpg\" alt=\"Ruban adh\u00e9sif\" width=\"790\" height=\"930\" srcset=\"https:\/\/www.wingtaitape.com\/wp-content\/uploads\/2023\/09\/Masking-tape-d_02.jpg 790w, https:\/\/www.wingtaitape.com\/wp-content\/uploads\/2023\/09\/Masking-tape-d_02-510x600.jpg 510w, https:\/\/www.wingtaitape.com\/wp-content\/uploads\/2023\/09\/Masking-tape-d_02-768x904.jpg 768w, https:\/\/www.wingtaitape.com\/wp-content\/uploads\/2023\/09\/Masking-tape-d_02-10x12.jpg 10w, https:\/\/www.wingtaitape.com\/wp-content\/uploads\/2023\/09\/Masking-tape-d_02-600x706.jpg 600w\" sizes=\"(max-width: 790px) 100vw, 790px\" \/> <img decoding=\"async\" class=\"alignnone size-full wp-image-6304\" src=\"https:\/\/www.wingtaitape.com\/wp-content\/uploads\/2023\/09\/Masking-tape-d_03.jpg\" alt=\"Ruban adh\u00e9sif\" width=\"790\" height=\"1090\" srcset=\"https:\/\/www.wingtaitape.com\/wp-content\/uploads\/2023\/09\/Masking-tape-d_03.jpg 790w, https:\/\/www.wingtaitape.com\/wp-content\/uploads\/2023\/09\/Masking-tape-d_03-435x600.jpg 435w, https:\/\/www.wingtaitape.com\/wp-content\/uploads\/2023\/09\/Masking-tape-d_03-742x1024.jpg 742w, https:\/\/www.wingtaitape.com\/wp-content\/uploads\/2023\/09\/Masking-tape-d_03-768x1060.jpg 768w, https:\/\/www.wingtaitape.com\/wp-content\/uploads\/2023\/09\/Masking-tape-d_03-9x12.jpg 9w, https:\/\/www.wingtaitape.com\/wp-content\/uploads\/2023\/09\/Masking-tape-d_03-600x828.jpg 600w\" sizes=\"(max-width: 790px) 100vw, 790px\" \/> <img loading=\"lazy\" decoding=\"async\" class=\"alignnone size-full wp-image-6305\" src=\"https:\/\/www.wingtaitape.com\/wp-content\/uploads\/2023\/09\/Masking-tape-d_04.jpg\" alt=\"Ruban adh\u00e9sif\" width=\"790\" height=\"1028\" srcset=\"https:\/\/www.wingtaitape.com\/wp-content\/uploads\/2023\/09\/Masking-tape-d_04.jpg 790w, https:\/\/www.wingtaitape.com\/wp-content\/uploads\/2023\/09\/Masking-tape-d_04-461x600.jpg 461w, https:\/\/www.wingtaitape.com\/wp-content\/uploads\/2023\/09\/Masking-tape-d_04-787x1024.jpg 787w, https:\/\/www.wingtaitape.com\/wp-content\/uploads\/2023\/09\/Masking-tape-d_04-768x999.jpg 768w, https:\/\/www.wingtaitape.com\/wp-content\/uploads\/2023\/09\/Masking-tape-d_04-9x12.jpg 9w, https:\/\/www.wingtaitape.com\/wp-content\/uploads\/2023\/09\/Masking-tape-d_04-600x781.jpg 600w\" sizes=\"(max-width: 790px) 100vw, 790px\" \/> <img loading=\"lazy\" decoding=\"async\" class=\"alignnone size-full wp-image-6306\" src=\"https:\/\/www.wingtaitape.com\/wp-content\/uploads\/2023\/09\/Masking-tape-d_05.jpg\" alt=\"Ruban adh\u00e9sif\" width=\"790\" height=\"1068\" srcset=\"https:\/\/www.wingtaitape.com\/wp-content\/uploads\/2023\/09\/Masking-tape-d_05.jpg 790w, https:\/\/www.wingtaitape.com\/wp-content\/uploads\/2023\/09\/Masking-tape-d_05-444x600.jpg 444w, https:\/\/www.wingtaitape.com\/wp-content\/uploads\/2023\/09\/Masking-tape-d_05-757x1024.jpg 757w, https:\/\/www.wingtaitape.com\/wp-content\/uploads\/2023\/09\/Masking-tape-d_05-768x1038.jpg 768w, https:\/\/www.wingtaitape.com\/wp-content\/uploads\/2023\/09\/Masking-tape-d_05-9x12.jpg 9w, https:\/\/www.wingtaitape.com\/wp-content\/uploads\/2023\/09\/Masking-tape-d_05-600x811.jpg 600w\" sizes=\"(max-width: 790px) 100vw, 790px\" \/> <img loading=\"lazy\" decoding=\"async\" class=\"alignnone size-full wp-image-6307\" src=\"https:\/\/www.wingtaitape.com\/wp-content\/uploads\/2023\/09\/Masking-tape-d_06.jpg\" alt=\"Ruban adh\u00e9sif\" width=\"790\" height=\"1089\" srcset=\"https:\/\/www.wingtaitape.com\/wp-content\/uploads\/2023\/09\/Masking-tape-d_06.jpg 790w, https:\/\/www.wingtaitape.com\/wp-content\/uploads\/2023\/09\/Masking-tape-d_06-435x600.jpg 435w, https:\/\/www.wingtaitape.com\/wp-content\/uploads\/2023\/09\/Masking-tape-d_06-743x1024.jpg 743w, https:\/\/www.wingtaitape.com\/wp-content\/uploads\/2023\/09\/Masking-tape-d_06-768x1059.jpg 768w, https:\/\/www.wingtaitape.com\/wp-content\/uploads\/2023\/09\/Masking-tape-d_06-9x12.jpg 9w, https:\/\/www.wingtaitape.com\/wp-content\/uploads\/2023\/09\/Masking-tape-d_06-600x827.jpg 600w\" sizes=\"(max-width: 790px) 100vw, 790px\" \/> <img loading=\"lazy\" decoding=\"async\" class=\"alignnone size-full wp-image-6308\" src=\"https:\/\/www.wingtaitape.com\/wp-content\/uploads\/2023\/09\/Masking-tape-d_07.jpg\" alt=\"\" width=\"790\" height=\"918\" srcset=\"https:\/\/www.wingtaitape.com\/wp-content\/uploads\/2023\/09\/Masking-tape-d_07.jpg 790w, https:\/\/www.wingtaitape.com\/wp-content\/uploads\/2023\/09\/Masking-tape-d_07-516x600.jpg 516w, https:\/\/www.wingtaitape.com\/wp-content\/uploads\/2023\/09\/Masking-tape-d_07-768x892.jpg 768w, https:\/\/www.wingtaitape.com\/wp-content\/uploads\/2023\/09\/Masking-tape-d_07-10x12.jpg 10w, https:\/\/www.wingtaitape.com\/wp-content\/uploads\/2023\/09\/Masking-tape-d_07-600x697.jpg 600w\" sizes=\"(max-width: 790px) 100vw, 790px\" \/> <img loading=\"lazy\" decoding=\"async\" class=\"alignnone size-full wp-image-6309\" src=\"https:\/\/www.wingtaitape.com\/wp-content\/uploads\/2023\/09\/Masking-tape-d_08.jpg\" alt=\"\" width=\"790\" height=\"1106\" srcset=\"https:\/\/www.wingtaitape.com\/wp-content\/uploads\/2023\/09\/Masking-tape-d_08.jpg 790w, https:\/\/www.wingtaitape.com\/wp-content\/uploads\/2023\/09\/Masking-tape-d_08-429x600.jpg 429w, https:\/\/www.wingtaitape.com\/wp-content\/uploads\/2023\/09\/Masking-tape-d_08-731x1024.jpg 731w, https:\/\/www.wingtaitape.com\/wp-content\/uploads\/2023\/09\/Masking-tape-d_08-768x1075.jpg 768w, https:\/\/www.wingtaitape.com\/wp-content\/uploads\/2023\/09\/Masking-tape-d_08-9x12.jpg 9w, https:\/\/www.wingtaitape.com\/wp-content\/uploads\/2023\/09\/Masking-tape-d_08-600x840.jpg 600w\" sizes=\"(max-width: 790px) 100vw, 790px\" \/> <img loading=\"lazy\" decoding=\"async\" class=\"alignnone size-full wp-image-6310\" src=\"https:\/\/www.wingtaitape.com\/wp-content\/uploads\/2023\/09\/Masking-tape-d_09.jpg\" alt=\"\" width=\"790\" height=\"1222\" srcset=\"https:\/\/www.wingtaitape.com\/wp-content\/uploads\/2023\/09\/Masking-tape-d_09.jpg 790w, https:\/\/www.wingtaitape.com\/wp-content\/uploads\/2023\/09\/Masking-tape-d_09-388x600.jpg 388w, https:\/\/www.wingtaitape.com\/wp-content\/uploads\/2023\/09\/Masking-tape-d_09-662x1024.jpg 662w, https:\/\/www.wingtaitape.com\/wp-content\/uploads\/2023\/09\/Masking-tape-d_09-768x1188.jpg 768w, https:\/\/www.wingtaitape.com\/wp-content\/uploads\/2023\/09\/Masking-tape-d_09-8x12.jpg 8w, https:\/\/www.wingtaitape.com\/wp-content\/uploads\/2023\/09\/Masking-tape-d_09-600x928.jpg 600w\" sizes=\"(max-width: 790px) 100vw, 790px\" \/> <img loading=\"lazy\" decoding=\"async\" class=\"alignnone size-full wp-image-6311\" src=\"https:\/\/www.wingtaitape.com\/wp-content\/uploads\/2023\/09\/Masking-tape-d_10.jpg\" alt=\"\" width=\"790\" height=\"1152\" srcset=\"https:\/\/www.wingtaitape.com\/wp-content\/uploads\/2023\/09\/Masking-tape-d_10.jpg 790w, https:\/\/www.wingtaitape.com\/wp-content\/uploads\/2023\/09\/Masking-tape-d_10-411x600.jpg 411w, https:\/\/www.wingtaitape.com\/wp-content\/uploads\/2023\/09\/Masking-tape-d_10-702x1024.jpg 702w, https:\/\/www.wingtaitape.com\/wp-content\/uploads\/2023\/09\/Masking-tape-d_10-768x1120.jpg 768w, https:\/\/www.wingtaitape.com\/wp-content\/uploads\/2023\/09\/Masking-tape-d_10-8x12.jpg 8w, https:\/\/www.wingtaitape.com\/wp-content\/uploads\/2023\/09\/Masking-tape-d_10-600x875.jpg 600w\" sizes=\"(max-width: 790px) 100vw, 790px\" \/> <img loading=\"lazy\" decoding=\"async\" class=\"alignnone size-full wp-image-6312\" src=\"https:\/\/www.wingtaitape.com\/wp-content\/uploads\/2023\/09\/Masking-tape-d_11.jpg\" alt=\"\" width=\"790\" height=\"964\" srcset=\"https:\/\/www.wingtaitape.com\/wp-content\/uploads\/2023\/09\/Masking-tape-d_11.jpg 790w, https:\/\/www.wingtaitape.com\/wp-content\/uploads\/2023\/09\/Masking-tape-d_11-492x600.jpg 492w, https:\/\/www.wingtaitape.com\/wp-content\/uploads\/2023\/09\/Masking-tape-d_11-768x937.jpg 768w, https:\/\/www.wingtaitape.com\/wp-content\/uploads\/2023\/09\/Masking-tape-d_11-10x12.jpg 10w, https:\/\/www.wingtaitape.com\/wp-content\/uploads\/2023\/09\/Masking-tape-d_11-600x732.jpg 600w\" sizes=\"(max-width: 790px) 100vw, 790px\" \/> <img loading=\"lazy\" decoding=\"async\" class=\"alignnone size-full wp-image-6313\" src=\"https:\/\/www.wingtaitape.com\/wp-content\/uploads\/2023\/09\/Masking-tape-d_12.jpg\" alt=\"\" width=\"790\" height=\"932\" srcset=\"https:\/\/www.wingtaitape.com\/wp-content\/uploads\/2023\/09\/Masking-tape-d_12.jpg 790w, https:\/\/www.wingtaitape.com\/wp-content\/uploads\/2023\/09\/Masking-tape-d_12-509x600.jpg 509w, https:\/\/www.wingtaitape.com\/wp-content\/uploads\/2023\/09\/Masking-tape-d_12-768x906.jpg 768w, https:\/\/www.wingtaitape.com\/wp-content\/uploads\/2023\/09\/Masking-tape-d_12-10x12.jpg 10w, https:\/\/www.wingtaitape.com\/wp-content\/uploads\/2023\/09\/Masking-tape-d_12-600x708.jpg 600w\" sizes=\"(max-width: 790px) 100vw, 790px\" \/><\/p>\n<p>&nbsp;<\/p>","protected":false},"excerpt":{"rendered":"<ul>\n<li>Facile \u00e0 d\u00e9chirer, sans r\u00e9sidu, r\u00e9sistant jusqu'\u00e0 75 degr\u00e9s Celsius.<\/li>\n<\/ul>","protected":false},"featured_media":3088,"template":"","meta":{"slim_seo":{"title":"Ruban de masquage \u00e0 usage g\u00e9n\u00e9ral - Ruban adh\u00e9sif - Fabricant, Fournisseur, Exportateur | WINGTAI","description":"Le ruban de masquage Wingtai est facile \u00e0 d\u00e9chirer, ne laisse pas de r\u00e9sidus et r\u00e9siste \u00e0 des temp\u00e9ratures allant jusqu'\u00e0 75 degr\u00e9s Celsius."}},"product_brand":[],"product_cat":[47,48],"product_tag":[],"class_list":{"0":"post-2815","1":"product","2":"type-product","3":"status-publish","4":"has-post-thumbnail","6":"product_cat-masking-paper-tapes","7":"product_cat-masking-tapes","9":"first","10":"instock","11":"shipping-taxable","12":"product-type-simple"},"_links":{"self":[{"href":"https:\/\/www.wingtaitape.com\/fr\/wp-json\/wp\/v2\/product\/2815","targetHints":{"allow":["GET"]}}],"collection":[{"href":"https:\/\/www.wingtaitape.com\/fr\/wp-json\/wp\/v2\/product"}],"about":[{"href":"https:\/\/www.wingtaitape.com\/fr\/wp-json\/wp\/v2\/types\/product"}],"wp:featuredmedia":[{"embeddable":true,"href":"https:\/\/www.wingtaitape.com\/fr\/wp-json\/wp\/v2\/media\/3088"}],"wp:attachment":[{"href":"https:\/\/www.wingtaitape.com\/fr\/wp-json\/wp\/v2\/media?parent=2815"}],"wp:term":[{"taxonomy":"product_brand","embeddable":true,"href":"https:\/\/www.wingtaitape.com\/fr\/wp-json\/wp\/v2\/product_brand?post=2815"},{"taxonomy":"product_cat","embeddable":true,"href":"https:\/\/www.wingtaitape.com\/fr\/wp-json\/wp\/v2\/product_cat?post=2815"},{"taxonomy":"product_tag","embeddable":true,"href":"https:\/\/www.wingtaitape.com\/fr\/wp-json\/wp\/v2\/product_tag?post=2815"}],"curies":[{"name":"wp","href":"https:\/\/api.w.org\/{rel}","templated":true}]}}