{"id":2820,"date":"2023-09-03T02:19:55","date_gmt":"2023-09-03T02:19:55","guid":{"rendered":"https:\/\/www.wingtaitape.com\/?post_type=product&#038;p=2820"},"modified":"2024-07-23T16:12:48","modified_gmt":"2024-07-23T08:12:48","slug":"bande-de-membrane-impermeable","status":"publish","type":"product","link":"https:\/\/www.wingtaitape.com\/fr\/produit\/bande-de-membrane-impermeable\/","title":{"rendered":"Ruban de membrane imperm\u00e9able"},"content":{"rendered":"<h4><span style=\"font-family: 'Open Sans';\">Caract\u00e9ristiques principales<\/span><\/h4>\n<ul>\n<li>Un excellent \u00e9quilibre entre le pouvoir d'adh\u00e9rence et les performances de collage<\/li>\n<li>Adh\u00e9sion suffisante m\u00eame sur des surfaces critiques telles que diverses mousses et mat\u00e9riaux en caoutchouc et \u00e0 des temp\u00e9ratures \u00e9lev\u00e9es<\/li>\n<li>Pouvoir adh\u00e9sif initial \u00e9lev\u00e9 pour une adh\u00e9rence imm\u00e9diate \u00e0 la surface de collage<\/li>\n<\/ul>\n<h4><span style=\"font-family: 'Open Sans';\">Application<\/span><\/h4>\n<ul>\n<li>Fixation de feuilles r\u00e9fl\u00e9chissantes utilis\u00e9es pour les modules de r\u00e9tro\u00e9clairage LCD des appareils photo num\u00e9riques et des t\u00e9l\u00e9phones cellulaires ;<\/li>\n<li>Montage de composants dans les appareils \u00e9lectroniques<\/li>\n<li>Montage de plaques signal\u00e9tiques, de badges et de panneaux lumineux<\/li>\n<li>Montage de profil\u00e9s d\u00e9coratifs et de moulures dans l'industrie du meuble<\/li>\n<\/ul>\n<p><strong>Produit alternatif de\u00a0<\/strong><\/p>\n<ul>\n<li>Tesa4983, 4972, 4980, 4982, 4928, 4967, 4965, 4970, 4968<\/li>\n<li>3M9009, 9019, 9500<\/li>\n<li>Nitto5603, 5605, 5680, 5610, 5612<\/li>\n<\/ul>\n<p><img fetchpriority=\"high\" decoding=\"async\" class=\"alignnone size-full wp-image-6081\" src=\"https:\/\/www.wingtaitape.com\/wp-content\/uploads\/2023\/09\/film-switch-double-sided-tape-600x450-1.jpg\" alt=\"film-switch-bande double-face\" width=\"600\" height=\"450\" srcset=\"https:\/\/www.wingtaitape.com\/wp-content\/uploads\/2023\/09\/film-switch-double-sided-tape-600x450-1.jpg 600w, https:\/\/www.wingtaitape.com\/wp-content\/uploads\/2023\/09\/film-switch-double-sided-tape-600x450-1-16x12.jpg 16w\" sizes=\"(max-width: 600px) 100vw, 600px\" \/><\/p>\n<p>&nbsp;<\/p>\n<p>&nbsp;<\/p>","protected":false},"excerpt":{"rendered":"<ul>\n<li>Le film adh\u00e9sif double face est un ruban adh\u00e9sif double face transparent compos\u00e9 d'un support PET et d'un adh\u00e9sif acrylique coll\u00e9.<\/li>\n<\/ul>","protected":false},"featured_media":3127,"template":"","meta":{"slim_seo":{"title":"Ruban de membrane imperm\u00e9able - Ruban adh\u00e9sif - Fabricant, Fournisseur, Exportateur | WINGTAI","description":"Le ruban double face industriel offre un pouvoir adh\u00e9sif sup\u00e9rieur et une excellente fixation des pi\u00e8ces. Il pr\u00e9sente de bonnes propri\u00e9t\u00e9s de collage des substrats."}},"product_brand":[],"product_cat":[32,35,43,49],"product_tag":[],"class_list":{"0":"post-2820","1":"product","2":"type-product","3":"status-publish","4":"has-post-thumbnail","6":"product_cat-bonding-mounting","7":"product_cat-double-coated-tapes","8":"product_cat-industrial-tape","9":"product_cat-membrane-switch-spacers","11":"first","12":"instock","13":"shipping-taxable","14":"product-type-simple"},"_links":{"self":[{"href":"https:\/\/www.wingtaitape.com\/fr\/wp-json\/wp\/v2\/product\/2820","targetHints":{"allow":["GET"]}}],"collection":[{"href":"https:\/\/www.wingtaitape.com\/fr\/wp-json\/wp\/v2\/product"}],"about":[{"href":"https:\/\/www.wingtaitape.com\/fr\/wp-json\/wp\/v2\/types\/product"}],"wp:featuredmedia":[{"embeddable":true,"href":"https:\/\/www.wingtaitape.com\/fr\/wp-json\/wp\/v2\/media\/3127"}],"wp:attachment":[{"href":"https:\/\/www.wingtaitape.com\/fr\/wp-json\/wp\/v2\/media?parent=2820"}],"wp:term":[{"taxonomy":"product_brand","embeddable":true,"href":"https:\/\/www.wingtaitape.com\/fr\/wp-json\/wp\/v2\/product_brand?post=2820"},{"taxonomy":"product_cat","embeddable":true,"href":"https:\/\/www.wingtaitape.com\/fr\/wp-json\/wp\/v2\/product_cat?post=2820"},{"taxonomy":"product_tag","embeddable":true,"href":"https:\/\/www.wingtaitape.com\/fr\/wp-json\/wp\/v2\/product_tag?post=2820"}],"curies":[{"name":"wp","href":"https:\/\/api.w.org\/{rel}","templated":true}]}}