{"id":2824,"date":"2023-09-03T02:27:42","date_gmt":"2023-09-03T02:27:42","guid":{"rendered":"https:\/\/www.wingtaitape.com\/?post_type=product&#038;p=2824"},"modified":"2024-01-31T11:52:27","modified_gmt":"2024-01-31T03:52:27","slug":"ruban-de-papeterie-3-pouces","status":"publish","type":"product","link":"https:\/\/www.wingtaitape.com\/fr\/produit\/ruban-de-papeterie-3-pouces\/","title":{"rendered":"Ruban adh\u00e9sif de papeterie Premium 3\u2033 core"},"content":{"rendered":"<h4><span style=\"font-family: 'Open Sans';\">Caract\u00e9ristiques principales<\/span><\/h4>\n<ul>\n<li>Forte adh\u00e9rence<\/li>\n<li>Non toxique et inodore, facile \u00e0 utiliser.<\/li>\n<\/ul>\n<p>&nbsp;<\/p>\n<h4><span style=\"font-family: 'Open Sans';\">Application<\/span><\/h4>\n<ul>\n<li>Convient pour le scellage et l'emballage dans les industries l\u00e9g\u00e8res.<\/li>\n<li>Le ruban adh\u00e9sif de couleur est adapt\u00e9 aux marques class\u00e9es.<\/li>\n<\/ul>","protected":false},"excerpt":{"rendered":"<ul>\n<li>Forte adh\u00e9rence<\/li>\n<li>Non toxique et inodore, facile \u00e0 utiliser.<\/li>\n<\/ul>","protected":false},"featured_media":3933,"template":"","meta":{"slim_seo":{"title":"Ruban de papeterie Premium 3\" core - Ruban adh\u00e9sif - Fabricant, Fournisseur, Exportateur | WINGTAI","description":"Le ruban adh\u00e9sif pour articles de papeterie a une forte adh\u00e9rence, est non toxique et inodore, et est facile \u00e0 utiliser."}},"product_brand":[],"product_cat":[51],"product_tag":[],"class_list":{"0":"post-2824","1":"product","2":"type-product","3":"status-publish","4":"has-post-thumbnail","6":"product_cat-office-tapes","8":"first","9":"instock","10":"shipping-taxable","11":"product-type-simple"},"_links":{"self":[{"href":"https:\/\/www.wingtaitape.com\/fr\/wp-json\/wp\/v2\/product\/2824","targetHints":{"allow":["GET"]}}],"collection":[{"href":"https:\/\/www.wingtaitape.com\/fr\/wp-json\/wp\/v2\/product"}],"about":[{"href":"https:\/\/www.wingtaitape.com\/fr\/wp-json\/wp\/v2\/types\/product"}],"wp:featuredmedia":[{"embeddable":true,"href":"https:\/\/www.wingtaitape.com\/fr\/wp-json\/wp\/v2\/media\/3933"}],"wp:attachment":[{"href":"https:\/\/www.wingtaitape.com\/fr\/wp-json\/wp\/v2\/media?parent=2824"}],"wp:term":[{"taxonomy":"product_brand","embeddable":true,"href":"https:\/\/www.wingtaitape.com\/fr\/wp-json\/wp\/v2\/product_brand?post=2824"},{"taxonomy":"product_cat","embeddable":true,"href":"https:\/\/www.wingtaitape.com\/fr\/wp-json\/wp\/v2\/product_cat?post=2824"},{"taxonomy":"product_tag","embeddable":true,"href":"https:\/\/www.wingtaitape.com\/fr\/wp-json\/wp\/v2\/product_tag?post=2824"}],"curies":[{"name":"wp","href":"https:\/\/api.w.org\/{rel}","templated":true}]}}