{"id":2825,"date":"2023-09-03T02:33:32","date_gmt":"2023-09-03T02:33:32","guid":{"rendered":"https:\/\/www.wingtaitape.com\/?post_type=product&#038;p=2825"},"modified":"2023-12-10T21:31:56","modified_gmt":"2023-12-10T13:31:56","slug":"distributeur-de-ruban-demballage-en-plastique","status":"publish","type":"product","link":"https:\/\/www.wingtaitape.com\/fr\/produit\/distributeur-de-ruban-demballage-en-plastique\/","title":{"rendered":"Distributeur de ruban d'emballage - plastique"},"content":{"rendered":"<h4><span style=\"font-family: 'Open Sans';\">Caract\u00e9ristiques principales<\/span><\/h4>\n<ul>\n<li>Pointu, l\u00e9ger et durable,<\/li>\n<li>simple et pratique \u00e0 utiliser.<\/li>\n<\/ul>\n<p>&nbsp;<\/p>\n<h4><span style=\"font-family: 'Open Sans';\">Application<\/span><\/h4>\n<ul>\n<li>Le meilleur outil pour sceller les cartons et les emballages.<\/li>\n<\/ul>","protected":false},"excerpt":{"rendered":"<ul>\n<li>Pointu, l\u00e9ger et durable,<\/li>\n<li>Simple et pratique \u00e0 utiliser.<\/li>\n<\/ul>","protected":false},"featured_media":3084,"template":"","meta":{"slim_seo":{"title":"Distributeur de ruban d'emballage - plastique - Ruban adh\u00e9sif - Fabricant, Fournisseur, Exportateur | WINGTAI","description":"Le distributeur de ruban d'emballage est pointu, l\u00e9ger et durable, simple et pratique \u00e0 utiliser."}},"product_brand":[],"product_cat":[34],"product_tag":[],"class_list":{"0":"post-2825","1":"product","2":"type-product","3":"status-publish","4":"has-post-thumbnail","6":"product_cat-dispensers","8":"first","9":"instock","10":"shipping-taxable","11":"product-type-simple"},"_links":{"self":[{"href":"https:\/\/www.wingtaitape.com\/fr\/wp-json\/wp\/v2\/product\/2825","targetHints":{"allow":["GET"]}}],"collection":[{"href":"https:\/\/www.wingtaitape.com\/fr\/wp-json\/wp\/v2\/product"}],"about":[{"href":"https:\/\/www.wingtaitape.com\/fr\/wp-json\/wp\/v2\/types\/product"}],"wp:featuredmedia":[{"embeddable":true,"href":"https:\/\/www.wingtaitape.com\/fr\/wp-json\/wp\/v2\/media\/3084"}],"wp:attachment":[{"href":"https:\/\/www.wingtaitape.com\/fr\/wp-json\/wp\/v2\/media?parent=2825"}],"wp:term":[{"taxonomy":"product_brand","embeddable":true,"href":"https:\/\/www.wingtaitape.com\/fr\/wp-json\/wp\/v2\/product_brand?post=2825"},{"taxonomy":"product_cat","embeddable":true,"href":"https:\/\/www.wingtaitape.com\/fr\/wp-json\/wp\/v2\/product_cat?post=2825"},{"taxonomy":"product_tag","embeddable":true,"href":"https:\/\/www.wingtaitape.com\/fr\/wp-json\/wp\/v2\/product_tag?post=2825"}],"curies":[{"name":"wp","href":"https:\/\/api.w.org\/{rel}","templated":true}]}}