{"id":2829,"date":"2023-09-03T05:23:39","date_gmt":"2023-09-03T05:23:39","guid":{"rendered":"https:\/\/www.wingtaitape.com\/?post_type=product&#038;p=2829"},"modified":"2023-12-10T21:31:09","modified_gmt":"2023-12-10T13:31:09","slug":"scelleur-de-sacs-en-acier-inoxydable","status":"publish","type":"product","link":"https:\/\/www.wingtaitape.com\/fr\/produit\/scelleur-de-sacs-en-acier-inoxydable\/","title":{"rendered":"Scelleuse de sacs - Acier inoxydable"},"content":{"rendered":"<h4><span style=\"font-family: 'Open Sans';\">Caract\u00e9ristiques principales<\/span><\/h4>\n<ul>\n<li>Scelleur de sac pour ruban de scellage de sac en PVC, ruban de scellage de sac en OPP, pour ruban de 9mm, 12mm, diam\u00e8tre ext\u00e9rieur maximum 15cm.<\/li>\n<\/ul>\n<p>&nbsp;<\/p>\n<h4><span style=\"font-family: 'Open Sans';\">Chargement des insutrions<\/span><\/h4>\n<ol>\n<li>Placez le rouleau de ruban sur le mandrin situ\u00e9 \u00e0 l'arri\u00e8re de la machine. Placez le ruban de mani\u00e8re \u00e0 ce qu'il se d\u00e9tache du mandrin par le bas et que l'adh\u00e9sif soit orient\u00e9 vers le haut. Si le ruban est correctement install\u00e9, le rouleau de ruban tournera dans le sens des aiguilles d'une montre lorsque le ruban sera tir\u00e9.<\/li>\n<li>Tirez sur la bande de mani\u00e8re \u00e0 ce qu'elle d\u00e9passe l'ouverture du sac d'environ 2 cm. (voir figure 1)<\/li>\n<li>Prenez le col du sac et tordez-le. (voir figure 2)<\/li>\n<li>Prenez le sac et poussez-le vers le bas dans la zone d'ouverture de la soudeuse. (voir figure 3)<\/li>\n<li>Une fois le sac scell\u00e9, tirez-le sur le c\u00f4t\u00e9.<\/li>\n<li>R\u00e9p\u00e9ter le processus.<\/li>\n<\/ol>\n<p><img fetchpriority=\"high\" decoding=\"async\" class=\"alignnone wp-image-2397\" src=\"https:\/\/www.wingtaitape.com\/wp-content\/uploads\/2019\/11\/Loading-instructions-for-Bag-Neck-Sealers.jpg\" alt=\"\" width=\"616\" height=\"235\" \/><\/p>","protected":false},"excerpt":{"rendered":"<ul>\n<li>Scelleur de sac pour ruban de scellage de sac PVC, ruban de scellage de sac OPP, pour ruban 9mm, 12mm, diam\u00e8tre ext\u00e9rieur max. 15cm<\/li>\n<\/ul>","protected":false},"featured_media":3082,"template":"","meta":{"slim_seo":{"title":"Scelleuse de sacs - Acier inoxydable - Ruban adh\u00e9sif Fabricant, Fournisseur, Exportateur | WINGTAI","description":"Scelleur de sac pour ruban de scellage de sac PVC, ruban de scellage de sac OPP, pour ruban 9mm, 12mm, diam\u00e8tre ext\u00e9rieur max. 15cm"}},"product_brand":[],"product_cat":[34],"product_tag":[],"class_list":{"0":"post-2829","1":"product","2":"type-product","3":"status-publish","4":"has-post-thumbnail","6":"product_cat-dispensers","8":"first","9":"instock","10":"shipping-taxable","11":"product-type-simple"},"_links":{"self":[{"href":"https:\/\/www.wingtaitape.com\/fr\/wp-json\/wp\/v2\/product\/2829","targetHints":{"allow":["GET"]}}],"collection":[{"href":"https:\/\/www.wingtaitape.com\/fr\/wp-json\/wp\/v2\/product"}],"about":[{"href":"https:\/\/www.wingtaitape.com\/fr\/wp-json\/wp\/v2\/types\/product"}],"wp:featuredmedia":[{"embeddable":true,"href":"https:\/\/www.wingtaitape.com\/fr\/wp-json\/wp\/v2\/media\/3082"}],"wp:attachment":[{"href":"https:\/\/www.wingtaitape.com\/fr\/wp-json\/wp\/v2\/media?parent=2829"}],"wp:term":[{"taxonomy":"product_brand","embeddable":true,"href":"https:\/\/www.wingtaitape.com\/fr\/wp-json\/wp\/v2\/product_brand?post=2829"},{"taxonomy":"product_cat","embeddable":true,"href":"https:\/\/www.wingtaitape.com\/fr\/wp-json\/wp\/v2\/product_cat?post=2829"},{"taxonomy":"product_tag","embeddable":true,"href":"https:\/\/www.wingtaitape.com\/fr\/wp-json\/wp\/v2\/product_tag?post=2829"}],"curies":[{"name":"wp","href":"https:\/\/api.w.org\/{rel}","templated":true}]}}