{"id":2854,"date":"2023-09-10T05:15:57","date_gmt":"2023-09-10T05:15:57","guid":{"rendered":"https:\/\/www.wingtaitape.com\/?post_type=product&#038;p=2854"},"modified":"2025-04-12T15:18:26","modified_gmt":"2025-04-12T07:18:26","slug":"bande-filamentaire-a-haute-resistance-pour-le-nettoyage","status":"publish","type":"product","link":"https:\/\/www.wingtaitape.com\/fr\/produit\/bande-filamentaire-a-haute-resistance-pour-le-nettoyage\/","title":{"rendered":"Ruban filamentaire haute r\u00e9sistance pour le nettoyage"},"content":{"rendered":"<p><iframe title=\"Lecteur vid\u00e9o YouTube\" src=\"https:\/\/www.youtube.com\/embed\/-7agbhNiR1A?si=iS32psvH0OqBmkyo\" width=\"560\" height=\"315\" frameborder=\"0\" allowfullscreen=\"allowfullscreen\"><span data-mce-type=\"bookmark\" style=\"display: inline-block; width: 0px; overflow: hidden; line-height: 0;\" class=\"mce_SELRES_start\"><\/span><\/iframe><\/p>\n<h4><span style=\"font-family: 'Open Sans';\">Caract\u00e9ristiques principales<\/span><\/h4>\n<ul>\n<li>Ruban filamentaire mono-directionnel \u00e0 haute r\u00e9sistance<\/li>\n<li>Support en film PET avec renforcement en fibre de verre<\/li>\n<li>Ne laisse aucun r\u00e9sidu apr\u00e8s l'enl\u00e8vement<\/li>\n<li>Excellente r\u00e9sistance \u00e0 l'abrasion<\/li>\n<li>Adh\u00e9sif en caoutchouc synth\u00e9tique pour un collage solide<\/li>\n<\/ul>\n<p>&nbsp;<\/p>\n<h4><span style=\"font-family: Open Sans;\">Application<\/span><\/h4>\n<ul>\n<li>Mise en faisceau de c\u00e2bles m\u00e9talliques sur les ponts<\/li>\n<li>S\u00e9curisation des appareils \u00e9lectrom\u00e9nagers<\/li>\n<li>Assemblage de meubles<\/li>\n<li>Applications de l'industrie du laminage de l'acier<\/li>\n<li>Fermeture en L<\/li>\n<li>Regroupement de m\u00e9taux et de tuyaux<\/li>\n<li>Cerclage robuste<\/li>\n<\/ul>\n<h4>Donn\u00e9es techniques<\/h4>\n<p><img fetchpriority=\"high\" decoding=\"async\" class=\"alignnone size-full wp-image-6075\" src=\"https:\/\/www.wingtaitape.com\/wp-content\/uploads\/2023\/09\/Clean-removal-filament-tape-data-sheet.jpg\" alt=\"Feuille de donn\u00e9es sur les rubans de filaments pour l&#039;\u00e9limination des d\u00e9chets\" width=\"1531\" height=\"709\" srcset=\"https:\/\/www.wingtaitape.com\/wp-content\/uploads\/2023\/09\/Clean-removal-filament-tape-data-sheet.jpg 1531w, https:\/\/www.wingtaitape.com\/wp-content\/uploads\/2023\/09\/Clean-removal-filament-tape-data-sheet-600x278.jpg 600w, https:\/\/www.wingtaitape.com\/wp-content\/uploads\/2023\/09\/Clean-removal-filament-tape-data-sheet-1024x474.jpg 1024w, https:\/\/www.wingtaitape.com\/wp-content\/uploads\/2023\/09\/Clean-removal-filament-tape-data-sheet-768x356.jpg 768w, https:\/\/www.wingtaitape.com\/wp-content\/uploads\/2023\/09\/Clean-removal-filament-tape-data-sheet-18x8.jpg 18w, https:\/\/www.wingtaitape.com\/wp-content\/uploads\/2023\/09\/Clean-removal-filament-tape-data-sheet-800x370.jpg 800w\" sizes=\"(max-width: 1531px) 100vw, 1531px\" \/><\/p>\n<p><img decoding=\"async\" class=\"alignnone size-full wp-image-6367\" src=\"https:\/\/www.wingtaitape.com\/wp-content\/uploads\/2023\/09\/Filament-tape_01.jpg\" alt=\"ruban de filament\" width=\"790\" height=\"1104\" srcset=\"https:\/\/www.wingtaitape.com\/wp-content\/uploads\/2023\/09\/Filament-tape_01.jpg 790w, https:\/\/www.wingtaitape.com\/wp-content\/uploads\/2023\/09\/Filament-tape_01-429x600.jpg 429w, https:\/\/www.wingtaitape.com\/wp-content\/uploads\/2023\/09\/Filament-tape_01-733x1024.jpg 733w, https:\/\/www.wingtaitape.com\/wp-content\/uploads\/2023\/09\/Filament-tape_01-768x1073.jpg 768w, https:\/\/www.wingtaitape.com\/wp-content\/uploads\/2023\/09\/Filament-tape_01-9x12.jpg 9w, https:\/\/www.wingtaitape.com\/wp-content\/uploads\/2023\/09\/Filament-tape_01-600x838.jpg 600w\" sizes=\"(max-width: 790px) 100vw, 790px\" \/> <img decoding=\"async\" class=\"alignnone size-full wp-image-6368\" src=\"https:\/\/www.wingtaitape.com\/wp-content\/uploads\/2023\/09\/Filament-tape_02.jpg\" alt=\"ruban de filament\" width=\"790\" height=\"1404\" srcset=\"https:\/\/www.wingtaitape.com\/wp-content\/uploads\/2023\/09\/Filament-tape_02.jpg 790w, https:\/\/www.wingtaitape.com\/wp-content\/uploads\/2023\/09\/Filament-tape_02-338x600.jpg 338w, https:\/\/www.wingtaitape.com\/wp-content\/uploads\/2023\/09\/Filament-tape_02-576x1024.jpg 576w, https:\/\/www.wingtaitape.com\/wp-content\/uploads\/2023\/09\/Filament-tape_02-768x1365.jpg 768w, https:\/\/www.wingtaitape.com\/wp-content\/uploads\/2023\/09\/Filament-tape_02-7x12.jpg 7w, https:\/\/www.wingtaitape.com\/wp-content\/uploads\/2023\/09\/Filament-tape_02-600x1066.jpg 600w\" sizes=\"(max-width: 790px) 100vw, 790px\" \/> <img loading=\"lazy\" decoding=\"async\" class=\"alignnone size-full wp-image-6369\" src=\"https:\/\/www.wingtaitape.com\/wp-content\/uploads\/2023\/09\/Filament-tape_03.jpg\" alt=\"ruban de filament\" width=\"790\" height=\"866\" srcset=\"https:\/\/www.wingtaitape.com\/wp-content\/uploads\/2023\/09\/Filament-tape_03.jpg 790w, https:\/\/www.wingtaitape.com\/wp-content\/uploads\/2023\/09\/Filament-tape_03-547x600.jpg 547w, https:\/\/www.wingtaitape.com\/wp-content\/uploads\/2023\/09\/Filament-tape_03-768x842.jpg 768w, https:\/\/www.wingtaitape.com\/wp-content\/uploads\/2023\/09\/Filament-tape_03-11x12.jpg 11w, https:\/\/www.wingtaitape.com\/wp-content\/uploads\/2023\/09\/Filament-tape_03-600x658.jpg 600w\" sizes=\"(max-width: 790px) 100vw, 790px\" \/> <img loading=\"lazy\" decoding=\"async\" class=\"alignnone size-full wp-image-6370\" src=\"https:\/\/www.wingtaitape.com\/wp-content\/uploads\/2023\/09\/Filament-tape_04.jpg\" alt=\"ruban de filament\" width=\"790\" height=\"1343\" srcset=\"https:\/\/www.wingtaitape.com\/wp-content\/uploads\/2023\/09\/Filament-tape_04.jpg 790w, https:\/\/www.wingtaitape.com\/wp-content\/uploads\/2023\/09\/Filament-tape_04-353x600.jpg 353w, https:\/\/www.wingtaitape.com\/wp-content\/uploads\/2023\/09\/Filament-tape_04-602x1024.jpg 602w, https:\/\/www.wingtaitape.com\/wp-content\/uploads\/2023\/09\/Filament-tape_04-768x1306.jpg 768w, https:\/\/www.wingtaitape.com\/wp-content\/uploads\/2023\/09\/Filament-tape_04-7x12.jpg 7w, https:\/\/www.wingtaitape.com\/wp-content\/uploads\/2023\/09\/Filament-tape_04-600x1020.jpg 600w\" sizes=\"(max-width: 790px) 100vw, 790px\" \/> <img loading=\"lazy\" decoding=\"async\" class=\"alignnone size-full wp-image-6371\" src=\"https:\/\/www.wingtaitape.com\/wp-content\/uploads\/2023\/09\/Filament-tape_05.jpg\" alt=\"ruban de filament\" width=\"790\" height=\"1615\" srcset=\"https:\/\/www.wingtaitape.com\/wp-content\/uploads\/2023\/09\/Filament-tape_05.jpg 790w, https:\/\/www.wingtaitape.com\/wp-content\/uploads\/2023\/09\/Filament-tape_05-293x600.jpg 293w, https:\/\/www.wingtaitape.com\/wp-content\/uploads\/2023\/09\/Filament-tape_05-501x1024.jpg 501w, https:\/\/www.wingtaitape.com\/wp-content\/uploads\/2023\/09\/Filament-tape_05-768x1570.jpg 768w, https:\/\/www.wingtaitape.com\/wp-content\/uploads\/2023\/09\/Filament-tape_05-751x1536.jpg 751w, https:\/\/www.wingtaitape.com\/wp-content\/uploads\/2023\/09\/Filament-tape_05-6x12.jpg 6w, https:\/\/www.wingtaitape.com\/wp-content\/uploads\/2023\/09\/Filament-tape_05-600x1227.jpg 600w\" sizes=\"(max-width: 790px) 100vw, 790px\" \/> <img loading=\"lazy\" decoding=\"async\" class=\"alignnone size-full wp-image-6372\" src=\"https:\/\/www.wingtaitape.com\/wp-content\/uploads\/2023\/09\/Filament-tape_06.jpg\" alt=\"ruban de filament\" width=\"790\" height=\"1006\" srcset=\"https:\/\/www.wingtaitape.com\/wp-content\/uploads\/2023\/09\/Filament-tape_06.jpg 790w, https:\/\/www.wingtaitape.com\/wp-content\/uploads\/2023\/09\/Filament-tape_06-471x600.jpg 471w, https:\/\/www.wingtaitape.com\/wp-content\/uploads\/2023\/09\/Filament-tape_06-768x978.jpg 768w, https:\/\/www.wingtaitape.com\/wp-content\/uploads\/2023\/09\/Filament-tape_06-9x12.jpg 9w, https:\/\/www.wingtaitape.com\/wp-content\/uploads\/2023\/09\/Filament-tape_06-600x764.jpg 600w\" sizes=\"(max-width: 790px) 100vw, 790px\" \/> <img loading=\"lazy\" decoding=\"async\" class=\"alignnone size-full wp-image-6373\" src=\"https:\/\/www.wingtaitape.com\/wp-content\/uploads\/2023\/09\/Filament-tape_07.jpg\" alt=\"ruban de filament\" width=\"790\" height=\"1049\" srcset=\"https:\/\/www.wingtaitape.com\/wp-content\/uploads\/2023\/09\/Filament-tape_07.jpg 790w, https:\/\/www.wingtaitape.com\/wp-content\/uploads\/2023\/09\/Filament-tape_07-452x600.jpg 452w, https:\/\/www.wingtaitape.com\/wp-content\/uploads\/2023\/09\/Filament-tape_07-771x1024.jpg 771w, https:\/\/www.wingtaitape.com\/wp-content\/uploads\/2023\/09\/Filament-tape_07-768x1020.jpg 768w, https:\/\/www.wingtaitape.com\/wp-content\/uploads\/2023\/09\/Filament-tape_07-9x12.jpg 9w, https:\/\/www.wingtaitape.com\/wp-content\/uploads\/2023\/09\/Filament-tape_07-600x797.jpg 600w\" sizes=\"(max-width: 790px) 100vw, 790px\" \/> <img loading=\"lazy\" decoding=\"async\" class=\"alignnone size-full wp-image-6374\" src=\"https:\/\/www.wingtaitape.com\/wp-content\/uploads\/2023\/09\/Filament-tape_08.jpg\" alt=\"ruban de filament\" width=\"790\" height=\"1698\" srcset=\"https:\/\/www.wingtaitape.com\/wp-content\/uploads\/2023\/09\/Filament-tape_08.jpg 790w, https:\/\/www.wingtaitape.com\/wp-content\/uploads\/2023\/09\/Filament-tape_08-279x600.jpg 279w, https:\/\/www.wingtaitape.com\/wp-content\/uploads\/2023\/09\/Filament-tape_08-476x1024.jpg 476w, https:\/\/www.wingtaitape.com\/wp-content\/uploads\/2023\/09\/Filament-tape_08-768x1651.jpg 768w, https:\/\/www.wingtaitape.com\/wp-content\/uploads\/2023\/09\/Filament-tape_08-715x1536.jpg 715w, https:\/\/www.wingtaitape.com\/wp-content\/uploads\/2023\/09\/Filament-tape_08-6x12.jpg 6w, https:\/\/www.wingtaitape.com\/wp-content\/uploads\/2023\/09\/Filament-tape_08-600x1290.jpg 600w\" sizes=\"(max-width: 790px) 100vw, 790px\" \/> <img loading=\"lazy\" decoding=\"async\" class=\"alignnone size-full wp-image-6375\" src=\"https:\/\/www.wingtaitape.com\/wp-content\/uploads\/2023\/09\/Filament-tape_09.jpg\" alt=\"ruban de filament\" width=\"790\" height=\"810\" srcset=\"https:\/\/www.wingtaitape.com\/wp-content\/uploads\/2023\/09\/Filament-tape_09.jpg 790w, https:\/\/www.wingtaitape.com\/wp-content\/uploads\/2023\/09\/Filament-tape_09-585x600.jpg 585w, https:\/\/www.wingtaitape.com\/wp-content\/uploads\/2023\/09\/Filament-tape_09-768x787.jpg 768w, https:\/\/www.wingtaitape.com\/wp-content\/uploads\/2023\/09\/Filament-tape_09-12x12.jpg 12w, https:\/\/www.wingtaitape.com\/wp-content\/uploads\/2023\/09\/Filament-tape_09-600x615.jpg 600w\" sizes=\"(max-width: 790px) 100vw, 790px\" \/><\/p>","protected":false},"excerpt":{"rendered":"<ul>\n<li>Ruban filamentaire renforc\u00e9 transparent pour usage industriel. Rev\u00eatu d'un film PET et renforc\u00e9 par des fibres de verre, ce ruban filamentaire \u00e0 haute r\u00e9sistance offre une r\u00e9sistance \u00e0 la traction exceptionnelle.<\/li>\n<li>Id\u00e9al pour regrouper les c\u00e2bles m\u00e9talliques, s\u00e9curiser les appareils \u00e9lectrom\u00e9nagers, etc. Enl\u00e8vement propre, r\u00e9sistance \u00e0 l'humidit\u00e9 et forte adh\u00e9rence.<\/li>\n<\/ul>\n<p>&nbsp;<\/p>\n<table class=\"woocommerce-product-attributes shop_attributes\">\n<tbody>\n<tr class=\"woocommerce-product-attributes-item woocommerce-product-attributes-item--attribute_pa_total-thickness\">\n<th class=\"woocommerce-product-attributes-item__label\">Epaisseur totale<\/th>\n<td class=\"woocommerce-product-attributes-item__value\">0,150 mm<\/td>\n<\/tr>\n<tr class=\"woocommerce-product-attributes-item woocommerce-product-attributes-item--attribute_pa_fiberglass\">\n<th class=\"woocommerce-product-attributes-item__label\">Fibre de verre<\/th>\n<td class=\"woocommerce-product-attributes-item__value\">Mono-directionnel<\/td>\n<\/tr>\n<tr class=\"woocommerce-product-attributes-item woocommerce-product-attributes-item--attribute_pa_adhesive\">\n<th class=\"woocommerce-product-attributes-item__label\">Adh\u00e9sif<\/th>\n<td class=\"woocommerce-product-attributes-item__value\">Caoutchouc synth\u00e9tique<\/td>\n<\/tr>\n<tr class=\"woocommerce-product-attributes-item woocommerce-product-attributes-item--attribute_pa_backing\">\n<th class=\"woocommerce-product-attributes-item__label\">Soutien<\/th>\n<td class=\"woocommerce-product-attributes-item__value\">Film de polypropyl\u00e8ne<\/td>\n<\/tr>\n<tr class=\"woocommerce-product-attributes-item woocommerce-product-attributes-item--attribute_pa_color\">\n<th class=\"woocommerce-product-attributes-item__label\">Couleur<\/th>\n<td class=\"woocommerce-product-attributes-item__value\">Transparent<\/td>\n<\/tr>\n<\/tbody>\n<\/table>","protected":false},"featured_media":3077,"template":"","meta":{"slim_seo":{"title":"Ruban filamentaire de nettoyage \u00e0 haute r\u00e9sistance - Ruban adh\u00e9sif - Fabricant, Fournisseur, Exportateur | WINGTAI","description":"Ruban filamentaire industriel \u00e0 haute r\u00e9sistance \u00e0 la traction pour un retrait propre. Id\u00e9al pour la mise en paquet, la s\u00e9curisation et bien plus encore."}},"product_brand":[],"product_cat":[40],"product_tag":[39],"class_list":{"0":"post-2854","1":"product","2":"type-product","3":"status-publish","4":"has-post-thumbnail","6":"product_cat-filament-tapes","7":"product_tag-filament-tape","9":"first","10":"instock","11":"shipping-taxable","12":"product-type-simple"},"_links":{"self":[{"href":"https:\/\/www.wingtaitape.com\/fr\/wp-json\/wp\/v2\/product\/2854","targetHints":{"allow":["GET"]}}],"collection":[{"href":"https:\/\/www.wingtaitape.com\/fr\/wp-json\/wp\/v2\/product"}],"about":[{"href":"https:\/\/www.wingtaitape.com\/fr\/wp-json\/wp\/v2\/types\/product"}],"wp:featuredmedia":[{"embeddable":true,"href":"https:\/\/www.wingtaitape.com\/fr\/wp-json\/wp\/v2\/media\/3077"}],"wp:attachment":[{"href":"https:\/\/www.wingtaitape.com\/fr\/wp-json\/wp\/v2\/media?parent=2854"}],"wp:term":[{"taxonomy":"product_brand","embeddable":true,"href":"https:\/\/www.wingtaitape.com\/fr\/wp-json\/wp\/v2\/product_brand?post=2854"},{"taxonomy":"product_cat","embeddable":true,"href":"https:\/\/www.wingtaitape.com\/fr\/wp-json\/wp\/v2\/product_cat?post=2854"},{"taxonomy":"product_tag","embeddable":true,"href":"https:\/\/www.wingtaitape.com\/fr\/wp-json\/wp\/v2\/product_tag?post=2854"}],"curies":[{"name":"wp","href":"https:\/\/api.w.org\/{rel}","templated":true}]}}