{"id":2871,"date":"2023-09-17T01:55:35","date_gmt":"2023-09-17T01:55:35","guid":{"rendered":"https:\/\/www.wingtaitape.com\/?post_type=product&#038;p=2871"},"modified":"2023-12-27T10:19:24","modified_gmt":"2023-12-27T02:19:24","slug":"ruban-demballage-mat-avec-effet-antireflet","status":"publish","type":"product","link":"https:\/\/www.wingtaitape.com\/fr\/produit\/ruban-demballage-mat-avec-effet-antireflet\/","title":{"rendered":"Ruban d'emballage mat avec effet antireflet"},"content":{"rendered":"<h4><span style=\"font-family: 'Open Sans';\">Caract\u00e9ristiques principales<\/span><\/h4>\n<ul>\n<li>Finition mate, non r\u00e9fl\u00e9chissante<\/li>\n<li>Am\u00e9liore l'aspect des dessins imprim\u00e9s<\/li>\n<li>Offre une protection suppl\u00e9mentaire contre la lumi\u00e8re<\/li>\n<li>Id\u00e9al pour les marques haut de gamme<\/li>\n<\/ul>\n<p>&nbsp;<\/p>\n<h4><span style=\"font-family: 'Open Sans';\">Application<\/span><\/h4>\n<ul>\n<li>Marque et emballage<\/li>\n<li>Industrie alimentaire<\/li>\n<li>\u00c9lectronique<\/li>\n<li>Mode haut de gamme<\/li>\n<li>Emballage de produits de qualit\u00e9 sup\u00e9rieure<\/li>\n<\/ul>","protected":false},"excerpt":{"rendered":"<p>Notre ruban d'emballage mat, \u00e9galement connu sous le nom de ruban d'impression antireflet, est cr\u00e9\u00e9 en appliquant un adh\u00e9sif sensible \u00e0 la pression \u00e0 base d'eau sur un film mat, qui est ensuite s\u00e9ch\u00e9 et d\u00e9coup\u00e9 en bandes. Ce processus sp\u00e9cial permet l'absorption et la diffusion de la lumi\u00e8re, ce qui donne un effet non r\u00e9fl\u00e9chissant et finement textur\u00e9. Id\u00e9al pour le marquage et l'emballage, en particulier dans l'industrie alimentaire, l'\u00e9lectronique, la mode haut de gamme et les produits de qualit\u00e9 sup\u00e9rieure.<\/p>","protected":false},"featured_media":3075,"template":"","meta":{"slim_seo":{"title":"Ruban d'emballage mat avec effet anti-reflet - Ruban adh\u00e9sif - Fabricant, Fournisseur, Exportateur | WINGTAI","description":"D\u00e9couvrez notre ruban d'emballage mat avec effet antireflet pour des emballages haut de gamme non r\u00e9fl\u00e9chissants. Id\u00e9al pour les marques haut de gamme dans les secteurs de l'alimentation, de l'\u00e9lectronique et de la mode."}},"product_brand":[],"product_cat":[52],"product_tag":[],"class_list":{"0":"post-2871","1":"product","2":"type-product","3":"status-publish","4":"has-post-thumbnail","6":"product_cat-packaging-tapes","8":"first","9":"instock","10":"shipping-taxable","11":"product-type-simple"},"_links":{"self":[{"href":"https:\/\/www.wingtaitape.com\/fr\/wp-json\/wp\/v2\/product\/2871","targetHints":{"allow":["GET"]}}],"collection":[{"href":"https:\/\/www.wingtaitape.com\/fr\/wp-json\/wp\/v2\/product"}],"about":[{"href":"https:\/\/www.wingtaitape.com\/fr\/wp-json\/wp\/v2\/types\/product"}],"wp:featuredmedia":[{"embeddable":true,"href":"https:\/\/www.wingtaitape.com\/fr\/wp-json\/wp\/v2\/media\/3075"}],"wp:attachment":[{"href":"https:\/\/www.wingtaitape.com\/fr\/wp-json\/wp\/v2\/media?parent=2871"}],"wp:term":[{"taxonomy":"product_brand","embeddable":true,"href":"https:\/\/www.wingtaitape.com\/fr\/wp-json\/wp\/v2\/product_brand?post=2871"},{"taxonomy":"product_cat","embeddable":true,"href":"https:\/\/www.wingtaitape.com\/fr\/wp-json\/wp\/v2\/product_cat?post=2871"},{"taxonomy":"product_tag","embeddable":true,"href":"https:\/\/www.wingtaitape.com\/fr\/wp-json\/wp\/v2\/product_tag?post=2871"}],"curies":[{"name":"wp","href":"https:\/\/api.w.org\/{rel}","templated":true}]}}